{"id":9884,"date":"2024-04-04T20:16:25","date_gmt":"2024-04-04T17:16:25","guid":{"rendered":"http:\/\/edgars.tma-hosting.de\/?page_id=9884"},"modified":"2024-04-04T21:07:17","modified_gmt":"2024-04-04T18:07:17","slug":"programma-page-break-diena-1","status":"publish","type":"page","link":"https:\/\/kultura.jelgava.lv\/en\/programma-page-break-diena-1\/","title":{"rendered":"Programma PAGE BREAK diena 1"},"content":{"rendered":"<div data-elementor-type=\"wp-page\" data-elementor-id=\"9884\" class=\"elementor elementor-9884\" data-elementor-post-type=\"page\">\n\t\t\t\t\t\t<section class=\"elementor-section elementor-top-section elementor-element elementor-element-12451b2 elementor-section-full_width elementor-section-height-min-height elementor-section-height-default elementor-section-items-middle\" data-id=\"12451b2\" data-element_type=\"section\" data-e-type=\"section\" data-settings=\"{&quot;background_background&quot;:&quot;classic&quot;}\">\n\t\t\t\t\t\t\t<div class=\"elementor-background-overlay\"><\/div>\n\t\t\t\t\t\t\t<div class=\"elementor-container elementor-column-gap-no\">\n\t\t\t\t\t<div class=\"elementor-column elementor-col-100 elementor-top-column elementor-element elementor-element-ce4b85f\" data-id=\"ce4b85f\" data-element_type=\"column\" data-e-type=\"column\">\n\t\t\t<div class=\"elementor-widget-wrap elementor-element-populated\">\n\t\t\t\t\t\t<div class=\"elementor-element elementor-element-6024d57 animated-slow elementor-invisible elementor-widget elementor-widget-heading\" data-id=\"6024d57\" data-element_type=\"widget\" data-e-type=\"widget\" data-settings=\"{&quot;_animation&quot;:&quot;fadeIn&quot;,&quot;_animation_delay&quot;:300}\" data-widget_type=\"heading.default\">\n\t\t\t\t<div class=\"elementor-widget-container\">\n\t\t\t\t\t<h1 class=\"elementor-heading-title elementor-size-default\">Program<\/h1>\t\t\t\t<\/div>\n\t\t\t\t<\/div>\n\t\t\t\t\t<\/div>\n\t\t<\/div>\n\t\t\t\t\t<\/div>\n\t\t<\/section>\n\t\t<div class=\"elementor-element elementor-element-5de7a05 e-flex e-con-boxed e-con e-parent\" data-id=\"5de7a05\" data-element_type=\"container\" data-e-type=\"container\" data-settings=\"{&quot;background_background&quot;:&quot;classic&quot;}\">\n\t\t\t\t\t<div class=\"e-con-inner\">\n\t\t\t\t<div class=\"elementor-element elementor-element-3a2dce5 elementor-nav-menu--dropdown-none elementor-nav-menu__align-center elementor-widget elementor-widget-nav-menu\" data-id=\"3a2dce5\" data-element_type=\"widget\" data-e-type=\"widget\" data-settings=\"{&quot;layout&quot;:&quot;horizontal&quot;,&quot;submenu_icon&quot;:{&quot;value&quot;:&quot;&lt;svg aria-hidden=\\&quot;true\\&quot; class=\\&quot;e-font-icon-svg e-fas-caret-down\\&quot; viewBox=\\&quot;0 0 320 512\\&quot; xmlns=\\&quot;http:\\\/\\\/www.w3.org\\\/2000\\\/svg\\&quot;&gt;&lt;path d=\\&quot;M31.3 192h257.3c17.8 0 26.7 21.5 14.1 34.1L174.1 354.8c-7.8 7.8-20.5 7.8-28.3 0L17.2 226.1C4.6 213.5 13.5 192 31.3 192z\\&quot;&gt;&lt;\\\/path&gt;&lt;\\\/svg&gt;&quot;,&quot;library&quot;:&quot;fa-solid&quot;}}\" data-widget_type=\"nav-menu.default\">\n\t\t\t\t<div class=\"elementor-widget-container\">\n\t\t\t\t\t\t\t\t<nav aria-label=\"Menu\" class=\"elementor-nav-menu--main elementor-nav-menu__container elementor-nav-menu--layout-horizontal e--pointer-background e--animation-fade\">\n\t\t\t\t<ul id=\"menu-1-3a2dce5\" class=\"elementor-nav-menu\"><li class=\"menu-item menu-item-type-post_type menu-item-object-page menu-item-9959\"><a href=\"https:\/\/kultura.jelgava.lv\/en\/starptautiskais-dzejas-festivals-page-break\/\" class=\"elementor-item\">Festival<\/a><\/li>\n<li class=\"menu-item menu-item-type-post_type menu-item-object-page menu-item-9957\"><a href=\"https:\/\/kultura.jelgava.lv\/en\/programma-page-break-diena-1\/\" class=\"elementor-item\">Program<\/a><\/li>\n<li class=\"menu-item menu-item-type-post_type menu-item-object-page menu-item-9958\"><a href=\"https:\/\/kultura.jelgava.lv\/en\/page-break-vesture-2022\/\" class=\"elementor-item\">History<\/a><\/li>\n<\/ul>\t\t\t<\/nav>\n\t\t\t\t\t\t<nav class=\"elementor-nav-menu--dropdown elementor-nav-menu__container\" aria-hidden=\"true\">\n\t\t\t\t<ul id=\"menu-2-3a2dce5\" class=\"elementor-nav-menu\"><li class=\"menu-item menu-item-type-post_type menu-item-object-page menu-item-9959\"><a href=\"https:\/\/kultura.jelgava.lv\/en\/starptautiskais-dzejas-festivals-page-break\/\" class=\"elementor-item\" tabindex=\"-1\">Festival<\/a><\/li>\n<li class=\"menu-item menu-item-type-post_type menu-item-object-page menu-item-9957\"><a href=\"https:\/\/kultura.jelgava.lv\/en\/programma-page-break-diena-1\/\" class=\"elementor-item\" tabindex=\"-1\">Program<\/a><\/li>\n<li class=\"menu-item menu-item-type-post_type menu-item-object-page menu-item-9958\"><a href=\"https:\/\/kultura.jelgava.lv\/en\/page-break-vesture-2022\/\" class=\"elementor-item\" tabindex=\"-1\">History<\/a><\/li>\n<\/ul>\t\t\t<\/nav>\n\t\t\t\t\t\t<\/div>\n\t\t\t\t<\/div>\n\t\t\t\t\t<\/div>\n\t\t\t\t<\/div>\n\t\t<div class=\"elementor-element elementor-element-16237fc e-flex e-con-boxed e-con e-parent\" data-id=\"16237fc\" data-element_type=\"container\" data-e-type=\"container\" data-settings=\"{&quot;background_background&quot;:&quot;classic&quot;}\">\n\t\t\t\t\t<div class=\"e-con-inner\">\n\t\t\t\t<div class=\"elementor-element elementor-element-239ac7b elementor-nav-menu--dropdown-none elementor-nav-menu__align-center elementor-widget elementor-widget-nav-menu\" data-id=\"239ac7b\" data-element_type=\"widget\" data-e-type=\"widget\" data-settings=\"{&quot;layout&quot;:&quot;horizontal&quot;,&quot;submenu_icon&quot;:{&quot;value&quot;:&quot;&lt;svg aria-hidden=\\&quot;true\\&quot; class=\\&quot;e-font-icon-svg e-fas-caret-down\\&quot; viewBox=\\&quot;0 0 320 512\\&quot; xmlns=\\&quot;http:\\\/\\\/www.w3.org\\\/2000\\\/svg\\&quot;&gt;&lt;path d=\\&quot;M31.3 192h257.3c17.8 0 26.7 21.5 14.1 34.1L174.1 354.8c-7.8 7.8-20.5 7.8-28.3 0L17.2 226.1C4.6 213.5 13.5 192 31.3 192z\\&quot;&gt;&lt;\\\/path&gt;&lt;\\\/svg&gt;&quot;,&quot;library&quot;:&quot;fa-solid&quot;}}\" data-widget_type=\"nav-menu.default\">\n\t\t\t\t<div class=\"elementor-widget-container\">\n\t\t\t\t\t\t\t\t<nav aria-label=\"Menu\" class=\"elementor-nav-menu--main elementor-nav-menu__container elementor-nav-menu--layout-horizontal e--pointer-background e--animation-fade\">\n\t\t\t\t<ul id=\"menu-1-239ac7b\" class=\"elementor-nav-menu\"><li class=\"menu-item menu-item-type-post_type menu-item-object-page menu-item-9963\"><a href=\"https:\/\/kultura.jelgava.lv\/en\/programma-page-break-diena-1\/\" class=\"elementor-item\">April 24<\/a><\/li>\n<li class=\"menu-item menu-item-type-post_type menu-item-object-page menu-item-9962\"><a href=\"https:\/\/kultura.jelgava.lv\/en\/programma-page-break-diena-2\/\" class=\"elementor-item\">April 25<\/a><\/li>\n<li class=\"menu-item menu-item-type-post_type menu-item-object-page menu-item-9961\"><a href=\"https:\/\/kultura.jelgava.lv\/en\/programma-page-break-diena-3\/\" class=\"elementor-item\">April 26<\/a><\/li>\n<li class=\"menu-item menu-item-type-post_type menu-item-object-page menu-item-9960\"><a href=\"https:\/\/kultura.jelgava.lv\/en\/programma-page-break-diena-4\/\" class=\"elementor-item\">April 27<\/a><\/li>\n<\/ul>\t\t\t<\/nav>\n\t\t\t\t\t\t<nav class=\"elementor-nav-menu--dropdown elementor-nav-menu__container\" aria-hidden=\"true\">\n\t\t\t\t<ul id=\"menu-2-239ac7b\" class=\"elementor-nav-menu\"><li class=\"menu-item menu-item-type-post_type menu-item-object-page menu-item-9963\"><a href=\"https:\/\/kultura.jelgava.lv\/en\/programma-page-break-diena-1\/\" class=\"elementor-item\" tabindex=\"-1\">April 24<\/a><\/li>\n<li class=\"menu-item menu-item-type-post_type menu-item-object-page menu-item-9962\"><a href=\"https:\/\/kultura.jelgava.lv\/en\/programma-page-break-diena-2\/\" class=\"elementor-item\" tabindex=\"-1\">April 25<\/a><\/li>\n<li class=\"menu-item menu-item-type-post_type menu-item-object-page menu-item-9961\"><a href=\"https:\/\/kultura.jelgava.lv\/en\/programma-page-break-diena-3\/\" class=\"elementor-item\" tabindex=\"-1\">April 26<\/a><\/li>\n<li class=\"menu-item menu-item-type-post_type menu-item-object-page menu-item-9960\"><a href=\"https:\/\/kultura.jelgava.lv\/en\/programma-page-break-diena-4\/\" class=\"elementor-item\" tabindex=\"-1\">April 27<\/a><\/li>\n<\/ul>\t\t\t<\/nav>\n\t\t\t\t\t\t<\/div>\n\t\t\t\t<\/div>\n\t\t\t\t\t<\/div>\n\t\t\t\t<\/div>\n\t\t<div class=\"elementor-element elementor-element-ff4498b e-con-full e-flex e-con e-parent\" data-id=\"ff4498b\" data-element_type=\"container\" data-e-type=\"container\">\n\t\t<div class=\"elementor-element elementor-element-d040250 e-con-full e-flex e-con e-child\" data-id=\"d040250\" data-element_type=\"container\" data-e-type=\"container\">\n\t\t\t\t<div class=\"elementor-element elementor-element-40baa61 elementor-widget elementor-widget-heading\" data-id=\"40baa61\" data-element_type=\"widget\" data-e-type=\"widget\" data-widget_type=\"heading.default\">\n\t\t\t\t<div class=\"elementor-widget-container\">\n\t\t\t\t\t<h2 class=\"elementor-heading-title elementor-size-default\">Dzejas pastaiga<\/h2>\t\t\t\t<\/div>\n\t\t\t\t<\/div>\n\t\t\t\t<div class=\"elementor-element elementor-element-74ba239 elementor-widget-divider--view-line elementor-widget elementor-widget-divider\" data-id=\"74ba239\" data-element_type=\"widget\" data-e-type=\"widget\" data-widget_type=\"divider.default\">\n\t\t\t\t<div class=\"elementor-widget-container\">\n\t\t\t\t\t\t\t<div class=\"elementor-divider\">\n\t\t\t<span class=\"elementor-divider-separator\">\n\t\t\t\t\t\t<\/span>\n\t\t<\/div>\n\t\t\t\t\t\t<\/div>\n\t\t\t\t<\/div>\n\t\t\t\t<div class=\"elementor-element elementor-element-2a51bfe elementor-widget elementor-widget-text-editor\" data-id=\"2a51bfe\" data-element_type=\"widget\" data-e-type=\"widget\" data-widget_type=\"text-editor.default\">\n\t\t\t\t<div class=\"elementor-widget-container\">\n\t\t\t\t\t\t\t\t\t<div id=\"comp-lrar8d3h\" class=\"HcOXKn c9GqVL QxJLC3 comp-lrar8d3h wixui-rich-text\" data-testid=\"richTextElement\"><p class=\"font_8 wixui-rich-text__text\"><strong><span class=\"color_24 wixui-rich-text__text\"><span class=\"wixui-rich-text__text\">19:00, Jelgavas Sv. Tr\u012bsvien\u012bbas bazn\u012bcas pagalms<\/span><\/span><\/strong><\/p><\/div><div id=\"comp-lrarau3a\" class=\"HcOXKn c9GqVL QxJLC3 comp-lrarau3a wixui-rich-text\" data-testid=\"richTextElement\"><p class=\"font_8 wixui-rich-text__text\">Lubi Barre, Ramins Ma\u017ears, \u0160ol\u0113 Volp\u0113, Andr\u0113 Nafiss-Sahilijs, Katar\u012bna \u0160ultensa<\/p><\/div><div id=\"comp-lrar9zqx\" class=\"HcOXKn c9GqVL QxJLC3 comp-lrar9zqx wixui-rich-text\" data-testid=\"richTextElement\"><p class=\"font_8 wixui-rich-text__text\"><span class=\"color_24 wixui-rich-text__text\"><span class=\"wixui-rich-text__text\"><b>19:30, Pasta sala<\/b><\/span><\/span><\/p><\/div><div id=\"comp-lrarbi6m\" class=\"HcOXKn c9GqVL QxJLC3 comp-lrarbi6m wixui-rich-text\" data-testid=\"richTextElement\"><p class=\"font_8 wixui-rich-text__text\">Nikola Mad\u017eirovs, Austa Fanija S\u012bgurdardotira, Pj\u0113rs Venkl\u0113rs, Marija Anhelesa Peresa-Lopesa, Selahatins Jolgidens<\/p><\/div><div id=\"comp-lrara0cb\" class=\"HcOXKn c9GqVL QxJLC3 comp-lrara0cb wixui-rich-text\" data-testid=\"richTextElement\"><p class=\"font_8 wixui-rich-text__text\"><span class=\"color_24 wixui-rich-text__text\"><span class=\"wixui-rich-text__text\"><b>20:00, Skatu tornis Pils sal\u0101<\/b><\/span><\/span><\/p><\/div><div id=\"comp-lrarbqkl\" class=\"HcOXKn c9GqVL QxJLC3 comp-lrarbqkl wixui-rich-text\" data-testid=\"richTextElement\"><p class=\"font_8 wixui-rich-text__text\">Susinukke Kosola, Je\u013cena Glazova, Guntars Godi\u0146\u0161, K\u0101rlis V\u0113rdi\u0146\u0161<\/p><\/div>\t\t\t\t\t\t\t\t<\/div>\n\t\t\t\t<\/div>\n\t\t\t\t<\/div>\n\t\t<div class=\"elementor-element elementor-element-404a303 e-con-full e-flex e-con e-child\" data-id=\"404a303\" data-element_type=\"container\" data-e-type=\"container\" data-settings=\"{&quot;background_background&quot;:&quot;classic&quot;}\">\n\t\t\t\t<\/div>\n\t\t\t\t<\/div>\n\t\t\t\t<\/div>","protected":false},"excerpt":{"rendered":"<p>Programma Dzejas pastaiga 19:00, Jelgavas Sv. Tr\u012bsvien\u012bbas bazn\u012bcas pagalms Lubi Barre, Ramins Ma\u017ears, \u0160ol\u0113 Volp\u0113, Andr\u0113 Nafiss-Sahilijs, Katar\u012bna \u0160ultensa 19:30, Pasta sala Nikola Mad\u017eirovs, Austa Fanija S\u012bgurdardotira, Pj\u0113rs Venkl\u0113rs, Marija Anhelesa Peresa-Lopesa, Selahatins Jolgidens 20:00, Skatu tornis Pils sal\u0101 Susinukke Kosola, Je\u013cena Glazova, Guntars Godi\u0146\u0161, K\u0101rlis V\u0113rdi\u0146\u0161<\/p>","protected":false},"author":1,"featured_media":0,"parent":0,"menu_order":0,"comment_status":"closed","ping_status":"closed","template":"","meta":{"footnotes":""},"class_list":["post-9884","page","type-page","status-publish","hentry"],"_links":{"self":[{"href":"https:\/\/kultura.jelgava.lv\/en\/wp-json\/wp\/v2\/pages\/9884","targetHints":{"allow":["GET"]}}],"collection":[{"href":"https:\/\/kultura.jelgava.lv\/en\/wp-json\/wp\/v2\/pages"}],"about":[{"href":"https:\/\/kultura.jelgava.lv\/en\/wp-json\/wp\/v2\/types\/page"}],"author":[{"embeddable":true,"href":"https:\/\/kultura.jelgava.lv\/en\/wp-json\/wp\/v2\/users\/1"}],"replies":[{"embeddable":true,"href":"https:\/\/kultura.jelgava.lv\/en\/wp-json\/wp\/v2\/comments?post=9884"}],"version-history":[{"count":19,"href":"https:\/\/kultura.jelgava.lv\/en\/wp-json\/wp\/v2\/pages\/9884\/revisions"}],"predecessor-version":[{"id":9969,"href":"https:\/\/kultura.jelgava.lv\/en\/wp-json\/wp\/v2\/pages\/9884\/revisions\/9969"}],"wp:attachment":[{"href":"https:\/\/kultura.jelgava.lv\/en\/wp-json\/wp\/v2\/media?parent=9884"}],"curies":[{"name":"wp","href":"https:\/\/api.w.org\/{rel}","templated":true}]}}