{"id":981,"date":"2024-02-25T11:20:39","date_gmt":"2024-02-25T09:20:39","guid":{"rendered":"http:\/\/edgars.tma-hosting.de\/?page_id=981"},"modified":"2024-03-24T20:18:18","modified_gmt":"2024-03-24T18:18:18","slug":"aktualitates","status":"publish","type":"page","link":"https:\/\/kultura.jelgava.lv\/en\/aktualitates\/","title":{"rendered":"News"},"content":{"rendered":"<div data-elementor-type=\"wp-page\" data-elementor-id=\"981\" class=\"elementor elementor-981\" data-elementor-post-type=\"page\">\n\t\t\t\t\t\t<section class=\"elementor-section elementor-top-section elementor-element elementor-element-775da1b1 elementor-section-full_width elementor-section-height-min-height elementor-section-height-default elementor-section-items-middle\" data-id=\"775da1b1\" data-element_type=\"section\" data-e-type=\"section\" data-settings=\"{&quot;background_background&quot;:&quot;classic&quot;}\">\n\t\t\t\t\t\t\t<div class=\"elementor-background-overlay\"><\/div>\n\t\t\t\t\t\t\t<div class=\"elementor-container elementor-column-gap-no\">\n\t\t\t\t\t<div class=\"elementor-column elementor-col-100 elementor-top-column elementor-element elementor-element-1ff6366f\" data-id=\"1ff6366f\" data-element_type=\"column\" data-e-type=\"column\">\n\t\t\t<div class=\"elementor-widget-wrap elementor-element-populated\">\n\t\t\t\t\t\t<div class=\"elementor-element elementor-element-466b4bb5 animated-slow elementor-invisible elementor-widget elementor-widget-heading\" data-id=\"466b4bb5\" data-element_type=\"widget\" data-e-type=\"widget\" data-settings=\"{&quot;_animation&quot;:&quot;fadeIn&quot;,&quot;_animation_delay&quot;:300}\" data-widget_type=\"heading.default\">\n\t\t\t\t<div class=\"elementor-widget-container\">\n\t\t\t\t\t<h2 class=\"elementor-heading-title elementor-size-default\">News<\/h2>\t\t\t\t<\/div>\n\t\t\t\t<\/div>\n\t\t\t\t\t<\/div>\n\t\t<\/div>\n\t\t\t\t\t<\/div>\n\t\t<\/section>\n\t\t<div class=\"elementor-element elementor-element-4927d7c e-flex e-con-boxed e-con e-parent\" data-id=\"4927d7c\" data-element_type=\"container\" data-e-type=\"container\">\n\t\t\t\t\t<div class=\"e-con-inner\">\n\t\t\t\t<div class=\"elementor-element elementor-element-22197ab elementor-grid-3 elementor-grid-tablet-2 elementor-grid-mobile-1 elementor-posts--thumbnail-top elementor-widget elementor-widget-posts\" data-id=\"22197ab\" data-element_type=\"widget\" data-e-type=\"widget\" data-settings=\"{&quot;pagination_type&quot;:&quot;numbers&quot;,&quot;classic_columns&quot;:&quot;3&quot;,&quot;classic_columns_tablet&quot;:&quot;2&quot;,&quot;classic_columns_mobile&quot;:&quot;1&quot;,&quot;classic_row_gap&quot;:{&quot;unit&quot;:&quot;px&quot;,&quot;size&quot;:35,&quot;sizes&quot;:[]},&quot;classic_row_gap_tablet&quot;:{&quot;unit&quot;:&quot;px&quot;,&quot;size&quot;:&quot;&quot;,&quot;sizes&quot;:[]},&quot;classic_row_gap_mobile&quot;:{&quot;unit&quot;:&quot;px&quot;,&quot;size&quot;:&quot;&quot;,&quot;sizes&quot;:[]}}\" data-widget_type=\"posts.classic\">\n\t\t\t\t<div class=\"elementor-widget-container\">\n\t\t\t\t\t\t\t<div class=\"elementor-posts-container elementor-posts elementor-posts--skin-classic elementor-grid\" role=\"list\">\n\t\t\t\t<article class=\"elementor-post elementor-grid-item post-18406 post type-post status-publish format-standard has-post-thumbnail hentry category-zinas\" role=\"listitem\">\n\t\t\t\t<a class=\"elementor-post__thumbnail__link\" href=\"https:\/\/kultura.jelgava.lv\/en\/2026\/05\/06\/pievienojies-kopigai-dejas-zibakcijai-jelgavas-pilsetas-svetkos\/\" tabindex=\"-1\" >\n\t\t\t<div class=\"elementor-post__thumbnail\"><img fetchpriority=\"high\" decoding=\"async\" width=\"1687\" height=\"1200\" src=\"https:\/\/kultura.jelgava.lv\/wp-content\/uploads\/2026\/05\/Majas_lapa_Pilsetas_svetki_1687x1200.jpg\" class=\"attachment-full size-full wp-image-18411\" alt=\"\" srcset=\"https:\/\/kultura.jelgava.lv\/wp-content\/uploads\/2026\/05\/Majas_lapa_Pilsetas_svetki_1687x1200.jpg 1687w, https:\/\/kultura.jelgava.lv\/wp-content\/uploads\/2026\/05\/Majas_lapa_Pilsetas_svetki_1687x1200-300x213.jpg 300w, https:\/\/kultura.jelgava.lv\/wp-content\/uploads\/2026\/05\/Majas_lapa_Pilsetas_svetki_1687x1200-1024x728.jpg 1024w, https:\/\/kultura.jelgava.lv\/wp-content\/uploads\/2026\/05\/Majas_lapa_Pilsetas_svetki_1687x1200-768x546.jpg 768w, https:\/\/kultura.jelgava.lv\/wp-content\/uploads\/2026\/05\/Majas_lapa_Pilsetas_svetki_1687x1200-1536x1093.jpg 1536w, https:\/\/kultura.jelgava.lv\/wp-content\/uploads\/2026\/05\/Majas_lapa_Pilsetas_svetki_1687x1200-18x12.jpg 18w\" sizes=\"(max-width: 1687px) 100vw, 1687px\" \/><\/div>\n\t\t<\/a>\n\t\t\t\t<div class=\"elementor-post__text\">\n\t\t\t\t<h3 class=\"elementor-post__title\">\n\t\t\t<a href=\"https:\/\/kultura.jelgava.lv\/en\/2026\/05\/06\/pievienojies-kopigai-dejas-zibakcijai-jelgavas-pilsetas-svetkos\/\" >\n\t\t\t\tPievienojies kop\u012bgai dejas zibakcijai Jelgavas pils\u0113tas sv\u0113tkos\t\t\t<\/a>\n\t\t<\/h3>\n\t\t\t\t<div class=\"elementor-post__meta-data\">\n\t\t\t\t\t<span class=\"elementor-post-date\">\n\t\t\t6. May, 2026.\t\t<\/span>\n\t\t\t\t<\/div>\n\t\t\t\t\t<div class=\"elementor-post__read-more-wrapper\">\n\t\t\n\t\t<a class=\"elementor-post__read-more\" href=\"https:\/\/kultura.jelgava.lv\/en\/2026\/05\/06\/pievienojies-kopigai-dejas-zibakcijai-jelgavas-pilsetas-svetkos\/\" aria-label=\"Read more about Pievienojies kop\u012bgai dejas zibakcijai Jelgavas pils\u0113tas sv\u0113tkos\" tabindex=\"-1\" >\n\t\t\tRead more \u00bb\t\t<\/a>\n\n\t\t\t\t\t<\/div>\n\t\t\t\t<\/div>\n\t\t\t\t<\/article>\n\t\t\t\t<article class=\"elementor-post elementor-grid-item post-18328 post type-post status-publish format-standard has-post-thumbnail hentry category-zinas\" role=\"listitem\">\n\t\t\t\t<a class=\"elementor-post__thumbnail__link\" href=\"https:\/\/kultura.jelgava.lv\/en\/2026\/04\/30\/jelgavas-valstspilsetas-pasvaldibas-izsludinatais-festivalu-un-sabiedriski-nozimigu-kulturas-pasakumu-projektu-konkurss-ir-nosledzies-un-apkopoti-ta-rezultati\/\" tabindex=\"-1\" >\n\t\t\t<div class=\"elementor-post__thumbnail\"><img decoding=\"async\" width=\"1500\" height=\"1125\" src=\"https:\/\/kultura.jelgava.lv\/wp-content\/uploads\/2026\/03\/Pilsetas-svetki.jpg.jpg\" class=\"attachment-full size-full wp-image-17835\" alt=\"\" srcset=\"https:\/\/kultura.jelgava.lv\/wp-content\/uploads\/2026\/03\/Pilsetas-svetki.jpg.jpg 1500w, https:\/\/kultura.jelgava.lv\/wp-content\/uploads\/2026\/03\/Pilsetas-svetki.jpg-300x225.jpg 300w, https:\/\/kultura.jelgava.lv\/wp-content\/uploads\/2026\/03\/Pilsetas-svetki.jpg-1024x768.jpg 1024w, https:\/\/kultura.jelgava.lv\/wp-content\/uploads\/2026\/03\/Pilsetas-svetki.jpg-768x576.jpg 768w, https:\/\/kultura.jelgava.lv\/wp-content\/uploads\/2026\/03\/Pilsetas-svetki.jpg-16x12.jpg 16w\" sizes=\"(max-width: 1500px) 100vw, 1500px\" \/><\/div>\n\t\t<\/a>\n\t\t\t\t<div class=\"elementor-post__text\">\n\t\t\t\t<h3 class=\"elementor-post__title\">\n\t\t\t<a href=\"https:\/\/kultura.jelgava.lv\/en\/2026\/04\/30\/jelgavas-valstspilsetas-pasvaldibas-izsludinatais-festivalu-un-sabiedriski-nozimigu-kulturas-pasakumu-projektu-konkurss-ir-nosledzies-un-apkopoti-ta-rezultati\/\" >\n\t\t\t\tJelgavas valstspils\u0113tas pa\u0161vald\u012bbas izsludin\u0101tais Festiv\u0101lu un sabiedriski noz\u012bm\u012bgu kult\u016bras pas\u0101kumu projektu konkurss ir nosl\u0113dzies, un apkopoti t\u0101 rezult\u0101ti.\t\t\t<\/a>\n\t\t<\/h3>\n\t\t\t\t<div class=\"elementor-post__meta-data\">\n\t\t\t\t\t<span class=\"elementor-post-date\">\n\t\t\t30. April, 2026.\t\t<\/span>\n\t\t\t\t<\/div>\n\t\t\t\t\t<div class=\"elementor-post__read-more-wrapper\">\n\t\t\n\t\t<a class=\"elementor-post__read-more\" href=\"https:\/\/kultura.jelgava.lv\/en\/2026\/04\/30\/jelgavas-valstspilsetas-pasvaldibas-izsludinatais-festivalu-un-sabiedriski-nozimigu-kulturas-pasakumu-projektu-konkurss-ir-nosledzies-un-apkopoti-ta-rezultati\/\" aria-label=\"Read more about Jelgavas valstspils\u0113tas pa\u0161vald\u012bbas izsludin\u0101tais Festiv\u0101lu un sabiedriski noz\u012bm\u012bgu kult\u016bras pas\u0101kumu projektu konkurss ir nosl\u0113dzies, un apkopoti t\u0101 rezult\u0101ti.\" tabindex=\"-1\" >\n\t\t\tRead more \u00bb\t\t<\/a>\n\n\t\t\t\t\t<\/div>\n\t\t\t\t<\/div>\n\t\t\t\t<\/article>\n\t\t\t\t<article class=\"elementor-post elementor-grid-item post-18272 post type-post status-publish format-standard has-post-thumbnail hentry category-zinas\" role=\"listitem\">\n\t\t\t\t<a class=\"elementor-post__thumbnail__link\" href=\"https:\/\/kultura.jelgava.lv\/en\/2026\/04\/28\/kulturas-pasakumi-jelgava-maijs-3\/\" tabindex=\"-1\" >\n\t\t\t<div class=\"elementor-post__thumbnail\"><img decoding=\"async\" width=\"1707\" height=\"2560\" src=\"https:\/\/kultura.jelgava.lv\/wp-content\/uploads\/2026\/04\/pexels-anderson-wei-2151965849-36782962-scaled.jpg\" class=\"attachment-full size-full wp-image-18277\" alt=\"\" srcset=\"https:\/\/kultura.jelgava.lv\/wp-content\/uploads\/2026\/04\/pexels-anderson-wei-2151965849-36782962-scaled.jpg 1707w, https:\/\/kultura.jelgava.lv\/wp-content\/uploads\/2026\/04\/pexels-anderson-wei-2151965849-36782962-200x300.jpg 200w, https:\/\/kultura.jelgava.lv\/wp-content\/uploads\/2026\/04\/pexels-anderson-wei-2151965849-36782962-683x1024.jpg 683w, https:\/\/kultura.jelgava.lv\/wp-content\/uploads\/2026\/04\/pexels-anderson-wei-2151965849-36782962-768x1152.jpg 768w, https:\/\/kultura.jelgava.lv\/wp-content\/uploads\/2026\/04\/pexels-anderson-wei-2151965849-36782962-1024x1536.jpg 1024w, https:\/\/kultura.jelgava.lv\/wp-content\/uploads\/2026\/04\/pexels-anderson-wei-2151965849-36782962-1365x2048.jpg 1365w, https:\/\/kultura.jelgava.lv\/wp-content\/uploads\/2026\/04\/pexels-anderson-wei-2151965849-36782962-8x12.jpg 8w\" sizes=\"(max-width: 1707px) 100vw, 1707px\" \/><\/div>\n\t\t<\/a>\n\t\t\t\t<div class=\"elementor-post__text\">\n\t\t\t\t<h3 class=\"elementor-post__title\">\n\t\t\t<a href=\"https:\/\/kultura.jelgava.lv\/en\/2026\/04\/28\/kulturas-pasakumi-jelgava-maijs-3\/\" >\n\t\t\t\tKULT\u016aRAS PAS\u0100KUMI JELGAV\u0100 &#8211; MAIJS\t\t\t<\/a>\n\t\t<\/h3>\n\t\t\t\t<div class=\"elementor-post__meta-data\">\n\t\t\t\t\t<span class=\"elementor-post-date\">\n\t\t\t28. April, 2026.\t\t<\/span>\n\t\t\t\t<\/div>\n\t\t\t\t\t<div class=\"elementor-post__read-more-wrapper\">\n\t\t\n\t\t<a class=\"elementor-post__read-more\" href=\"https:\/\/kultura.jelgava.lv\/en\/2026\/04\/28\/kulturas-pasakumi-jelgava-maijs-3\/\" aria-label=\"Read more about KULT\u016aRAS PAS\u0100KUMI JELGAV\u0100 &#8211; MAIJS\" tabindex=\"-1\" >\n\t\t\tRead more \u00bb\t\t<\/a>\n\n\t\t\t\t\t<\/div>\n\t\t\t\t<\/div>\n\t\t\t\t<\/article>\n\t\t\t\t<article class=\"elementor-post elementor-grid-item post-18243 post type-post status-publish format-standard has-post-thumbnail hentry category-zinas\" role=\"listitem\">\n\t\t\t\t<a class=\"elementor-post__thumbnail__link\" href=\"https:\/\/kultura.jelgava.lv\/en\/2026\/04\/22\/stadu-dienas-jelgava-pulces-vairak-neka-230-tirgotajus\/\" tabindex=\"-1\" >\n\t\t\t<div class=\"elementor-post__thumbnail\"><img loading=\"lazy\" decoding=\"async\" width=\"2560\" height=\"1921\" src=\"https:\/\/kultura.jelgava.lv\/wp-content\/uploads\/2024\/05\/stadu_dienas-8-scaled.jpg\" class=\"attachment-full size-full wp-image-11521\" alt=\"\" srcset=\"https:\/\/kultura.jelgava.lv\/wp-content\/uploads\/2024\/05\/stadu_dienas-8-scaled.jpg 2560w, https:\/\/kultura.jelgava.lv\/wp-content\/uploads\/2024\/05\/stadu_dienas-8-300x225.jpg 300w, https:\/\/kultura.jelgava.lv\/wp-content\/uploads\/2024\/05\/stadu_dienas-8-1024x769.jpg 1024w, https:\/\/kultura.jelgava.lv\/wp-content\/uploads\/2024\/05\/stadu_dienas-8-768x576.jpg 768w, https:\/\/kultura.jelgava.lv\/wp-content\/uploads\/2024\/05\/stadu_dienas-8-1536x1153.jpg 1536w, https:\/\/kultura.jelgava.lv\/wp-content\/uploads\/2024\/05\/stadu_dienas-8-2048x1537.jpg 2048w, https:\/\/kultura.jelgava.lv\/wp-content\/uploads\/2024\/05\/stadu_dienas-8-16x12.jpg 16w\" sizes=\"(max-width: 2560px) 100vw, 2560px\" \/><\/div>\n\t\t<\/a>\n\t\t\t\t<div class=\"elementor-post__text\">\n\t\t\t\t<h3 class=\"elementor-post__title\">\n\t\t\t<a href=\"https:\/\/kultura.jelgava.lv\/en\/2026\/04\/22\/stadu-dienas-jelgava-pulces-vairak-neka-230-tirgotajus\/\" >\n\t\t\t\tSt\u0101du dienas Jelgav\u0101 pulc\u0113s vair\u0101k nek\u0101 230 tirgot\u0101jus\t\t\t<\/a>\n\t\t<\/h3>\n\t\t\t\t<div class=\"elementor-post__meta-data\">\n\t\t\t\t\t<span class=\"elementor-post-date\">\n\t\t\t22. April, 2026.\t\t<\/span>\n\t\t\t\t<\/div>\n\t\t\t\t\t<div class=\"elementor-post__read-more-wrapper\">\n\t\t\n\t\t<a class=\"elementor-post__read-more\" href=\"https:\/\/kultura.jelgava.lv\/en\/2026\/04\/22\/stadu-dienas-jelgava-pulces-vairak-neka-230-tirgotajus\/\" aria-label=\"Read more about St\u0101du dienas Jelgav\u0101 pulc\u0113s vair\u0101k nek\u0101 230 tirgot\u0101jus\" tabindex=\"-1\" >\n\t\t\tRead more \u00bb\t\t<\/a>\n\n\t\t\t\t\t<\/div>\n\t\t\t\t<\/div>\n\t\t\t\t<\/article>\n\t\t\t\t<article class=\"elementor-post elementor-grid-item post-18216 post type-post status-publish format-standard has-post-thumbnail hentry category-zinas\" role=\"listitem\">\n\t\t\t\t<a class=\"elementor-post__thumbnail__link\" href=\"https:\/\/kultura.jelgava.lv\/en\/2026\/04\/21\/4-maijs-jelgava-brivibas-svetku-programma\/\" tabindex=\"-1\" >\n\t\t\t<div class=\"elementor-post__thumbnail\"><img loading=\"lazy\" decoding=\"async\" width=\"2560\" height=\"1922\" src=\"https:\/\/kultura.jelgava.lv\/wp-content\/uploads\/2024\/05\/4maijs-8-scaled.jpg\" class=\"attachment-full size-full wp-image-11417\" alt=\"\" srcset=\"https:\/\/kultura.jelgava.lv\/wp-content\/uploads\/2024\/05\/4maijs-8-scaled.jpg 2560w, https:\/\/kultura.jelgava.lv\/wp-content\/uploads\/2024\/05\/4maijs-8-300x225.jpg 300w, https:\/\/kultura.jelgava.lv\/wp-content\/uploads\/2024\/05\/4maijs-8-1024x769.jpg 1024w, https:\/\/kultura.jelgava.lv\/wp-content\/uploads\/2024\/05\/4maijs-8-768x576.jpg 768w, https:\/\/kultura.jelgava.lv\/wp-content\/uploads\/2024\/05\/4maijs-8-1536x1153.jpg 1536w, https:\/\/kultura.jelgava.lv\/wp-content\/uploads\/2024\/05\/4maijs-8-2048x1537.jpg 2048w, https:\/\/kultura.jelgava.lv\/wp-content\/uploads\/2024\/05\/4maijs-8-16x12.jpg 16w\" sizes=\"(max-width: 2560px) 100vw, 2560px\" \/><\/div>\n\t\t<\/a>\n\t\t\t\t<div class=\"elementor-post__text\">\n\t\t\t\t<h3 class=\"elementor-post__title\">\n\t\t\t<a href=\"https:\/\/kultura.jelgava.lv\/en\/2026\/04\/21\/4-maijs-jelgava-brivibas-svetku-programma\/\" >\n\t\t\t\t4. maijs Jelgav\u0101 \u2013 Br\u012bv\u012bbas sv\u0113tku programma\t\t\t<\/a>\n\t\t<\/h3>\n\t\t\t\t<div class=\"elementor-post__meta-data\">\n\t\t\t\t\t<span class=\"elementor-post-date\">\n\t\t\t21. April, 2026.\t\t<\/span>\n\t\t\t\t<\/div>\n\t\t\t\t\t<div class=\"elementor-post__read-more-wrapper\">\n\t\t\n\t\t<a class=\"elementor-post__read-more\" href=\"https:\/\/kultura.jelgava.lv\/en\/2026\/04\/21\/4-maijs-jelgava-brivibas-svetku-programma\/\" aria-label=\"Read more about 4. maijs Jelgav\u0101 \u2013 Br\u012bv\u012bbas sv\u0113tku programma\" tabindex=\"-1\" >\n\t\t\tRead more \u00bb\t\t<\/a>\n\n\t\t\t\t\t<\/div>\n\t\t\t\t<\/div>\n\t\t\t\t<\/article>\n\t\t\t\t<article class=\"elementor-post elementor-grid-item post-18195 post type-post status-publish format-standard has-post-thumbnail hentry category-zinas\" role=\"listitem\">\n\t\t\t\t<a class=\"elementor-post__thumbnail__link\" href=\"https:\/\/kultura.jelgava.lv\/en\/2026\/04\/16\/aprili-norisinasies-deju-un-koru-skates\/\" tabindex=\"-1\" >\n\t\t\t<div class=\"elementor-post__thumbnail\"><img loading=\"lazy\" decoding=\"async\" width=\"2048\" height=\"1536\" src=\"https:\/\/kultura.jelgava.lv\/wp-content\/uploads\/2025\/04\/deju_skate_FB-8.jpg\" class=\"attachment-full size-full wp-image-15014\" alt=\"\" srcset=\"https:\/\/kultura.jelgava.lv\/wp-content\/uploads\/2025\/04\/deju_skate_FB-8.jpg 2048w, https:\/\/kultura.jelgava.lv\/wp-content\/uploads\/2025\/04\/deju_skate_FB-8-300x225.jpg 300w, https:\/\/kultura.jelgava.lv\/wp-content\/uploads\/2025\/04\/deju_skate_FB-8-1024x768.jpg 1024w, https:\/\/kultura.jelgava.lv\/wp-content\/uploads\/2025\/04\/deju_skate_FB-8-768x576.jpg 768w, https:\/\/kultura.jelgava.lv\/wp-content\/uploads\/2025\/04\/deju_skate_FB-8-1536x1152.jpg 1536w, https:\/\/kultura.jelgava.lv\/wp-content\/uploads\/2025\/04\/deju_skate_FB-8-16x12.jpg 16w\" sizes=\"(max-width: 2048px) 100vw, 2048px\" \/><\/div>\n\t\t<\/a>\n\t\t\t\t<div class=\"elementor-post__text\">\n\t\t\t\t<h3 class=\"elementor-post__title\">\n\t\t\t<a href=\"https:\/\/kultura.jelgava.lv\/en\/2026\/04\/16\/aprili-norisinasies-deju-un-koru-skates\/\" >\n\t\t\t\tApr\u012bl\u012b norisin\u0101sies deju un koru skates\t\t\t<\/a>\n\t\t<\/h3>\n\t\t\t\t<div class=\"elementor-post__meta-data\">\n\t\t\t\t\t<span class=\"elementor-post-date\">\n\t\t\t16. April, 2026.\t\t<\/span>\n\t\t\t\t<\/div>\n\t\t\t\t\t<div class=\"elementor-post__read-more-wrapper\">\n\t\t\n\t\t<a class=\"elementor-post__read-more\" href=\"https:\/\/kultura.jelgava.lv\/en\/2026\/04\/16\/aprili-norisinasies-deju-un-koru-skates\/\" aria-label=\"Read more about Apr\u012bl\u012b norisin\u0101sies deju un koru skates\" tabindex=\"-1\" >\n\t\t\tRead more \u00bb\t\t<\/a>\n\n\t\t\t\t\t<\/div>\n\t\t\t\t<\/div>\n\t\t\t\t<\/article>\n\t\t\t\t<article class=\"elementor-post elementor-grid-item post-18048 post type-post status-publish format-standard has-post-thumbnail hentry category-zinas\" role=\"listitem\">\n\t\t\t\t<a class=\"elementor-post__thumbnail__link\" href=\"https:\/\/kultura.jelgava.lv\/en\/2026\/03\/31\/izsludinats-pirmais-festivalu-un-sabiedriski-nozimigu-kulturas-pasakumu-projektu-konkurss-jelgava\/\" tabindex=\"-1\" >\n\t\t\t<div class=\"elementor-post__thumbnail\"><img decoding=\"async\" width=\"1500\" height=\"1125\" src=\"https:\/\/kultura.jelgava.lv\/wp-content\/uploads\/2026\/03\/Pilsetas-svetki.jpg.jpg\" class=\"attachment-full size-full wp-image-17835\" alt=\"\" srcset=\"https:\/\/kultura.jelgava.lv\/wp-content\/uploads\/2026\/03\/Pilsetas-svetki.jpg.jpg 1500w, https:\/\/kultura.jelgava.lv\/wp-content\/uploads\/2026\/03\/Pilsetas-svetki.jpg-300x225.jpg 300w, https:\/\/kultura.jelgava.lv\/wp-content\/uploads\/2026\/03\/Pilsetas-svetki.jpg-1024x768.jpg 1024w, https:\/\/kultura.jelgava.lv\/wp-content\/uploads\/2026\/03\/Pilsetas-svetki.jpg-768x576.jpg 768w, https:\/\/kultura.jelgava.lv\/wp-content\/uploads\/2026\/03\/Pilsetas-svetki.jpg-16x12.jpg 16w\" sizes=\"(max-width: 1500px) 100vw, 1500px\" \/><\/div>\n\t\t<\/a>\n\t\t\t\t<div class=\"elementor-post__text\">\n\t\t\t\t<h3 class=\"elementor-post__title\">\n\t\t\t<a href=\"https:\/\/kultura.jelgava.lv\/en\/2026\/03\/31\/izsludinats-pirmais-festivalu-un-sabiedriski-nozimigu-kulturas-pasakumu-projektu-konkurss-jelgava\/\" >\n\t\t\t\tIzsludin\u0101ts pirmais festiv\u0101lu un sabiedriski noz\u012bm\u012bgu kult\u016bras pas\u0101kumu projektu konkurss Jelgav\u0101\t\t\t<\/a>\n\t\t<\/h3>\n\t\t\t\t<div class=\"elementor-post__meta-data\">\n\t\t\t\t\t<span class=\"elementor-post-date\">\n\t\t\t31. March, 2026.\t\t<\/span>\n\t\t\t\t<\/div>\n\t\t\t\t\t<div class=\"elementor-post__read-more-wrapper\">\n\t\t\n\t\t<a class=\"elementor-post__read-more\" href=\"https:\/\/kultura.jelgava.lv\/en\/2026\/03\/31\/izsludinats-pirmais-festivalu-un-sabiedriski-nozimigu-kulturas-pasakumu-projektu-konkurss-jelgava\/\" aria-label=\"Read more about Izsludin\u0101ts pirmais festiv\u0101lu un sabiedriski noz\u012bm\u012bgu kult\u016bras pas\u0101kumu projektu konkurss Jelgav\u0101\" tabindex=\"-1\" >\n\t\t\tRead more \u00bb\t\t<\/a>\n\n\t\t\t\t\t<\/div>\n\t\t\t\t<\/div>\n\t\t\t\t<\/article>\n\t\t\t\t<article class=\"elementor-post elementor-grid-item post-18032 post type-post status-publish format-standard has-post-thumbnail hentry category-zinas\" role=\"listitem\">\n\t\t\t\t<a class=\"elementor-post__thumbnail__link\" href=\"https:\/\/kultura.jelgava.lv\/en\/2026\/03\/31\/no-1-aprila-mainas-jelgavas-valstspilsetas-pasvaldibas-iestades-kultura-darba-laiks\/\" tabindex=\"-1\" >\n\t\t\t<div class=\"elementor-post__thumbnail\"><img loading=\"lazy\" decoding=\"async\" width=\"2257\" height=\"1503\" src=\"https:\/\/kultura.jelgava.lv\/wp-content\/uploads\/2024\/02\/kulturas-nams-latvijas-karogi-16-11-2015-1.jpg\" class=\"attachment-full size-full wp-image-666\" alt=\"\" srcset=\"https:\/\/kultura.jelgava.lv\/wp-content\/uploads\/2024\/02\/kulturas-nams-latvijas-karogi-16-11-2015-1.jpg 2257w, https:\/\/kultura.jelgava.lv\/wp-content\/uploads\/2024\/02\/kulturas-nams-latvijas-karogi-16-11-2015-1-300x200.jpg 300w, https:\/\/kultura.jelgava.lv\/wp-content\/uploads\/2024\/02\/kulturas-nams-latvijas-karogi-16-11-2015-1-1024x682.jpg 1024w, https:\/\/kultura.jelgava.lv\/wp-content\/uploads\/2024\/02\/kulturas-nams-latvijas-karogi-16-11-2015-1-768x511.jpg 768w, https:\/\/kultura.jelgava.lv\/wp-content\/uploads\/2024\/02\/kulturas-nams-latvijas-karogi-16-11-2015-1-1536x1023.jpg 1536w, https:\/\/kultura.jelgava.lv\/wp-content\/uploads\/2024\/02\/kulturas-nams-latvijas-karogi-16-11-2015-1-2048x1364.jpg 2048w\" sizes=\"(max-width: 2257px) 100vw, 2257px\" \/><\/div>\n\t\t<\/a>\n\t\t\t\t<div class=\"elementor-post__text\">\n\t\t\t\t<h3 class=\"elementor-post__title\">\n\t\t\t<a href=\"https:\/\/kultura.jelgava.lv\/en\/2026\/03\/31\/no-1-aprila-mainas-jelgavas-valstspilsetas-pasvaldibas-iestades-kultura-darba-laiks\/\" >\n\t\t\t\tNo 1. apr\u012b\u013ca main\u0101s Jelgavas valstspils\u0113tas pa\u0161vald\u012bbas iest\u0101des &#8220;Kult\u016bra&#8221; darba laiks\t\t\t<\/a>\n\t\t<\/h3>\n\t\t\t\t<div class=\"elementor-post__meta-data\">\n\t\t\t\t\t<span class=\"elementor-post-date\">\n\t\t\t31. March, 2026.\t\t<\/span>\n\t\t\t\t<\/div>\n\t\t\t\t\t<div class=\"elementor-post__read-more-wrapper\">\n\t\t\n\t\t<a class=\"elementor-post__read-more\" href=\"https:\/\/kultura.jelgava.lv\/en\/2026\/03\/31\/no-1-aprila-mainas-jelgavas-valstspilsetas-pasvaldibas-iestades-kultura-darba-laiks\/\" aria-label=\"Read more about No 1. apr\u012b\u013ca main\u0101s Jelgavas valstspils\u0113tas pa\u0161vald\u012bbas iest\u0101des &#8220;Kult\u016bra&#8221; darba laiks\" tabindex=\"-1\" >\n\t\t\tRead more \u00bb\t\t<\/a>\n\n\t\t\t\t\t<\/div>\n\t\t\t\t<\/div>\n\t\t\t\t<\/article>\n\t\t\t\t<article class=\"elementor-post elementor-grid-item post-18002 post type-post status-publish format-standard has-post-thumbnail hentry category-zinas\" role=\"listitem\">\n\t\t\t\t<a class=\"elementor-post__thumbnail__link\" href=\"https:\/\/kultura.jelgava.lv\/en\/2026\/03\/30\/kulturas-pasakumi-jelgava-aprilis-3\/\" tabindex=\"-1\" >\n\t\t\t<div class=\"elementor-post__thumbnail\"><img loading=\"lazy\" decoding=\"async\" width=\"2560\" height=\"1600\" src=\"https:\/\/kultura.jelgava.lv\/wp-content\/uploads\/2025\/04\/pexels-marek-piwnicki-3907296-11829435-scaled.jpg\" class=\"attachment-full size-full wp-image-14866\" alt=\"\" srcset=\"https:\/\/kultura.jelgava.lv\/wp-content\/uploads\/2025\/04\/pexels-marek-piwnicki-3907296-11829435-scaled.jpg 2560w, https:\/\/kultura.jelgava.lv\/wp-content\/uploads\/2025\/04\/pexels-marek-piwnicki-3907296-11829435-300x188.jpg 300w, https:\/\/kultura.jelgava.lv\/wp-content\/uploads\/2025\/04\/pexels-marek-piwnicki-3907296-11829435-1024x640.jpg 1024w, https:\/\/kultura.jelgava.lv\/wp-content\/uploads\/2025\/04\/pexels-marek-piwnicki-3907296-11829435-768x480.jpg 768w, https:\/\/kultura.jelgava.lv\/wp-content\/uploads\/2025\/04\/pexels-marek-piwnicki-3907296-11829435-1536x960.jpg 1536w, https:\/\/kultura.jelgava.lv\/wp-content\/uploads\/2025\/04\/pexels-marek-piwnicki-3907296-11829435-2048x1280.jpg 2048w, https:\/\/kultura.jelgava.lv\/wp-content\/uploads\/2025\/04\/pexels-marek-piwnicki-3907296-11829435-18x12.jpg 18w\" sizes=\"(max-width: 2560px) 100vw, 2560px\" \/><\/div>\n\t\t<\/a>\n\t\t\t\t<div class=\"elementor-post__text\">\n\t\t\t\t<h3 class=\"elementor-post__title\">\n\t\t\t<a href=\"https:\/\/kultura.jelgava.lv\/en\/2026\/03\/30\/kulturas-pasakumi-jelgava-aprilis-3\/\" >\n\t\t\t\tCULTURAL EVENTS IN JELGAVA - APRIL\t\t\t<\/a>\n\t\t<\/h3>\n\t\t\t\t<div class=\"elementor-post__meta-data\">\n\t\t\t\t\t<span class=\"elementor-post-date\">\n\t\t\t30. March, 2026.\t\t<\/span>\n\t\t\t\t<\/div>\n\t\t\t\t\t<div class=\"elementor-post__read-more-wrapper\">\n\t\t\n\t\t<a class=\"elementor-post__read-more\" href=\"https:\/\/kultura.jelgava.lv\/en\/2026\/03\/30\/kulturas-pasakumi-jelgava-aprilis-3\/\" aria-label=\"Read more about KULT\u016aRAS PAS\u0100KUMI JELGAV\u0100 &#8211; APR\u012aLIS\" tabindex=\"-1\" >\n\t\t\tRead more \u00bb\t\t<\/a>\n\n\t\t\t\t\t<\/div>\n\t\t\t\t<\/div>\n\t\t\t\t<\/article>\n\t\t\t\t<\/div>\n\t\t\n\t\t\t\t<div class=\"e-load-more-anchor\" data-page=\"1\" data-max-page=\"24\" data-next-page=\"https:\/\/kultura.jelgava.lv\/en\/wp-json\/wp\/v2\/pages\/981\/page\/2\/\"><\/div>\n\t\t\t\t<nav class=\"elementor-pagination\" aria-label=\"Pagination\">\n\t\t\t<span aria-current=\"page\" class=\"page-numbers current\"><span class=\"elementor-screen-only\">Page<\/span>1<\/span>\n<a class=\"page-numbers\" href=\"https:\/\/kultura.jelgava.lv\/en\/wp-json\/wp\/v2\/pages\/981\/page\/2\/\"><span class=\"elementor-screen-only\">Page<\/span>2<\/a>\n<a class=\"page-numbers\" href=\"https:\/\/kultura.jelgava.lv\/en\/wp-json\/wp\/v2\/pages\/981\/page\/3\/\"><span class=\"elementor-screen-only\">Page<\/span>3<\/a>\n<span class=\"page-numbers dots\">&hellip;<\/span>\n<a class=\"page-numbers\" href=\"https:\/\/kultura.jelgava.lv\/en\/wp-json\/wp\/v2\/pages\/981\/page\/24\/\"><span class=\"elementor-screen-only\">Page<\/span>24<\/a>\t\t<\/nav>\n\t\t\t\t\t\t<\/div>\n\t\t\t\t<\/div>\n\t\t\t\t\t<\/div>\n\t\t\t\t<\/div>\n\t\t\t\t<\/div>","protected":false},"excerpt":{"rendered":"<p>News<\/p>","protected":false},"author":1,"featured_media":0,"parent":0,"menu_order":0,"comment_status":"closed","ping_status":"closed","template":"","meta":{"footnotes":""},"class_list":["post-981","page","type-page","status-publish","hentry"],"_links":{"self":[{"href":"https:\/\/kultura.jelgava.lv\/en\/wp-json\/wp\/v2\/pages\/981","targetHints":{"allow":["GET"]}}],"collection":[{"href":"https:\/\/kultura.jelgava.lv\/en\/wp-json\/wp\/v2\/pages"}],"about":[{"href":"https:\/\/kultura.jelgava.lv\/en\/wp-json\/wp\/v2\/types\/page"}],"author":[{"embeddable":true,"href":"https:\/\/kultura.jelgava.lv\/en\/wp-json\/wp\/v2\/users\/1"}],"replies":[{"embeddable":true,"href":"https:\/\/kultura.jelgava.lv\/en\/wp-json\/wp\/v2\/comments?post=981"}],"version-history":[{"count":16,"href":"https:\/\/kultura.jelgava.lv\/en\/wp-json\/wp\/v2\/pages\/981\/revisions"}],"predecessor-version":[{"id":3151,"href":"https:\/\/kultura.jelgava.lv\/en\/wp-json\/wp\/v2\/pages\/981\/revisions\/3151"}],"wp:attachment":[{"href":"https:\/\/kultura.jelgava.lv\/en\/wp-json\/wp\/v2\/media?parent=981"}],"curies":[{"name":"wp","href":"https:\/\/api.w.org\/{rel}","templated":true}]}}