{"id":9739,"date":"2024-04-03T21:38:01","date_gmt":"2024-04-03T18:38:01","guid":{"rendered":"http:\/\/edgars.tma-hosting.de\/?page_id=9739"},"modified":"2024-04-03T21:48:01","modified_gmt":"2024-04-03T18:48:01","slug":"starptautiskais-koka-skulpturu-festivals","status":"publish","type":"page","link":"https:\/\/kultura.jelgava.lv\/en\/starptautiskais-koka-skulpturu-festivals\/","title":{"rendered":"Starptautiskais koka skulpt\u016bru festiv\u0101ls"},"content":{"rendered":"<div data-elementor-type=\"wp-page\" data-elementor-id=\"9739\" class=\"elementor elementor-9739\" data-elementor-post-type=\"page\">\n\t\t\t\t\t\t<section class=\"elementor-section elementor-top-section elementor-element elementor-element-f156af6 elementor-section-full_width elementor-section-height-min-height elementor-section-height-default elementor-section-items-middle\" data-id=\"f156af6\" data-element_type=\"section\" data-e-type=\"section\" data-settings=\"{&quot;background_background&quot;:&quot;classic&quot;}\">\n\t\t\t\t\t\t\t<div class=\"elementor-background-overlay\"><\/div>\n\t\t\t\t\t\t\t<div class=\"elementor-container elementor-column-gap-no\">\n\t\t\t\t\t<div class=\"elementor-column elementor-col-100 elementor-top-column elementor-element elementor-element-f9cde6a\" data-id=\"f9cde6a\" data-element_type=\"column\" data-e-type=\"column\">\n\t\t\t<div class=\"elementor-widget-wrap elementor-element-populated\">\n\t\t\t\t\t\t<div class=\"elementor-element elementor-element-b801cd6 animated-slow elementor-invisible elementor-widget elementor-widget-heading\" data-id=\"b801cd6\" data-element_type=\"widget\" data-e-type=\"widget\" data-settings=\"{&quot;_animation&quot;:&quot;fadeIn&quot;,&quot;_animation_delay&quot;:300}\" data-widget_type=\"heading.default\">\n\t\t\t\t<div class=\"elementor-widget-container\">\n\t\t\t\t\t<h1 class=\"elementor-heading-title elementor-size-default\">STARPTAUTISKAIS KOKA SKULPT\u016aRU FESTIV\u0100LS \u201cOTR\u0100 ELPA\u201d 2023<\/h1>\t\t\t\t<\/div>\n\t\t\t\t<\/div>\n\t\t\t\t\t<\/div>\n\t\t<\/div>\n\t\t\t\t\t<\/div>\n\t\t<\/section>\n\t\t<div class=\"elementor-element elementor-element-21553ce e-flex e-con-boxed e-con e-parent\" data-id=\"21553ce\" data-element_type=\"container\" data-e-type=\"container\">\n\t\t\t\t\t<div class=\"e-con-inner\">\n\t\t\t\t<div class=\"elementor-element elementor-element-330249f elementor-widget elementor-widget-text-editor\" data-id=\"330249f\" data-element_type=\"widget\" data-e-type=\"widget\" data-widget_type=\"text-editor.default\">\n\t\t\t\t<div class=\"elementor-widget-container\">\n\t\t\t\t\t\t\t\t\t<p>Pasta sal\u0101 norisin\u0101j\u0101s Starptautiskais koka skulpt\u016bru festiv\u0101ls \u201cOtr\u0101 elpa\u201d, kura gait\u0101 \u010detri t\u0113lnieki no Latvijas un Lietuvas \u2013 Ainars Zingniks, M\u0101ris Gailis, Tautvilas Povilionis un Mindaugas Tendziagolskis \u2013\u00a0 no 21. l\u012bdz 30. apr\u012blim veidoja pasaku tematikai velt\u012btas skulpt\u016bras. Koka m\u0101kslas darbi p\u0113c pabeig\u0161anas tika izvietoti za\u013caj\u0101 zon\u0101 pie Zvaig\u017e\u0146u d\u012b\u0137a, t\u0101d\u0113j\u0101di papildinot jau aizs\u0101kto skulpt\u016bru ansambli. Starptautisko koka skulpt\u016bru simpoziju organiz\u0113 Jelgavas valstspils\u0113ta un iest\u0101de \u201cKult\u016bra\u201d, atbalsta \u201cHusquarna\u201d un \u201cPils\u0113tas elpa\u201d.<\/p>\t\t\t\t\t\t\t\t<\/div>\n\t\t\t\t<\/div>\n\t\t\t\t\t<\/div>\n\t\t\t\t<\/div>\n\t\t<div class=\"elementor-element elementor-element-75d460c e-flex e-con-boxed e-con e-parent\" data-id=\"75d460c\" data-element_type=\"container\" data-e-type=\"container\">\n\t\t\t\t\t<div class=\"e-con-inner\">\n\t\t<div class=\"elementor-element elementor-element-68dfbc5 e-con-full e-flex e-con e-child\" data-id=\"68dfbc5\" data-element_type=\"container\" data-e-type=\"container\">\n\t\t\t\t<div class=\"elementor-element elementor-element-6a91aed elementor-widget elementor-widget-image\" data-id=\"6a91aed\" data-element_type=\"widget\" data-e-type=\"widget\" data-widget_type=\"image.default\">\n\t\t\t\t<div class=\"elementor-widget-container\">\n\t\t\t\t\t\t\t\t\t\t\t\t\t\t\t\t<a href=\"https:\/\/kultura.jelgava.lv\/wp-content\/uploads\/2024\/04\/KOKS_0.jpg\" data-elementor-open-lightbox=\"yes\" data-elementor-lightbox-title=\"KOKS_0\" data-e-action-hash=\"#elementor-action%3Aaction%3Dlightbox%26settings%3DeyJpZCI6OTc0MywidXJsIjoiaHR0cHM6XC9cL2t1bHR1cmEuamVsZ2F2YS5sdlwvd3AtY29udGVudFwvdXBsb2Fkc1wvMjAyNFwvMDRcL0tPS1NfMC5qcGcifQ%3D%3D\">\n\t\t\t\t\t\t\t<img fetchpriority=\"high\" decoding=\"async\" width=\"800\" height=\"534\" src=\"https:\/\/kultura.jelgava.lv\/wp-content\/uploads\/2024\/04\/KOKS_0-1024x683.jpg\" class=\"attachment-large size-large wp-image-9743\" alt=\"\" srcset=\"https:\/\/kultura.jelgava.lv\/wp-content\/uploads\/2024\/04\/KOKS_0-1024x683.jpg 1024w, https:\/\/kultura.jelgava.lv\/wp-content\/uploads\/2024\/04\/KOKS_0-300x200.jpg 300w, https:\/\/kultura.jelgava.lv\/wp-content\/uploads\/2024\/04\/KOKS_0-768x512.jpg 768w, https:\/\/kultura.jelgava.lv\/wp-content\/uploads\/2024\/04\/KOKS_0-18x12.jpg 18w, https:\/\/kultura.jelgava.lv\/wp-content\/uploads\/2024\/04\/KOKS_0.jpg 1200w\" sizes=\"(max-width: 800px) 100vw, 800px\" \/>\t\t\t\t\t\t\t\t<\/a>\n\t\t\t\t\t\t\t\t\t\t\t\t\t\t\t<\/div>\n\t\t\t\t<\/div>\n\t\t\t\t<\/div>\n\t\t<div class=\"elementor-element elementor-element-35cb4c5 e-con-full e-flex e-con e-child\" data-id=\"35cb4c5\" data-element_type=\"container\" data-e-type=\"container\">\n\t\t\t\t<div class=\"elementor-element elementor-element-c7f27b7 elementor-widget elementor-widget-image\" data-id=\"c7f27b7\" data-element_type=\"widget\" data-e-type=\"widget\" data-widget_type=\"image.default\">\n\t\t\t\t<div class=\"elementor-widget-container\">\n\t\t\t\t\t\t\t\t\t\t\t\t\t\t\t\t<a href=\"https:\/\/kultura.jelgava.lv\/wp-content\/uploads\/2024\/04\/otra_elpa.jpg\" data-elementor-open-lightbox=\"yes\" data-elementor-lightbox-title=\"otra_elpa\" data-e-action-hash=\"#elementor-action%3Aaction%3Dlightbox%26settings%3DeyJpZCI6OTc0NCwidXJsIjoiaHR0cHM6XC9cL2t1bHR1cmEuamVsZ2F2YS5sdlwvd3AtY29udGVudFwvdXBsb2Fkc1wvMjAyNFwvMDRcL290cmFfZWxwYS5qcGcifQ%3D%3D\">\n\t\t\t\t\t\t\t<img decoding=\"async\" width=\"800\" height=\"534\" src=\"https:\/\/kultura.jelgava.lv\/wp-content\/uploads\/2024\/04\/otra_elpa-1024x683.jpg\" class=\"attachment-large size-large wp-image-9744\" alt=\"\" srcset=\"https:\/\/kultura.jelgava.lv\/wp-content\/uploads\/2024\/04\/otra_elpa-1024x683.jpg 1024w, https:\/\/kultura.jelgava.lv\/wp-content\/uploads\/2024\/04\/otra_elpa-300x200.jpg 300w, https:\/\/kultura.jelgava.lv\/wp-content\/uploads\/2024\/04\/otra_elpa-768x512.jpg 768w, https:\/\/kultura.jelgava.lv\/wp-content\/uploads\/2024\/04\/otra_elpa-1536x1024.jpg 1536w, https:\/\/kultura.jelgava.lv\/wp-content\/uploads\/2024\/04\/otra_elpa-18x12.jpg 18w, https:\/\/kultura.jelgava.lv\/wp-content\/uploads\/2024\/04\/otra_elpa.jpg 2048w\" sizes=\"(max-width: 800px) 100vw, 800px\" \/>\t\t\t\t\t\t\t\t<\/a>\n\t\t\t\t\t\t\t\t\t\t\t\t\t\t\t<\/div>\n\t\t\t\t<\/div>\n\t\t\t\t<\/div>\n\t\t\t\t\t<\/div>\n\t\t\t\t<\/div>\n\t\t<div class=\"elementor-element elementor-element-ec37fcb e-flex e-con-boxed e-con e-parent\" data-id=\"ec37fcb\" data-element_type=\"container\" data-e-type=\"container\">\n\t\t\t\t\t<div class=\"e-con-inner\">\n\t\t\t\t<div class=\"elementor-element elementor-element-d36bb84 elementor-invisible elementor-widget elementor-widget-heading\" data-id=\"d36bb84\" data-element_type=\"widget\" data-e-type=\"widget\" data-settings=\"{&quot;_animation&quot;:&quot;fadeIn&quot;}\" data-widget_type=\"heading.default\">\n\t\t\t\t<div class=\"elementor-widget-container\">\n\t\t\t\t\t<h2 class=\"elementor-heading-title elementor-size-default\">Organized by<\/h2>\t\t\t\t<\/div>\n\t\t\t\t<\/div>\n\t\t\t\t\t<\/div>\n\t\t\t\t<\/div>\n\t\t<div class=\"elementor-element elementor-element-86feaa7 e-flex e-con-boxed elementor-invisible e-con e-parent\" data-id=\"86feaa7\" data-element_type=\"container\" data-e-type=\"container\" data-settings=\"{&quot;animation&quot;:&quot;fadeIn&quot;}\">\n\t\t\t\t\t<div class=\"e-con-inner\">\n\t\t<div class=\"elementor-element elementor-element-14721a8 e-con-full e-flex e-con e-child\" data-id=\"14721a8\" data-element_type=\"container\" data-e-type=\"container\">\n\t\t\t\t<div class=\"elementor-element elementor-element-9fdd4c1 elementor-widget elementor-widget-image\" data-id=\"9fdd4c1\" data-element_type=\"widget\" data-e-type=\"widget\" data-widget_type=\"image.default\">\n\t\t\t\t<div class=\"elementor-widget-container\">\n\t\t\t\t\t\t\t\t\t\t\t\t\t\t\t<img decoding=\"async\" width=\"274\" height=\"110\" src=\"https:\/\/kultura.jelgava.lv\/wp-content\/uploads\/2024\/02\/Kulttura_black.png\" class=\"attachment-large size-large wp-image-1222\" alt=\"\" \/>\t\t\t\t\t\t\t\t\t\t\t\t\t\t\t<\/div>\n\t\t\t\t<\/div>\n\t\t\t\t<\/div>\n\t\t<div class=\"elementor-element elementor-element-4fa44b8 e-con-full e-flex e-con e-child\" data-id=\"4fa44b8\" data-element_type=\"container\" data-e-type=\"container\">\n\t\t\t\t<div class=\"elementor-element elementor-element-ac11e4f elementor-widget elementor-widget-image\" data-id=\"ac11e4f\" data-element_type=\"widget\" data-e-type=\"widget\" data-widget_type=\"image.default\">\n\t\t\t\t<div class=\"elementor-widget-container\">\n\t\t\t\t\t\t\t\t\t\t\t\t\t\t\t<img loading=\"lazy\" decoding=\"async\" width=\"274\" height=\"110\" src=\"https:\/\/kultura.jelgava.lv\/wp-content\/uploads\/2024\/02\/Jelgava_pilseta_izaugsmei_LV_black.png\" class=\"attachment-large size-large wp-image-1221\" alt=\"\" \/>\t\t\t\t\t\t\t\t\t\t\t\t\t\t\t<\/div>\n\t\t\t\t<\/div>\n\t\t\t\t<\/div>\n\t\t\t\t\t<\/div>\n\t\t\t\t<\/div>\n\t\t<div class=\"elementor-element elementor-element-f3ab804 e-con-full e-flex e-con e-parent\" data-id=\"f3ab804\" data-element_type=\"container\" data-e-type=\"container\">\n\t\t\t\t<div class=\"elementor-element elementor-element-6ae135f elementor-widget-divider--view-line elementor-widget elementor-widget-divider\" data-id=\"6ae135f\" data-element_type=\"widget\" data-e-type=\"widget\" data-widget_type=\"divider.default\">\n\t\t\t\t<div class=\"elementor-widget-container\">\n\t\t\t\t\t\t\t<div class=\"elementor-divider\">\n\t\t\t<span class=\"elementor-divider-separator\">\n\t\t\t\t\t\t<\/span>\n\t\t<\/div>\n\t\t\t\t\t\t<\/div>\n\t\t\t\t<\/div>\n\t\t\t\t<\/div>\n\t\t<div class=\"elementor-element elementor-element-a77e1a4 e-flex e-con-boxed e-con e-parent\" data-id=\"a77e1a4\" data-element_type=\"container\" data-e-type=\"container\">\n\t\t\t\t\t<div class=\"e-con-inner\">\n\t\t\t\t<div class=\"elementor-element elementor-element-b1060da elementor-invisible elementor-widget elementor-widget-heading\" data-id=\"b1060da\" data-element_type=\"widget\" data-e-type=\"widget\" data-settings=\"{&quot;_animation&quot;:&quot;fadeIn&quot;}\" data-widget_type=\"heading.default\">\n\t\t\t\t<div class=\"elementor-widget-container\">\n\t\t\t\t\t<h2 class=\"elementor-heading-title elementor-size-default\">SUPPORTERS<\/h2>\t\t\t\t<\/div>\n\t\t\t\t<\/div>\n\t\t\t\t\t<\/div>\n\t\t\t\t<\/div>\n\t\t<div class=\"elementor-element elementor-element-2f31691 e-flex e-con-boxed e-con e-parent\" data-id=\"2f31691\" data-element_type=\"container\" data-e-type=\"container\">\n\t\t\t\t\t<div class=\"e-con-inner\">\n\t\t\t\t<div class=\"elementor-element elementor-element-4329a53 gallery-spacing-custom elementor-widget elementor-widget-image-gallery\" data-id=\"4329a53\" data-element_type=\"widget\" data-e-type=\"widget\" data-widget_type=\"image-gallery.default\">\n\t\t\t\t<div class=\"elementor-widget-container\">\n\t\t\t\t\t\t\t<div class=\"elementor-image-gallery\">\n\t\t\t<div id='gallery-1' class='gallery galleryid-9739 gallery-columns-2 gallery-size-full'><figure class='gallery-item'>\n\t\t\t<div class='gallery-icon landscape'>\n\t\t\t\t<img loading=\"lazy\" decoding=\"async\" width=\"242\" height=\"160\" src=\"https:\/\/kultura.jelgava.lv\/wp-content\/uploads\/2024\/02\/Husqvarna-logo.png\" class=\"attachment-full size-full\" alt=\"\" \/>\n\t\t\t<\/div><\/figure><figure class='gallery-item'>\n\t\t\t<div class='gallery-icon landscape'>\n\t\t\t\t<img loading=\"lazy\" decoding=\"async\" width=\"168\" height=\"84\" src=\"https:\/\/kultura.jelgava.lv\/wp-content\/uploads\/2024\/02\/Elpa.png\" class=\"attachment-full size-full\" alt=\"\" \/>\n\t\t\t<\/div><\/figure>\n\t\t<\/div>\n\t\t<\/div>\n\t\t\t\t\t\t<\/div>\n\t\t\t\t<\/div>\n\t\t\t\t\t<\/div>\n\t\t\t\t<\/div>\n\t\t\t\t<\/div>","protected":false},"excerpt":{"rendered":"<p>STARPTAUTISKAIS KOKA SKULPT\u016aRU FESTIV\u0100LS \u201cOTR\u0100 ELPA\u201d 2023 Pasta sal\u0101 norisin\u0101j\u0101s Starptautiskais koka skulpt\u016bru festiv\u0101ls \u201cOtr\u0101 elpa\u201d, kura gait\u0101 \u010detri t\u0113lnieki no Latvijas un Lietuvas \u2013 Ainars Zingniks, M\u0101ris Gailis, Tautvilas Povilionis un Mindaugas Tendziagolskis \u2013\u00a0 no 21. l\u012bdz 30. apr\u012blim veidoja pasaku tematikai velt\u012btas skulpt\u016bras. Koka m\u0101kslas darbi p\u0113c pabeig\u0161anas tika izvietoti za\u013caj\u0101 zon\u0101 pie [&hellip;]<\/p>\n","protected":false},"author":1,"featured_media":0,"parent":0,"menu_order":0,"comment_status":"closed","ping_status":"closed","template":"","meta":{"footnotes":""},"class_list":["post-9739","page","type-page","status-publish","hentry"],"_links":{"self":[{"href":"https:\/\/kultura.jelgava.lv\/en\/wp-json\/wp\/v2\/pages\/9739","targetHints":{"allow":["GET"]}}],"collection":[{"href":"https:\/\/kultura.jelgava.lv\/en\/wp-json\/wp\/v2\/pages"}],"about":[{"href":"https:\/\/kultura.jelgava.lv\/en\/wp-json\/wp\/v2\/types\/page"}],"author":[{"embeddable":true,"href":"https:\/\/kultura.jelgava.lv\/en\/wp-json\/wp\/v2\/users\/1"}],"replies":[{"embeddable":true,"href":"https:\/\/kultura.jelgava.lv\/en\/wp-json\/wp\/v2\/comments?post=9739"}],"version-history":[{"count":13,"href":"https:\/\/kultura.jelgava.lv\/en\/wp-json\/wp\/v2\/pages\/9739\/revisions"}],"predecessor-version":[{"id":9759,"href":"https:\/\/kultura.jelgava.lv\/en\/wp-json\/wp\/v2\/pages\/9739\/revisions\/9759"}],"wp:attachment":[{"href":"https:\/\/kultura.jelgava.lv\/en\/wp-json\/wp\/v2\/media?parent=9739"}],"curies":[{"name":"wp","href":"https:\/\/api.w.org\/{rel}","templated":true}]}}