{"id":9671,"date":"2024-04-03T21:09:53","date_gmt":"2024-04-03T18:09:53","guid":{"rendered":"http:\/\/edgars.tma-hosting.de\/?page_id=9671"},"modified":"2025-11-08T12:45:09","modified_gmt":"2025-11-08T10:45:09","slug":"deju-nams","status":"publish","type":"page","link":"https:\/\/kultura.jelgava.lv\/en\/deju-nams\/","title":{"rendered":"DANCE HOUSE"},"content":{"rendered":"<div data-elementor-type=\"wp-page\" data-elementor-id=\"9671\" class=\"elementor elementor-9671\" data-elementor-post-type=\"page\">\n\t\t\t\t\t\t<section class=\"elementor-section elementor-top-section elementor-element elementor-element-608c16b elementor-section-full_width elementor-section-height-min-height elementor-section-height-default elementor-section-items-middle\" data-id=\"608c16b\" data-element_type=\"section\" data-e-type=\"section\" data-settings=\"{&quot;background_background&quot;:&quot;classic&quot;}\">\n\t\t\t\t\t\t\t<div class=\"elementor-background-overlay\"><\/div>\n\t\t\t\t\t\t\t<div class=\"elementor-container elementor-column-gap-no\">\n\t\t\t\t\t<div class=\"elementor-column elementor-col-100 elementor-top-column elementor-element elementor-element-0dab1af\" data-id=\"0dab1af\" data-element_type=\"column\" data-e-type=\"column\">\n\t\t\t<div class=\"elementor-widget-wrap elementor-element-populated\">\n\t\t\t\t\t\t<div class=\"elementor-element elementor-element-88e157c animated-slow elementor-invisible elementor-widget elementor-widget-heading\" data-id=\"88e157c\" data-element_type=\"widget\" data-e-type=\"widget\" data-settings=\"{&quot;_animation&quot;:&quot;fadeIn&quot;,&quot;_animation_delay&quot;:300}\" data-widget_type=\"heading.default\">\n\t\t\t\t<div class=\"elementor-widget-container\">\n\t\t\t\t\t<h1 class=\"elementor-heading-title elementor-size-default\">DANCE HOUSE<\/h1>\t\t\t\t<\/div>\n\t\t\t\t<\/div>\n\t\t\t\t\t<\/div>\n\t\t<\/div>\n\t\t\t\t\t<\/div>\n\t\t<\/section>\n\t\t<div class=\"elementor-element elementor-element-58a7407 e-flex e-con-boxed e-con e-parent\" data-id=\"58a7407\" data-element_type=\"container\" data-e-type=\"container\">\n\t\t\t\t\t<div class=\"e-con-inner\">\n\t\t<div class=\"elementor-element elementor-element-a549334 e-con-full e-flex e-con e-child\" data-id=\"a549334\" data-element_type=\"container\" data-e-type=\"container\">\n\t\t\t\t<div class=\"elementor-element elementor-element-42befc9 elementor-widget elementor-widget-text-editor\" data-id=\"42befc9\" data-element_type=\"widget\" data-e-type=\"widget\" data-widget_type=\"text-editor.default\">\n\t\t\t\t<div class=\"elementor-widget-container\">\n\t\t\t\t\t\t\t\t\t<div><strong>ABOUT THE DANCING HOUSE\u00a0<\/strong><\/div><div><em>(Cukura street 22)<\/em><\/div><div>\u00a0<\/div><div>The \"Dance House\" of Jelgava state city municipal institution \"Kult\u016bra\" offers high-quality and versatile physical activities for both children and adults. Come and learn different dance styles and sports together.\u00a0<\/div><div>\u00a0<\/div><div><p>In the center there are cozy, bright and spacious rooms - the big hall, the ballet hall and the TRX hall.<\/p><\/div>\t\t\t\t\t\t\t\t<\/div>\n\t\t\t\t<\/div>\n\t\t\t\t<\/div>\n\t\t<div class=\"elementor-element elementor-element-286749a e-con-full e-flex e-con e-child\" data-id=\"286749a\" data-element_type=\"container\" data-e-type=\"container\">\n\t\t\t\t<div class=\"elementor-element elementor-element-7d56dec elementor-widget elementor-widget-image\" data-id=\"7d56dec\" data-element_type=\"widget\" data-e-type=\"widget\" data-widget_type=\"image.default\">\n\t\t\t\t<div class=\"elementor-widget-container\">\n\t\t\t\t\t\t\t\t\t\t\t\t\t\t\t<img fetchpriority=\"high\" decoding=\"async\" width=\"749\" height=\"460\" src=\"https:\/\/kultura.jelgava.lv\/wp-content\/uploads\/2024\/04\/CUKURFABRIKA.png\" class=\"attachment-large size-large wp-image-9674\" alt=\"\" srcset=\"https:\/\/kultura.jelgava.lv\/wp-content\/uploads\/2024\/04\/CUKURFABRIKA.png 749w, https:\/\/kultura.jelgava.lv\/wp-content\/uploads\/2024\/04\/CUKURFABRIKA-300x184.png 300w, https:\/\/kultura.jelgava.lv\/wp-content\/uploads\/2024\/04\/CUKURFABRIKA-18x12.png 18w\" sizes=\"(max-width: 749px) 100vw, 749px\" \/>\t\t\t\t\t\t\t\t\t\t\t\t\t\t\t<\/div>\n\t\t\t\t<\/div>\n\t\t\t\t<\/div>\n\t\t\t\t\t<\/div>\n\t\t\t\t<\/div>\n\t\t<div class=\"elementor-element elementor-element-61a1db0 e-flex e-con-boxed e-con e-parent\" data-id=\"61a1db0\" data-element_type=\"container\" data-e-type=\"container\">\n\t\t\t\t\t<div class=\"e-con-inner\">\n\t\t\t\t<div class=\"elementor-element elementor-element-3dc943e elementor-widget-divider--view-line elementor-widget elementor-widget-divider\" data-id=\"3dc943e\" data-element_type=\"widget\" data-e-type=\"widget\" data-widget_type=\"divider.default\">\n\t\t\t\t<div class=\"elementor-widget-container\">\n\t\t\t\t\t\t\t<div class=\"elementor-divider\">\n\t\t\t<span class=\"elementor-divider-separator\">\n\t\t\t\t\t\t<\/span>\n\t\t<\/div>\n\t\t\t\t\t\t<\/div>\n\t\t\t\t<\/div>\n\t\t\t\t\t<\/div>\n\t\t\t\t<\/div>\n\t\t<div class=\"elementor-element elementor-element-cfaaa7e e-flex e-con-boxed e-con e-parent\" data-id=\"cfaaa7e\" data-element_type=\"container\" data-e-type=\"container\">\n\t\t\t\t\t<div class=\"e-con-inner\">\n\t\t\t\t<div class=\"elementor-element elementor-element-4cc6808 elementor-widget elementor-widget-text-editor\" data-id=\"4cc6808\" data-element_type=\"widget\" data-e-type=\"widget\" data-widget_type=\"text-editor.default\">\n\t\t\t\t<div class=\"elementor-widget-container\">\n\t\t\t\t\t\t\t\t\t<p><strong>ROOM RENTALS<\/strong><\/p><p><span lang=\"LV\" xml:lang=\"LV\">Jelgavas valstspils\u0113tas pa\u0161vald\u012bbas iest\u0101de \u201cKult\u016bra\u201d vald\u012bjum\u0101 atrodas nekustamais \u012bpa\u0161ums Cukura iel\u0101 22, Jelgav\u0101 (Deju nams), aicin\u0101m pieteikties potenci\u0101los \u012brniekus telpu nomai.<\/span><\/p><p><span lang=\"LV\" xml:lang=\"LV\">The premises are suitable for providing sports, dance and other classes and services. Available spaces for rent \u2013 Great hall (332 m2), office space (33 m2), ballet hall (121 m2), acrobatics hall (145.5 m2), teacher's room (71.8 m2).<\/span><\/p><p><span lang=\"LV\" xml:lang=\"LV\">Times available for rent - every working day from 8:00 a.m. to 2:00 p.m. The minimum rental time of the premises is 1 hour, prior to coordinating the times with the responsible person of JVPI \"Kult\u016bra\".<\/span><\/p><p><span lang=\"LV\" xml:lang=\"LV\">Room rental price list: www.kultura.jelgava.lv<\/span><\/p><p><span lang=\"LV\" xml:lang=\"LV\">Phone for inquiries - 28286316<\/span><\/p>\t\t\t\t\t\t\t\t<\/div>\n\t\t\t\t<\/div>\n\t\t\t\t\t<\/div>\n\t\t\t\t<\/div>\n\t\t<div class=\"elementor-element elementor-element-e3d996e e-flex e-con-boxed e-con e-parent\" data-id=\"e3d996e\" data-element_type=\"container\" data-e-type=\"container\">\n\t\t\t\t\t<div class=\"e-con-inner\">\n\t\t\t\t<div class=\"elementor-element elementor-element-dc60576 elementor-widget-divider--view-line elementor-widget elementor-widget-divider\" data-id=\"dc60576\" data-element_type=\"widget\" data-e-type=\"widget\" data-widget_type=\"divider.default\">\n\t\t\t\t<div class=\"elementor-widget-container\">\n\t\t\t\t\t\t\t<div class=\"elementor-divider\">\n\t\t\t<span class=\"elementor-divider-separator\">\n\t\t\t\t\t\t<\/span>\n\t\t<\/div>\n\t\t\t\t\t\t<\/div>\n\t\t\t\t<\/div>\n\t\t\t\t\t<\/div>\n\t\t\t\t<\/div>\n\t\t<div class=\"elementor-element elementor-element-c6aa085 e-flex e-con-boxed e-con e-parent\" data-id=\"c6aa085\" data-element_type=\"container\" data-e-type=\"container\">\n\t\t\t\t\t<div class=\"e-con-inner\">\n\t\t\t\t<div class=\"elementor-element elementor-element-1960cba elementor-widget elementor-widget-text-editor\" data-id=\"1960cba\" data-element_type=\"widget\" data-e-type=\"widget\" data-widget_type=\"text-editor.default\">\n\t\t\t\t<div class=\"elementor-widget-container\">\n\t\t\t\t\t\t\t\t\t<p class=\"text-align-center\"><strong>FOR COMMUNICATION<\/strong>\u00a0kultura@kultura.jelgava.lv<\/p><p class=\"text-align-center\">Cukura street 22, Jelgava<\/p>\t\t\t\t\t\t\t\t<\/div>\n\t\t\t\t<\/div>\n\t\t\t\t\t<\/div>\n\t\t\t\t<\/div>\n\t\t\t\t<\/div>","protected":false},"excerpt":{"rendered":"<p>DEJU NAMS PAR DEJU\u00a0 NAMU\u00a0(Cukura iela 22)\u00a0Jelgavas valstspils\u0113tas pa\u0161vald\u012bbas iest\u0101des &#8220;Kult\u016bra&#8221; &#8220;Deju nams&#8221;\u00a0pied\u0101v\u0101 kvalitat\u012bvas un daudzpus\u012bgas fizisk\u0101s aktivit\u0101tes k\u0101 b\u0113rniem t\u0101 ar\u012b pieaugu\u0161ajiem. N\u0101c ciemos un kop\u0101 apg\u016bsim da\u017e\u0101dus dejas stilus un sporta nodarb\u012bbas.\u00a0\u00a0 Centr\u0101 atrodas m\u0101j\u012bgas, gai\u0161as un pla\u0161as telpas \u2013 liel\u0101 z\u0101le, baleta z\u0101le un TRX z\u0101le. TELPU \u012aRE Jelgavas valstspils\u0113tas pa\u0161vald\u012bbas iest\u0101de [&hellip;]<\/p>\n","protected":false},"author":1,"featured_media":0,"parent":0,"menu_order":0,"comment_status":"closed","ping_status":"closed","template":"","meta":{"footnotes":""},"class_list":["post-9671","page","type-page","status-publish","hentry"],"_links":{"self":[{"href":"https:\/\/kultura.jelgava.lv\/en\/wp-json\/wp\/v2\/pages\/9671","targetHints":{"allow":["GET"]}}],"collection":[{"href":"https:\/\/kultura.jelgava.lv\/en\/wp-json\/wp\/v2\/pages"}],"about":[{"href":"https:\/\/kultura.jelgava.lv\/en\/wp-json\/wp\/v2\/types\/page"}],"author":[{"embeddable":true,"href":"https:\/\/kultura.jelgava.lv\/en\/wp-json\/wp\/v2\/users\/1"}],"replies":[{"embeddable":true,"href":"https:\/\/kultura.jelgava.lv\/en\/wp-json\/wp\/v2\/comments?post=9671"}],"version-history":[{"count":25,"href":"https:\/\/kultura.jelgava.lv\/en\/wp-json\/wp\/v2\/pages\/9671\/revisions"}],"predecessor-version":[{"id":16277,"href":"https:\/\/kultura.jelgava.lv\/en\/wp-json\/wp\/v2\/pages\/9671\/revisions\/16277"}],"wp:attachment":[{"href":"https:\/\/kultura.jelgava.lv\/en\/wp-json\/wp\/v2\/media?parent=9671"}],"curies":[{"name":"wp","href":"https:\/\/api.w.org\/{rel}","templated":true}]}}