{"id":4241,"date":"2024-03-26T22:31:20","date_gmt":"2024-03-26T20:31:20","guid":{"rendered":"http:\/\/edgars.tma-hosting.de\/?page_id=4241"},"modified":"2024-03-26T22:33:09","modified_gmt":"2024-03-26T20:33:09","slug":"adolfa-alunana-jelgavas-teatris","status":"publish","type":"page","link":"https:\/\/kultura.jelgava.lv\/en\/adolfa-alunana-jelgavas-teatris\/","title":{"rendered":"\u0100dolfa Alun\u0101na Jelgava Theater"},"content":{"rendered":"<div data-elementor-type=\"wp-page\" data-elementor-id=\"4241\" class=\"elementor elementor-4241\" data-elementor-post-type=\"page\">\n\t\t\t\t\t\t<section class=\"elementor-section elementor-top-section elementor-element elementor-element-5a7d32c3 elementor-section-full_width elementor-section-height-min-height elementor-section-height-default elementor-section-items-middle\" data-id=\"5a7d32c3\" data-element_type=\"section\" data-e-type=\"section\" data-settings=\"{&quot;background_background&quot;:&quot;classic&quot;}\">\n\t\t\t\t\t\t\t<div class=\"elementor-background-overlay\"><\/div>\n\t\t\t\t\t\t\t<div class=\"elementor-container elementor-column-gap-no\">\n\t\t\t\t\t<div class=\"elementor-column elementor-col-100 elementor-top-column elementor-element elementor-element-1f2b2c8d\" data-id=\"1f2b2c8d\" data-element_type=\"column\" data-e-type=\"column\">\n\t\t\t<div class=\"elementor-widget-wrap elementor-element-populated\">\n\t\t\t\t\t\t<div class=\"elementor-element elementor-element-651e7460 animated-slow elementor-invisible elementor-widget elementor-widget-heading\" data-id=\"651e7460\" data-element_type=\"widget\" data-e-type=\"widget\" data-settings=\"{&quot;_animation&quot;:&quot;fadeIn&quot;,&quot;_animation_delay&quot;:300}\" data-widget_type=\"heading.default\">\n\t\t\t\t<div class=\"elementor-widget-container\">\n\t\t\t\t\t<h2 class=\"elementor-heading-title elementor-size-default\">\u0100dolfa Alun\u0101na Jelgava Theater<\/h2>\t\t\t\t<\/div>\n\t\t\t\t<\/div>\n\t\t\t\t\t<\/div>\n\t\t<\/div>\n\t\t\t\t\t<\/div>\n\t\t<\/section>\n\t\t\t\t<section class=\"elementor-section elementor-top-section elementor-element elementor-element-83de8c0 elementor-section-boxed elementor-section-height-default elementor-section-height-default\" data-id=\"83de8c0\" data-element_type=\"section\" data-e-type=\"section\" data-settings=\"{&quot;background_background&quot;:&quot;classic&quot;}\">\n\t\t\t\t\t\t\t<div class=\"elementor-background-overlay\"><\/div>\n\t\t\t\t\t\t\t<div class=\"elementor-container elementor-column-gap-no\">\n\t\t\t\t\t<div class=\"elementor-column elementor-col-100 elementor-top-column elementor-element elementor-element-80a1cd4\" data-id=\"80a1cd4\" data-element_type=\"column\" data-e-type=\"column\">\n\t\t\t<div class=\"elementor-widget-wrap elementor-element-populated\">\n\t\t\t\t\t\t<section class=\"elementor-section elementor-inner-section elementor-element elementor-element-bda2d97 elementor-section-full_width elementor-section-height-default elementor-section-height-default\" data-id=\"bda2d97\" data-element_type=\"section\" data-e-type=\"section\">\n\t\t\t\t\t\t<div class=\"elementor-container elementor-column-gap-no\">\n\t\t\t\t\t<div class=\"elementor-column elementor-col-50 elementor-inner-column elementor-element elementor-element-1aaa2a4\" data-id=\"1aaa2a4\" data-element_type=\"column\" data-e-type=\"column\">\n\t\t\t<div class=\"elementor-widget-wrap elementor-element-populated\">\n\t\t\t\t\t\t<div class=\"elementor-element elementor-element-8771f3c elementor-widget elementor-widget-text-editor\" data-id=\"8771f3c\" data-element_type=\"widget\" data-e-type=\"widget\" data-widget_type=\"text-editor.default\">\n\t\t\t\t<div class=\"elementor-widget-container\">\n\t\t\t\t\t\t\t\t\t<div class=\"joined-leader\"><p><strong><span style=\"color: #a79870;\">MANAGER:<\/span> DACE VILNE<\/strong><\/p><\/div><div class=\"joined-lesson\"><strong><span style=\"color: #a79870;\">LESSONS:<\/span> MONDAYS, THURSDAYS 15.00 \u2013 19.00<\/strong><\/div>\t\t\t\t\t\t\t\t<\/div>\n\t\t\t\t<\/div>\n\t\t\t\t\t<\/div>\n\t\t<\/div>\n\t\t\t\t<div class=\"elementor-column elementor-col-50 elementor-inner-column elementor-element elementor-element-713b871\" data-id=\"713b871\" data-element_type=\"column\" data-e-type=\"column\">\n\t\t\t<div class=\"elementor-widget-wrap elementor-element-populated\">\n\t\t\t\t\t\t<div class=\"elementor-element elementor-element-8b7b6fb elementor-widget elementor-widget-image\" data-id=\"8b7b6fb\" data-element_type=\"widget\" data-e-type=\"widget\" data-widget_type=\"image.default\">\n\t\t\t\t<div class=\"elementor-widget-container\">\n\t\t\t\t\t\t\t\t\t\t\t\t\t\t\t<img decoding=\"async\" width=\"200\" height=\"200\" src=\"https:\/\/kultura.jelgava.lv\/wp-content\/uploads\/2024\/03\/Alunans_logo_0_0.jpg\" class=\"attachment-large size-large wp-image-4246\" alt=\"\" srcset=\"https:\/\/kultura.jelgava.lv\/wp-content\/uploads\/2024\/03\/Alunans_logo_0_0.jpg 200w, https:\/\/kultura.jelgava.lv\/wp-content\/uploads\/2024\/03\/Alunans_logo_0_0-150x150.jpg 150w, https:\/\/kultura.jelgava.lv\/wp-content\/uploads\/2024\/03\/Alunans_logo_0_0-12x12.jpg 12w\" sizes=\"(max-width: 200px) 100vw, 200px\" \/>\t\t\t\t\t\t\t\t\t\t\t\t\t\t\t<\/div>\n\t\t\t\t<\/div>\n\t\t\t\t\t<\/div>\n\t\t<\/div>\n\t\t\t\t\t<\/div>\n\t\t<\/section>\n\t\t\t\t\t<\/div>\n\t\t<\/div>\n\t\t\t\t\t<\/div>\n\t\t<\/section>\n\t\t<div class=\"elementor-element elementor-element-29af69c e-flex e-con-boxed e-con e-parent\" data-id=\"29af69c\" data-element_type=\"container\" data-e-type=\"container\">\n\t\t\t\t\t<div class=\"e-con-inner\">\n\t\t\t\t<div class=\"elementor-element elementor-element-7762a3a elementor-widget elementor-widget-text-editor\" data-id=\"7762a3a\" data-element_type=\"widget\" data-e-type=\"widget\" data-widget_type=\"text-editor.default\">\n\t\t\t\t<div class=\"elementor-widget-container\">\n\t\t\t\t\t\t\t\t\t<p class=\"text-align-justify\">The \u0100dolfs Alun\u0101ns Jelgava Theater was founded in 1959, but it has been active in this field much earlier. In 1959, the dramatic collective of theater enthusiasts won the first place in the theater show of the republic with the play \"Jo pliks, jo traks\" by J\u0101nis Jaun\u0101n\u0101ns Jelgava People's Theater.<br \/>\u00a0<br \/>\"The Jelgava People's Theater is one of the rare ones in the republic, where the excitement of work has never stopped since its foundation.\" (Viktors Hausmanis, Literature and Theater Scholar)<br \/>\u00a0<br \/>At least three new plays are staged in the theater every year. Acting, speech and other basic principles of stage art are also learned at the youth studio of the \u0100dolfs Alun\u0101ns Jelgava theater, the 5th secondary school theater studio \"Chaika\" (in Russian), as well as the children's studio.<br \/>\u00a0<br \/>The theater's repertoire includes such shows as: J\u0101nis Jaunsudrabi\u0146\u0161's comedy \"Jo pliks yo traks\", R\u016bdolf Blauma\u0146\u0161's \"Skroderdienas Silma\u010dos\", M\u0101rti\u0146a Z\u012bvert \"Kurrpurr\u016b\", Voldem\u0101rs Sauleskalns' \"Meldermeiti\u0146a\", Frederick Law's musical \"My Beautiful Lady\", Tennessee Williams \"Summer and smoke\" by Aleksandra Dimas (son), \"Lady of Camellias\", \"Corridor\" by Aiva Birbele, \"Pijamas for six\" by Mark Camoleti, as well as performances for children \"Cinderella\" by Tamara Gabbes, \"Musicians of Bremen\" and other.<br \/>\u00a0<br \/>E-mail: alunana.teatris@gmail.com<br \/><a tabindex=\"-1\" href=\"http:\/\/www.draugiem.lv\/alunana.teatris\" target=\"_blank\" rel=\"noopener\">http:\/\/www.draugiem.lv\/alunana.teatris<\/a><br \/><a tabindex=\"-1\" href=\"http:\/\/www.facebook.com\/alunana.teatris\" target=\"_blank\" rel=\"noopener\">http:\/\/www.facebook.com\/alunana.teatris<\/a><\/p>\t\t\t\t\t\t\t\t<\/div>\n\t\t\t\t<\/div>\n\t\t\t\t\t<\/div>\n\t\t\t\t<\/div>\n\t\t\t\t<\/div>","protected":false},"excerpt":{"rendered":"<p>\u0100dolfa Alun\u0101na Jelgavas te\u0101tris VAD\u012aT\u0100JA: DACE VILNE NODARB\u012aBAS: PIRMDIEN\u0100S, CETURTDIEN\u0100S PLKST. 15.00 &#8211; 19.00 \u0100dolfa Alun\u0101na Jelgavas te\u0101tris dibin\u0101ts 1959.gad\u0101, bet akt\u012bva darbo\u0161an\u0101s \u0161aj\u0101 jom\u0101 bijusi jau krietni agr\u0101k. 1959.gad\u0101 te\u0101tra entuziastu dramatiskais kolekt\u012bvs ar J\u0101\u0146a Jaunsudrabi\u0146a lugu \u201eJo pliks, jo traks\u201d ieguva pirmo vietu republikas te\u0101tru skat\u0113, ieg\u016bstot ar\u012b goda nosaukumu \u2013 \u0100dolfa Alun\u0101na [&hellip;]<\/p>\n","protected":false},"author":1,"featured_media":0,"parent":0,"menu_order":0,"comment_status":"closed","ping_status":"closed","template":"","meta":{"footnotes":""},"class_list":["post-4241","page","type-page","status-publish","hentry"],"_links":{"self":[{"href":"https:\/\/kultura.jelgava.lv\/en\/wp-json\/wp\/v2\/pages\/4241","targetHints":{"allow":["GET"]}}],"collection":[{"href":"https:\/\/kultura.jelgava.lv\/en\/wp-json\/wp\/v2\/pages"}],"about":[{"href":"https:\/\/kultura.jelgava.lv\/en\/wp-json\/wp\/v2\/types\/page"}],"author":[{"embeddable":true,"href":"https:\/\/kultura.jelgava.lv\/en\/wp-json\/wp\/v2\/users\/1"}],"replies":[{"embeddable":true,"href":"https:\/\/kultura.jelgava.lv\/en\/wp-json\/wp\/v2\/comments?post=4241"}],"version-history":[{"count":13,"href":"https:\/\/kultura.jelgava.lv\/en\/wp-json\/wp\/v2\/pages\/4241\/revisions"}],"predecessor-version":[{"id":4255,"href":"https:\/\/kultura.jelgava.lv\/en\/wp-json\/wp\/v2\/pages\/4241\/revisions\/4255"}],"wp:attachment":[{"href":"https:\/\/kultura.jelgava.lv\/en\/wp-json\/wp\/v2\/media?parent=4241"}],"curies":[{"name":"wp","href":"https:\/\/api.w.org\/{rel}","templated":true}]}}