{"id":4220,"date":"2024-03-26T22:27:34","date_gmt":"2024-03-26T20:27:34","guid":{"rendered":"http:\/\/edgars.tma-hosting.de\/?page_id=4220"},"modified":"2024-11-14T10:28:01","modified_gmt":"2024-11-14T08:28:01","slug":"vokali-instrumentalais-ansamblis-zelta-stidzinas","status":"publish","type":"page","link":"https:\/\/kultura.jelgava.lv\/en\/vokali-instrumentalais-ansamblis-zelta-stidzinas\/","title":{"rendered":"VOCAL-INSTRUMENTAL ENSEMBLE \"GOLDEN STIDES\""},"content":{"rendered":"<div data-elementor-type=\"wp-page\" data-elementor-id=\"4220\" class=\"elementor elementor-4220\" data-elementor-post-type=\"page\">\n\t\t\t\t\t\t<section class=\"elementor-section elementor-top-section elementor-element elementor-element-5a7d32c3 elementor-section-full_width elementor-section-height-min-height elementor-section-height-default elementor-section-items-middle\" data-id=\"5a7d32c3\" data-element_type=\"section\" data-e-type=\"section\" data-settings=\"{&quot;background_background&quot;:&quot;classic&quot;}\">\n\t\t\t\t\t\t\t<div class=\"elementor-background-overlay\"><\/div>\n\t\t\t\t\t\t\t<div class=\"elementor-container elementor-column-gap-no\">\n\t\t\t\t\t<div class=\"elementor-column elementor-col-100 elementor-top-column elementor-element elementor-element-1f2b2c8d\" data-id=\"1f2b2c8d\" data-element_type=\"column\" data-e-type=\"column\">\n\t\t\t<div class=\"elementor-widget-wrap elementor-element-populated\">\n\t\t\t\t\t\t<div class=\"elementor-element elementor-element-651e7460 animated-slow elementor-invisible elementor-widget elementor-widget-heading\" data-id=\"651e7460\" data-element_type=\"widget\" data-e-type=\"widget\" data-settings=\"{&quot;_animation&quot;:&quot;fadeIn&quot;,&quot;_animation_delay&quot;:300}\" data-widget_type=\"heading.default\">\n\t\t\t\t<div class=\"elementor-widget-container\">\n\t\t\t\t\t<h2 class=\"elementor-heading-title elementor-size-default\">VOCAL-INSTRUMENTAL ENSEMBLE \"GOLDEN STIDES\"<\/h2>\t\t\t\t<\/div>\n\t\t\t\t<\/div>\n\t\t\t\t\t<\/div>\n\t\t<\/div>\n\t\t\t\t\t<\/div>\n\t\t<\/section>\n\t\t\t\t<section class=\"elementor-section elementor-top-section elementor-element elementor-element-83de8c0 elementor-section-boxed elementor-section-height-default elementor-section-height-default\" data-id=\"83de8c0\" data-element_type=\"section\" data-e-type=\"section\" data-settings=\"{&quot;background_background&quot;:&quot;classic&quot;}\">\n\t\t\t\t\t\t\t<div class=\"elementor-background-overlay\"><\/div>\n\t\t\t\t\t\t\t<div class=\"elementor-container elementor-column-gap-no\">\n\t\t\t\t\t<div class=\"elementor-column elementor-col-100 elementor-top-column elementor-element elementor-element-80a1cd4\" data-id=\"80a1cd4\" data-element_type=\"column\" data-e-type=\"column\">\n\t\t\t<div class=\"elementor-widget-wrap elementor-element-populated\">\n\t\t\t\t\t\t<section class=\"elementor-section elementor-inner-section elementor-element elementor-element-bda2d97 elementor-section-full_width elementor-section-height-default elementor-section-height-default\" data-id=\"bda2d97\" data-element_type=\"section\" data-e-type=\"section\">\n\t\t\t\t\t\t<div class=\"elementor-container elementor-column-gap-no\">\n\t\t\t\t\t<div class=\"elementor-column elementor-col-50 elementor-inner-column elementor-element elementor-element-1aaa2a4\" data-id=\"1aaa2a4\" data-element_type=\"column\" data-e-type=\"column\">\n\t\t\t<div class=\"elementor-widget-wrap elementor-element-populated\">\n\t\t\t\t\t\t<div class=\"elementor-element elementor-element-8771f3c elementor-widget elementor-widget-text-editor\" data-id=\"8771f3c\" data-element_type=\"widget\" data-e-type=\"widget\" data-widget_type=\"text-editor.default\">\n\t\t\t\t<div class=\"elementor-widget-container\">\n\t\t\t\t\t\t\t\t\t<div class=\"joined-leader\"><p><strong><span style=\"color: #a79870;\">MANAGER:<\/span> BIRUTA DERUMA<\/strong><\/p><\/div><div class=\"joined-phone\"><p><strong><span style=\"color: #a79870;\">PHONE:<\/span> 29391011<\/strong><\/p><\/div><div class=\"joined-lesson\"><strong><span style=\"color: #a79870;\">LESSONS:<\/span> JELGAVA MUSIC SECONDARY SCHOOL<\/strong><\/div>\t\t\t\t\t\t\t\t<\/div>\n\t\t\t\t<\/div>\n\t\t\t\t\t<\/div>\n\t\t<\/div>\n\t\t\t\t<div class=\"elementor-column elementor-col-50 elementor-inner-column elementor-element elementor-element-713b871\" data-id=\"713b871\" data-element_type=\"column\" data-e-type=\"column\">\n\t\t\t<div class=\"elementor-widget-wrap\">\n\t\t\t\t\t\t\t<\/div>\n\t\t<\/div>\n\t\t\t\t\t<\/div>\n\t\t<\/section>\n\t\t\t\t\t<\/div>\n\t\t<\/div>\n\t\t\t\t\t<\/div>\n\t\t<\/section>\n\t\t<div class=\"elementor-element elementor-element-29af69c e-flex e-con-boxed e-con e-parent\" data-id=\"29af69c\" data-element_type=\"container\" data-e-type=\"container\">\n\t\t\t\t\t<div class=\"e-con-inner\">\n\t\t\t\t<div class=\"elementor-element elementor-element-7762a3a elementor-widget elementor-widget-text-editor\" data-id=\"7762a3a\" data-element_type=\"widget\" data-e-type=\"widget\" data-widget_type=\"text-editor.default\">\n\t\t\t\t<div class=\"elementor-widget-container\">\n\t\t\t\t\t\t\t\t\t<p>The diverse sound of the folk music ensemble \"Zelta st\u012bdzi\u0146a\" is formed by the interweaving of the voice and the playing of various instruments.<br>The repertoire of \"Zelta st\u012bdzi\u0146u\" features folk music, compositions by composers of various eras and popular Latvian composers for ethno-cocktail, concert-cocktail, voice, violin, flute, cello, percussion.<\/p>\n<p>Graduates and students of the Jelgava Music High School make music as part of the folk music ensemble \"Zelta st\u012bdzi\u0146a\".&nbsp;<br>The artistic director of the ensemble, Biruta Deruma, creates original compositions, covers of various compositions and folk music decorations for \"Golden Strings\".<\/p>\n<p><\/p>\n<p>The \"Zelta st\u012bdzi\u0146a\" ensemble was founded in 2012 in Jelgava, and concert programs have also been performed elsewhere in Latvia, Lithuania, Russia, and Slovenia. The ensemble is a laureate of several international and Latvian competitions and shows - \"Svirel\"\/Slovenia; \"Metelitsa\" multi-stringed folk instrument competition\/Russia; Chamber music competition - festival\/Lithuania; \"Rising Stars\"\/Latvia; \"Small Chamber Music Festival\"\/Latvia; The winner of the 1st degree of the song and dance holiday kokol ensembles spectacles and the 1st place winner in the individual program. \"Zelta st\u012bdzinas\" plays music at the festivals - \"Apst\u012bgoju zelta kokli\", \"Gaismas cejs\", \"Kok\u013cu winter festival\", \"Kok\u013cu days in J\u016brmala\"\/Latvia, \"Friendship bridge\" and \"Kloniu aidai\"\/Lithuania.<\/p>\n<p><\/p>\n<p>Maggie Bruce and \"Zelta st\u012bdzi\u0146a\" have played together with the St. Petersburg professional folk instrument orchestra \"Mete\u013cica\"\/Riga, St. Petersburg and Jelgava. The sound of the ensemble can be heard in the double album \"Man m\u0101si\u0146a kokl\u0113t\u0101ja\" \/Megija Bruce and \"Zelta st\u012bdz\u012bna\"\/ and \"Koklet\u0117js Samtabikse\" \/literary-musical fairy tale\/.<\/p>\n<p><\/p>\n<p>The artistic performance of the folk music ensemble \"Zelta st\u012bdzi\u0146a\" is a great treat for chamber music lovers.<\/p>\t\t\t\t\t\t\t\t<\/div>\n\t\t\t\t<\/div>\n\t\t\t\t\t<\/div>\n\t\t\t\t<\/div>\n\t\t<div class=\"elementor-element elementor-element-61105ee e-flex e-con-boxed e-con e-parent\" data-id=\"61105ee\" data-element_type=\"container\" data-e-type=\"container\" data-settings=\"{&quot;background_background&quot;:&quot;gradient&quot;,&quot;shape_divider_top&quot;:&quot;mountains&quot;}\">\n\t\t\t\t\t<div class=\"e-con-inner\">\n\t\t\t\t<div class=\"elementor-shape elementor-shape-top\" aria-hidden=\"true\" data-negative=\"false\">\n\t\t\t<svg xmlns=\"http:\/\/www.w3.org\/2000\/svg\" viewbox=\"0 0 1000 100\" preserveaspectratio=\"none\">\n\t<path class=\"elementor-shape-fill\" opacity=\"0.33\" d=\"M473,67.3c-203.9,88.3-263.1-34-320.3,0C66,119.1,0,59.7,0,59.7V0h1000v59.7 c0,0-62.1,26.1-94.9,29.3c-32.8,3.3-62.8-12.3-75.8-22.1C806,49.6,745.3,8.7,694.9,4.7S492.4,59,473,67.3z\"\/>\n\t<path class=\"elementor-shape-fill\" opacity=\"0.66\" d=\"M734,67.3c-45.5,0-77.2-23.2-129.1-39.1c-28.6-8.7-150.3-10.1-254,39.1 s-91.7-34.4-149.2,0C115.7,118.3,0,39.8,0,39.8V0h1000v36.5c0,0-28.2-18.5-92.1-18.5C810.2,18.1,775.7,67.3,734,67.3z\"\/>\n\t<path class=\"elementor-shape-fill\" d=\"M766.1,28.9c-200-57.5-266,65.5-395.1,19.5C242,1.8,242,5.4,184.8,20.6C128,35.8,132.3,44.9,89.9,52.5C28.6,63.7,0,0,0,0 h1000c0,0-9.9,40.9-83.6,48.1S829.6,47,766.1,28.9z\"\/>\n<\/svg>\t\t<\/div>\n\t\t\t\t<div class=\"elementor-element elementor-element-5d6c438 elementor-widget elementor-widget-heading\" data-id=\"5d6c438\" data-element_type=\"widget\" data-e-type=\"widget\" data-widget_type=\"heading.default\">\n\t\t\t\t<div class=\"elementor-widget-container\">\n\t\t\t\t\t<h2 class=\"elementor-heading-title elementor-size-default\">Our managers<\/h2>\t\t\t\t<\/div>\n\t\t\t\t<\/div>\n\t\t\t\t<div class=\"elementor-element elementor-element-4078477 elementor-widget elementor-widget-image\" data-id=\"4078477\" data-element_type=\"widget\" data-e-type=\"widget\" data-widget_type=\"image.default\">\n\t\t\t\t<div class=\"elementor-widget-container\">\n\t\t\t\t\t\t\t\t\t\t\t\t\t\t\t<img fetchpriority=\"high\" decoding=\"async\" width=\"340\" height=\"340\" src=\"https:\/\/kultura.jelgava.lv\/wp-content\/uploads\/2024\/03\/Biruta.jpg\" class=\"attachment-large size-large wp-image-4234\" alt=\"\" srcset=\"https:\/\/kultura.jelgava.lv\/wp-content\/uploads\/2024\/03\/Biruta.jpg 340w, https:\/\/kultura.jelgava.lv\/wp-content\/uploads\/2024\/03\/Biruta-300x300.jpg 300w, https:\/\/kultura.jelgava.lv\/wp-content\/uploads\/2024\/03\/Biruta-150x150.jpg 150w, https:\/\/kultura.jelgava.lv\/wp-content\/uploads\/2024\/03\/Biruta-12x12.jpg 12w\" sizes=\"(max-width: 340px) 100vw, 340px\" \/>\t\t\t\t\t\t\t\t\t\t\t\t\t\t\t<\/div>\n\t\t\t\t<\/div>\n\t\t\t\t<div class=\"elementor-element elementor-element-6e93e75 elementor-widget elementor-widget-heading\" data-id=\"6e93e75\" data-element_type=\"widget\" data-e-type=\"widget\" data-widget_type=\"heading.default\">\n\t\t\t\t<div class=\"elementor-widget-container\">\n\t\t\t\t\t<h2 class=\"elementor-heading-title elementor-size-default\">Biruta Deruma<\/h2>\t\t\t\t<\/div>\n\t\t\t\t<\/div>\n\t\t\t\t\t<\/div>\n\t\t\t\t<\/div>\n\t\t\t\t<\/div>","protected":false},"excerpt":{"rendered":"<p>VOK\u0100LI INSTRUMENT\u0100LAIS ANSAMBLIS \u201eZELTA ST\u012aDZI\u0145AS\u201d VAD\u012aT\u0100JA: BIRUTA DERUMA T\u0100LRUNIS: 29391011 NODARB\u012aBAS: JELGAVAS M\u016aZIKAS VIDUSSKOL\u0100 Tautas m\u016bzikas ansamb\u013ca \u201eZelta st\u012bdzi\u0146as\u201d daudzveid\u012bgo skan\u0113jumu veido balss un da\u017e\u0101du instrumentu sp\u0113les savijums.\u201eZelta st\u012bdzi\u0146u\u201d repertu\u0101r\u0101 skan tautas m\u016bzika, da\u017e\u0101du laikmetu komponistu un iem\u012b\u013cotu latvie\u0161u komponistu ska\u0146darbi etnokoklei, koncertkoklei, balsij, vijolei, flautai, \u010dellam, perkusij\u0101m. Tautas m\u016bzikas ansamb\u013ca \u201eZelta st\u012bdzi\u0146as\u201d sast\u0101v\u0101 muzic\u0113 [&hellip;]<\/p>\n","protected":false},"author":1,"featured_media":0,"parent":0,"menu_order":0,"comment_status":"closed","ping_status":"closed","template":"","meta":{"footnotes":""},"class_list":["post-4220","page","type-page","status-publish","hentry"],"_links":{"self":[{"href":"https:\/\/kultura.jelgava.lv\/en\/wp-json\/wp\/v2\/pages\/4220","targetHints":{"allow":["GET"]}}],"collection":[{"href":"https:\/\/kultura.jelgava.lv\/en\/wp-json\/wp\/v2\/pages"}],"about":[{"href":"https:\/\/kultura.jelgava.lv\/en\/wp-json\/wp\/v2\/types\/page"}],"author":[{"embeddable":true,"href":"https:\/\/kultura.jelgava.lv\/en\/wp-json\/wp\/v2\/users\/1"}],"replies":[{"embeddable":true,"href":"https:\/\/kultura.jelgava.lv\/en\/wp-json\/wp\/v2\/comments?post=4220"}],"version-history":[{"count":19,"href":"https:\/\/kultura.jelgava.lv\/en\/wp-json\/wp\/v2\/pages\/4220\/revisions"}],"predecessor-version":[{"id":13184,"href":"https:\/\/kultura.jelgava.lv\/en\/wp-json\/wp\/v2\/pages\/4220\/revisions\/13184"}],"wp:attachment":[{"href":"https:\/\/kultura.jelgava.lv\/en\/wp-json\/wp\/v2\/media?parent=4220"}],"curies":[{"name":"wp","href":"https:\/\/api.w.org\/{rel}","templated":true}]}}