{"id":4115,"date":"2024-03-26T21:58:41","date_gmt":"2024-03-26T19:58:41","guid":{"rendered":"http:\/\/edgars.tma-hosting.de\/?page_id=4115"},"modified":"2024-03-26T22:01:06","modified_gmt":"2024-03-26T20:01:06","slug":"bernu-vokalais-ansamblis-rotina","status":"publish","type":"page","link":"https:\/\/kultura.jelgava.lv\/en\/bernu-vokalais-ansamblis-rotina\/","title":{"rendered":"Children's vocal ensemble \"Roti\u0146a\""},"content":{"rendered":"<div data-elementor-type=\"wp-page\" data-elementor-id=\"4115\" class=\"elementor elementor-4115\" data-elementor-post-type=\"page\">\n\t\t\t\t\t\t<section class=\"elementor-section elementor-top-section elementor-element elementor-element-5a7d32c3 elementor-section-full_width elementor-section-height-min-height elementor-section-height-default elementor-section-items-middle\" data-id=\"5a7d32c3\" data-element_type=\"section\" data-e-type=\"section\" data-settings=\"{&quot;background_background&quot;:&quot;classic&quot;}\">\n\t\t\t\t\t\t\t<div class=\"elementor-background-overlay\"><\/div>\n\t\t\t\t\t\t\t<div class=\"elementor-container elementor-column-gap-no\">\n\t\t\t\t\t<div class=\"elementor-column elementor-col-100 elementor-top-column elementor-element elementor-element-1f2b2c8d\" data-id=\"1f2b2c8d\" data-element_type=\"column\" data-e-type=\"column\">\n\t\t\t<div class=\"elementor-widget-wrap elementor-element-populated\">\n\t\t\t\t\t\t<div class=\"elementor-element elementor-element-651e7460 animated-slow elementor-invisible elementor-widget elementor-widget-heading\" data-id=\"651e7460\" data-element_type=\"widget\" data-e-type=\"widget\" data-settings=\"{&quot;_animation&quot;:&quot;fadeIn&quot;,&quot;_animation_delay&quot;:300}\" data-widget_type=\"heading.default\">\n\t\t\t\t<div class=\"elementor-widget-container\">\n\t\t\t\t\t<h2 class=\"elementor-heading-title elementor-size-default\">Children's vocal ensemble \"Roti\u0146a\"<\/h2>\t\t\t\t<\/div>\n\t\t\t\t<\/div>\n\t\t\t\t\t<\/div>\n\t\t<\/div>\n\t\t\t\t\t<\/div>\n\t\t<\/section>\n\t\t\t\t<section class=\"elementor-section elementor-top-section elementor-element elementor-element-83de8c0 elementor-section-boxed elementor-section-height-default elementor-section-height-default\" data-id=\"83de8c0\" data-element_type=\"section\" data-e-type=\"section\" data-settings=\"{&quot;background_background&quot;:&quot;classic&quot;}\">\n\t\t\t\t\t\t\t<div class=\"elementor-background-overlay\"><\/div>\n\t\t\t\t\t\t\t<div class=\"elementor-container elementor-column-gap-no\">\n\t\t\t\t\t<div class=\"elementor-column elementor-col-100 elementor-top-column elementor-element elementor-element-80a1cd4\" data-id=\"80a1cd4\" data-element_type=\"column\" data-e-type=\"column\">\n\t\t\t<div class=\"elementor-widget-wrap elementor-element-populated\">\n\t\t\t\t\t\t<section class=\"elementor-section elementor-inner-section elementor-element elementor-element-bda2d97 elementor-section-full_width elementor-section-height-default elementor-section-height-default\" data-id=\"bda2d97\" data-element_type=\"section\" data-e-type=\"section\">\n\t\t\t\t\t\t<div class=\"elementor-container elementor-column-gap-no\">\n\t\t\t\t\t<div class=\"elementor-column elementor-col-50 elementor-inner-column elementor-element elementor-element-1aaa2a4\" data-id=\"1aaa2a4\" data-element_type=\"column\" data-e-type=\"column\">\n\t\t\t<div class=\"elementor-widget-wrap elementor-element-populated\">\n\t\t\t\t\t\t<div class=\"elementor-element elementor-element-8771f3c elementor-widget elementor-widget-text-editor\" data-id=\"8771f3c\" data-element_type=\"widget\" data-e-type=\"widget\" data-widget_type=\"text-editor.default\">\n\t\t\t\t<div class=\"elementor-widget-container\">\n\t\t\t\t\t\t\t\t\t<div class=\"joined-leader\"><p><strong><span style=\"color: #a79870;\">MANAGER:<\/span> AGIJA PIZIKA<\/strong><\/p><\/div><div class=\"joined-phone\"><p><strong><span style=\"color: #a79870;\">PHONE:<\/span> 29229062<\/strong><\/p><\/div><div class=\"joined-lesson\"><strong><span style=\"color: #a79870;\">LESSONS:<\/span> TUESDAYS, THURSDAYS FROM 16.00<\/strong><\/div>\t\t\t\t\t\t\t\t<\/div>\n\t\t\t\t<\/div>\n\t\t\t\t\t<\/div>\n\t\t<\/div>\n\t\t\t\t<div class=\"elementor-column elementor-col-50 elementor-inner-column elementor-element elementor-element-713b871\" data-id=\"713b871\" data-element_type=\"column\" data-e-type=\"column\">\n\t\t\t<div class=\"elementor-widget-wrap\">\n\t\t\t\t\t\t\t<\/div>\n\t\t<\/div>\n\t\t\t\t\t<\/div>\n\t\t<\/section>\n\t\t\t\t\t<\/div>\n\t\t<\/div>\n\t\t\t\t\t<\/div>\n\t\t<\/section>\n\t\t<div class=\"elementor-element elementor-element-29af69c e-flex e-con-boxed e-con e-parent\" data-id=\"29af69c\" data-element_type=\"container\" data-e-type=\"container\">\n\t\t\t\t\t<div class=\"e-con-inner\">\n\t\t\t\t<div class=\"elementor-element elementor-element-7762a3a elementor-widget elementor-widget-text-editor\" data-id=\"7762a3a\" data-element_type=\"widget\" data-e-type=\"widget\" data-widget_type=\"text-editor.default\">\n\t\t\t\t<div class=\"elementor-widget-container\">\n\t\t\t\t\t\t\t\t\t<p>The children's vocal ensemble \"Roti\u0146a\" was founded in 1996 and has been led by Agija Pizika since its inception. The ensemble currently has around 40 children aged 3 to 13 singing in several groups.<\/p><p>Every year, the ensemble participates in the Republic's ensemble shows, where it has received first and second degree diplomas.<\/p><p>Christmas concerts in the church, concerts dedicated to Mother's Day, November 18 concerts for Jelgava Latvian Society have become a tradition of the ensemble. \"Roti\u0146a\" has participated in the concerts of Laura Reinik, J\u0101nis St\u012bbe\u013cas, \"\u010cik\u0101gas piec\u012b\u0161i\", Igo and the group \"Otra puse\".<\/p><p>Roti\u0146a has filled city events with her songs, and has given joy at various concerts and projects in the city of Jelgava. \"Roti\u0146a\" is a friendly, cheerful and song-loving team.<\/p><p>Achievements of the children's vocal ensemble \"Roti\u0146a\":<br \/>\u00b7\u00a0\u00a0\u00a0\u00a0\u00a0\u00a0\u00a0\u00a0 In 2011, won 2nd place in the Republic in the group of children's ensembles.<br \/>\u00b7\u00a0\u00a0\u00a0\u00a0\u00a0\u00a0\u00a0\u00a0 In 2012, when the middle and senior group merged, Roti\u0146a participated in the Sarptautic choir competition in Belgium, Neerpelt, where she got a 1st grade diploma.<br \/>\u00b7\u00a0\u00a0\u00a0\u00a0\u00a0\u00a0\u00a0\u00a0 In 2013, won 1st place in the vocal ensemble competition \"Voices\".<br \/>\u00b7\u00a0\u00a0\u00a0\u00a0\u00a0\u00a0\u00a0\u00a0 In 2013, 2nd place in the international choir competition \"Cracovia Cantans\" in Poland.<br \/>\u00b7\u00a0\u00a0\u00a0\u00a0\u00a0\u00a0\u00a0\u00a0 In 2013, participated in the General Song Festival project \"J\u016brin\u0117\", together with the 6 best Latvian children's ensembles.<br \/>\u00b7\u00a0\u00a0\u00a0\u00a0\u00a0\u00a0\u00a0\u00a0 In 2015, in the international vocal ensemble competition \"Silver Bells\" in Daugavpils, he won 2nd place in his age group.<br \/>\u00b7\u00a0\u00a0\u00a0\u00a0\u00a0\u00a0\u00a0\u00a0 On May 4, 2015, participated in the project \"Strength songs for Jelgava\", dedicated to the 750th anniversary of Jelgava.<br \/>\u00b7\u00a0\u00a0\u00a0\u00a0\u00a0\u00a0\u00a0\u00a0 In March 2016, the competition \"Voices\" II level.<br \/>\u00b7\u00a0\u00a0\u00a0\u00a0\u00a0\u00a0\u00a0\u00a0 In March 2016, Silver diploma, II degree in the J\u00e1zeps V\u012btolas Music Academy competition \"Lai skan\".<br \/>\u00b7\u00a0\u00a0\u00a0\u00a0\u00a0\u00a0\u00a0\u00a0 February 2016 vocal competition \"Pearl rain\" 2nd place and 3rd place.<br \/>\u00b7\u00a0\u00a0\u00a0\u00a0\u00a0\u00a0\u00a0\u00a0 In June 2016, the 20th anniversary of \"Roti\u0146as\" was celebrated with a concert at Jelgava State Gymnasium.<br \/>\u00b7\u00a0\u00a0\u00a0\u00a0\u00a0\u00a0\u00a0\u00a0 February 26, 2017 musical show \"I want\" created by \"Roti\u0146as\" children.<br \/>\u00b7\u00a0\u00a0\u00a0\u00a0\u00a0\u00a0\u00a0\u00a0 In March 2017, he won the 2nd grade diploma at the vocal ensemble competition \"Voices 2017\" in \u0136ekava.<\/p>\t\t\t\t\t\t\t\t<\/div>\n\t\t\t\t<\/div>\n\t\t\t\t\t<\/div>\n\t\t\t\t<\/div>\n\t\t<div class=\"elementor-element elementor-element-61105ee e-flex e-con-boxed e-con e-parent\" data-id=\"61105ee\" data-element_type=\"container\" data-e-type=\"container\" data-settings=\"{&quot;background_background&quot;:&quot;gradient&quot;,&quot;shape_divider_top&quot;:&quot;mountains&quot;}\">\n\t\t\t\t\t<div class=\"e-con-inner\">\n\t\t\t\t<div class=\"elementor-shape elementor-shape-top\" aria-hidden=\"true\" data-negative=\"false\">\n\t\t\t<svg xmlns=\"http:\/\/www.w3.org\/2000\/svg\" viewbox=\"0 0 1000 100\" preserveaspectratio=\"none\">\n\t<path class=\"elementor-shape-fill\" opacity=\"0.33\" d=\"M473,67.3c-203.9,88.3-263.1-34-320.3,0C66,119.1,0,59.7,0,59.7V0h1000v59.7 c0,0-62.1,26.1-94.9,29.3c-32.8,3.3-62.8-12.3-75.8-22.1C806,49.6,745.3,8.7,694.9,4.7S492.4,59,473,67.3z\"\/>\n\t<path class=\"elementor-shape-fill\" opacity=\"0.66\" d=\"M734,67.3c-45.5,0-77.2-23.2-129.1-39.1c-28.6-8.7-150.3-10.1-254,39.1 s-91.7-34.4-149.2,0C115.7,118.3,0,39.8,0,39.8V0h1000v36.5c0,0-28.2-18.5-92.1-18.5C810.2,18.1,775.7,67.3,734,67.3z\"\/>\n\t<path class=\"elementor-shape-fill\" d=\"M766.1,28.9c-200-57.5-266,65.5-395.1,19.5C242,1.8,242,5.4,184.8,20.6C128,35.8,132.3,44.9,89.9,52.5C28.6,63.7,0,0,0,0 h1000c0,0-9.9,40.9-83.6,48.1S829.6,47,766.1,28.9z\"\/>\n<\/svg>\t\t<\/div>\n\t\t\t\t<div class=\"elementor-element elementor-element-5d6c438 elementor-widget elementor-widget-heading\" data-id=\"5d6c438\" data-element_type=\"widget\" data-e-type=\"widget\" data-widget_type=\"heading.default\">\n\t\t\t\t<div class=\"elementor-widget-container\">\n\t\t\t\t\t<h2 class=\"elementor-heading-title elementor-size-default\">Our managers<\/h2>\t\t\t\t<\/div>\n\t\t\t\t<\/div>\n\t\t\t\t<div class=\"elementor-element elementor-element-4078477 elementor-widget elementor-widget-image\" data-id=\"4078477\" data-element_type=\"widget\" data-e-type=\"widget\" data-widget_type=\"image.default\">\n\t\t\t\t<div class=\"elementor-widget-container\">\n\t\t\t\t\t\t\t\t\t\t\t\t\t\t\t<img fetchpriority=\"high\" decoding=\"async\" width=\"340\" height=\"340\" src=\"https:\/\/kultura.jelgava.lv\/wp-content\/uploads\/2024\/03\/Agija.jpg\" class=\"attachment-large size-large wp-image-4129\" alt=\"\" srcset=\"https:\/\/kultura.jelgava.lv\/wp-content\/uploads\/2024\/03\/Agija.jpg 340w, https:\/\/kultura.jelgava.lv\/wp-content\/uploads\/2024\/03\/Agija-300x300.jpg 300w, https:\/\/kultura.jelgava.lv\/wp-content\/uploads\/2024\/03\/Agija-150x150.jpg 150w, https:\/\/kultura.jelgava.lv\/wp-content\/uploads\/2024\/03\/Agija-12x12.jpg 12w\" sizes=\"(max-width: 340px) 100vw, 340px\" \/>\t\t\t\t\t\t\t\t\t\t\t\t\t\t\t<\/div>\n\t\t\t\t<\/div>\n\t\t\t\t<div class=\"elementor-element elementor-element-6e93e75 elementor-widget elementor-widget-heading\" data-id=\"6e93e75\" data-element_type=\"widget\" data-e-type=\"widget\" data-widget_type=\"heading.default\">\n\t\t\t\t<div class=\"elementor-widget-container\">\n\t\t\t\t\t<h2 class=\"elementor-heading-title elementor-size-default\">Agija Pizika<\/h2>\t\t\t\t<\/div>\n\t\t\t\t<\/div>\n\t\t\t\t\t<\/div>\n\t\t\t\t<\/div>\n\t\t\t\t<\/div>","protected":false},"excerpt":{"rendered":"<p>B\u0113rnu vok\u0101lais ansamblis \u201cRoti\u0146a\u201d VAD\u012aT\u0100JA: AGIJA PIZIKA T\u0100LRUNIS: 29229062 NODARB\u012aBAS: OTRDIEN\u0100S, CETURTDIEN\u0100S NO PLKST. 16.00 B\u0113rnu vok\u0101lais ansamblis \u201eRoti\u0146a\u201d dibin\u0101ts 1996. gad\u0101 un kop\u0161 t\u0101 pirms\u0101kumiem to vada Agija Pizika. Ansambl\u012b pa\u0161laik\u00a0\u00a0vair\u0101k\u0101s grup\u0101s dzied ap 40 b\u0113rnu vecum\u0101 no 3 l\u012bdz 13 gadiem. Ikkatru gadu ansamblis piedal\u0101s Republikas ansamb\u013cu skat\u0113s, kur\u0101s ir sa\u0146\u0113mis I un [&hellip;]<\/p>\n","protected":false},"author":1,"featured_media":0,"parent":0,"menu_order":0,"comment_status":"closed","ping_status":"closed","template":"","meta":{"footnotes":""},"class_list":["post-4115","page","type-page","status-publish","hentry"],"_links":{"self":[{"href":"https:\/\/kultura.jelgava.lv\/en\/wp-json\/wp\/v2\/pages\/4115","targetHints":{"allow":["GET"]}}],"collection":[{"href":"https:\/\/kultura.jelgava.lv\/en\/wp-json\/wp\/v2\/pages"}],"about":[{"href":"https:\/\/kultura.jelgava.lv\/en\/wp-json\/wp\/v2\/types\/page"}],"author":[{"embeddable":true,"href":"https:\/\/kultura.jelgava.lv\/en\/wp-json\/wp\/v2\/users\/1"}],"replies":[{"embeddable":true,"href":"https:\/\/kultura.jelgava.lv\/en\/wp-json\/wp\/v2\/comments?post=4115"}],"version-history":[{"count":16,"href":"https:\/\/kultura.jelgava.lv\/en\/wp-json\/wp\/v2\/pages\/4115\/revisions"}],"predecessor-version":[{"id":4132,"href":"https:\/\/kultura.jelgava.lv\/en\/wp-json\/wp\/v2\/pages\/4115\/revisions\/4132"}],"wp:attachment":[{"href":"https:\/\/kultura.jelgava.lv\/en\/wp-json\/wp\/v2\/media?parent=4115"}],"curies":[{"name":"wp","href":"https:\/\/api.w.org\/{rel}","templated":true}]}}