{"id":4031,"date":"2024-03-26T21:32:33","date_gmt":"2024-03-26T19:32:33","guid":{"rendered":"http:\/\/edgars.tma-hosting.de\/?page_id=4031"},"modified":"2024-08-23T17:15:31","modified_gmt":"2024-08-23T14:15:31","slug":"jauktais-koris-zemgale","status":"publish","type":"page","link":"https:\/\/kultura.jelgava.lv\/en\/jauktais-koris-zemgale\/","title":{"rendered":"Mixed choir \"Zemgale\""},"content":{"rendered":"<div data-elementor-type=\"wp-page\" data-elementor-id=\"4031\" class=\"elementor elementor-4031\" data-elementor-post-type=\"page\">\n\t\t\t\t\t\t<section class=\"elementor-section elementor-top-section elementor-element elementor-element-5a7d32c3 elementor-section-full_width elementor-section-height-min-height elementor-section-height-default elementor-section-items-middle\" data-id=\"5a7d32c3\" data-element_type=\"section\" data-e-type=\"section\" data-settings=\"{&quot;background_background&quot;:&quot;classic&quot;}\">\n\t\t\t\t\t\t\t<div class=\"elementor-background-overlay\"><\/div>\n\t\t\t\t\t\t\t<div class=\"elementor-container elementor-column-gap-no\">\n\t\t\t\t\t<div class=\"elementor-column elementor-col-100 elementor-top-column elementor-element elementor-element-1f2b2c8d\" data-id=\"1f2b2c8d\" data-element_type=\"column\" data-e-type=\"column\">\n\t\t\t<div class=\"elementor-widget-wrap elementor-element-populated\">\n\t\t\t\t\t\t<div class=\"elementor-element elementor-element-651e7460 animated-slow elementor-invisible elementor-widget elementor-widget-heading\" data-id=\"651e7460\" data-element_type=\"widget\" data-e-type=\"widget\" data-settings=\"{&quot;_animation&quot;:&quot;fadeIn&quot;,&quot;_animation_delay&quot;:300}\" data-widget_type=\"heading.default\">\n\t\t\t\t<div class=\"elementor-widget-container\">\n\t\t\t\t\t<h2 class=\"elementor-heading-title elementor-size-default\">Mixed choir \"Zemgale\"<\/h2>\t\t\t\t<\/div>\n\t\t\t\t<\/div>\n\t\t\t\t\t<\/div>\n\t\t<\/div>\n\t\t\t\t\t<\/div>\n\t\t<\/section>\n\t\t\t\t<section class=\"elementor-section elementor-top-section elementor-element elementor-element-83de8c0 elementor-section-boxed elementor-section-height-default elementor-section-height-default\" data-id=\"83de8c0\" data-element_type=\"section\" data-e-type=\"section\" data-settings=\"{&quot;background_background&quot;:&quot;classic&quot;}\">\n\t\t\t\t\t\t\t<div class=\"elementor-background-overlay\"><\/div>\n\t\t\t\t\t\t\t<div class=\"elementor-container elementor-column-gap-no\">\n\t\t\t\t\t<div class=\"elementor-column elementor-col-100 elementor-top-column elementor-element elementor-element-80a1cd4\" data-id=\"80a1cd4\" data-element_type=\"column\" data-e-type=\"column\">\n\t\t\t<div class=\"elementor-widget-wrap elementor-element-populated\">\n\t\t\t\t\t\t<section class=\"elementor-section elementor-inner-section elementor-element elementor-element-bda2d97 elementor-section-full_width elementor-section-height-default elementor-section-height-default\" data-id=\"bda2d97\" data-element_type=\"section\" data-e-type=\"section\">\n\t\t\t\t\t\t<div class=\"elementor-container elementor-column-gap-no\">\n\t\t\t\t\t<div class=\"elementor-column elementor-col-50 elementor-inner-column elementor-element elementor-element-1aaa2a4\" data-id=\"1aaa2a4\" data-element_type=\"column\" data-e-type=\"column\">\n\t\t\t<div class=\"elementor-widget-wrap elementor-element-populated\">\n\t\t\t\t\t\t<div class=\"elementor-element elementor-element-8771f3c elementor-widget elementor-widget-text-editor\" data-id=\"8771f3c\" data-element_type=\"widget\" data-e-type=\"widget\" data-widget_type=\"text-editor.default\">\n\t\t\t\t<div class=\"elementor-widget-container\">\n\t\t\t\t\t\t\t\t\t<div class=\"joined-leader\"><p><strong><span style=\"color: #a79870;\">MANAGER:<\/span> GUNTIS PAVILONS<\/strong><\/p><\/div><div class=\"joined-phone\"><p><strong><span style=\"color: #a79870;\">PHONE:<\/span> 29155577<\/strong><\/p><\/div><div class=\"joined-lesson\"><strong><span style=\"color: #a79870;\">LESSONS:<\/span> PIRMDIEN\u0100S, TRE\u0160DIEN\u0100S PLKST. 18.45 &#8211; 21.15<\/strong><\/div>\t\t\t\t\t\t\t\t<\/div>\n\t\t\t\t<\/div>\n\t\t\t\t\t<\/div>\n\t\t<\/div>\n\t\t\t\t<div class=\"elementor-column elementor-col-50 elementor-inner-column elementor-element elementor-element-713b871\" data-id=\"713b871\" data-element_type=\"column\" data-e-type=\"column\">\n\t\t\t<div class=\"elementor-widget-wrap elementor-element-populated\">\n\t\t\t\t\t\t<div class=\"elementor-element elementor-element-8b7b6fb elementor-widget elementor-widget-image\" data-id=\"8b7b6fb\" data-element_type=\"widget\" data-e-type=\"widget\" data-widget_type=\"image.default\">\n\t\t\t\t<div class=\"elementor-widget-container\">\n\t\t\t\t\t\t\t\t\t\t\t\t\t\t\t<img decoding=\"async\" width=\"200\" height=\"200\" src=\"https:\/\/kultura.jelgava.lv\/wp-content\/uploads\/2024\/03\/Zlogo.jpg\" class=\"attachment-large size-large wp-image-4039\" alt=\"\" srcset=\"https:\/\/kultura.jelgava.lv\/wp-content\/uploads\/2024\/03\/Zlogo.jpg 200w, https:\/\/kultura.jelgava.lv\/wp-content\/uploads\/2024\/03\/Zlogo-150x150.jpg 150w, https:\/\/kultura.jelgava.lv\/wp-content\/uploads\/2024\/03\/Zlogo-12x12.jpg 12w\" sizes=\"(max-width: 200px) 100vw, 200px\" \/>\t\t\t\t\t\t\t\t\t\t\t\t\t\t\t<\/div>\n\t\t\t\t<\/div>\n\t\t\t\t\t<\/div>\n\t\t<\/div>\n\t\t\t\t\t<\/div>\n\t\t<\/section>\n\t\t\t\t\t<\/div>\n\t\t<\/div>\n\t\t\t\t\t<\/div>\n\t\t<\/section>\n\t\t<div class=\"elementor-element elementor-element-29af69c e-flex e-con-boxed e-con e-parent\" data-id=\"29af69c\" data-element_type=\"container\" data-e-type=\"container\">\n\t\t\t\t\t<div class=\"e-con-inner\">\n\t\t\t\t<div class=\"elementor-element elementor-element-7762a3a elementor-widget elementor-widget-text-editor\" data-id=\"7762a3a\" data-element_type=\"widget\" data-e-type=\"widget\" data-widget_type=\"text-editor.default\">\n\t\t\t\t<div class=\"elementor-widget-container\">\n\t\t\t\t\t\t\t\t\t<p><strong>Motto<\/strong><br>Jelgava's best choir with a name and traditions - for more than half a century! We are diverse, creative and ready to take on new challenges! Therefore - sing to your land, sing with your land!<\/p>\n<p><strong>History<\/strong><br>The mixed choir \"Zemgale\" was founded in 1961 as a teachers' choir of Jelgava city and district. The folk choir \"Zemgale\" is led by great personalities. In the very beginning, Imants Kokars stood at the control panel of the choir. He was also the initiator of the formation of the choir and led the choir from 1961 to 1967. After I. Kokars, the leadership of the choir was continued by Ir\u0113na Jermaka, but for the longest time - almost 20 years - the choir was led by conductor Viesturs Liepi\u0146\u0161, an exceptionally sensitive musician, interpreter and pedagogue, who took over \"Zemgali\" in the early 1970s, when it had already acquired the name \"Tautas choir\". Later, Jelena Vavilova - Oglezneva (artistic director of the choir until autumn 1998) took over the leadership of the choir. Choirmasters J\u0101nis Schwartzbach and Gunta Drozdova worked in the same team with J. Vavilova. Conductors Zita Kur\u0161eva, Ilva Krauze, Dita M\u016brniece, Laura Leontjeva have also worked with \"Zemgali\" at different times. Since 2002, the young conductor Aigars Meri, rich in creative ideas, has taken over the management of the mixed choir, staging new and interesting repertoire, successfully participating in several international choir competitions. The choir starts the 2009 season with the new conductor Zani Stafeckas and choirmaster Inga Leyland, but from 2012, the choir, in tandem with Z. Stafeckas, is led by conductor Guntis Pavilons.<\/p>\n<p><strong>Repertoire<\/strong><br>Kora &#8221;Zemgale&#8221; repertu\u0101r\u0101 ir latvie\u0161u un citu tautu komponistu dziesmas, tautas&nbsp;dziesmas, klasi\u0137u darbi, gar\u012bg\u0101 m\u016bzika. Koris ir iestud\u0113jis lielform\u0101ta kompoz\u012bcijas: Mar\u0123era Zari\u0146a &#8221;Kora sv\u012btu&#8221;, &#8221;Kur\u0161u zi\u0146\u0123es un dan\u010di&#8221; u.c. A. Meri vad\u012bb\u0101 iestud\u0113ti sare\u017e\u0123\u012bti lielo formu ska\u0146darbi: K. Orfa sc\u0113nisk\u0101 kant\u0101te &#8221;Carmina Burana&#8221;, \u0160. Guno &#8221;Messe Solennelle&#8221;, A. Vivaldi &#8221;Gloria&#8221;, K. Sen &#8211; Sansa &#8221;Ziemassv\u0113tku oratorija&#8221;, A. Ramireza &#8221;Misa Criolla&#8221;, M. Haidna &#8221;Rekvi\u0113ms do minor\u0101&#8221; u.c. Koris piedal\u012bjies ar\u012b vair\u0101ku latvie\u0161u autoru lielform\u0101ta darbu atska\u0146ojumos &#8211; I. Kalni\u0146a oratorij\u0101s &#8221;R\u012bta c\u0113liens&#8221;, &#8221;Dzejnieks un n\u0101ra&#8221;, Z. Liepi\u0146a rokoper\u0101 &#8221;L\u0101\u010dpl\u0113sis&#8221;, J. L\u016bs\u0113na &#8221;Mist\u0113rij\u0101 par sapni un m\u012blest\u012bbu&#8221;. 2006. gad\u0101 koris kop\u0101 ar kameransambli &#8221;Altera Veritas&#8221;, &#8221;R\u012bgas Kamerm\u016bzi\u0137u&#8221; st\u012bgu kvartetu un citiem m\u016bzi\u0137iem piedal\u012bj\u0101s A. Dzen\u012b\u0161a ska\u0146darba &#8221;Pavasara r\u012bts&#8221; pirmatska\u0146ojum\u0101. 2007. gad\u0101 pirmo reizi tika iestud\u0113ta jelgavnieces L. Celmas sc\u0113nisk\u0101 oratorija &#8221;Paldies, Saule!&#8221;, bet 2012. gad\u0101 koris piedal\u012bj\u0101s L. Celmas oratorijas \u201cJersikas der\u012bba\u201d un R. Tigula oratorijas \u201cDod, dievi\u0146i\u201d iestud\u0113jum\u0101. Savuk\u0101rt 2013. gad\u0101 koris \u201cZemgale\u201d iestud\u0113 Baltijas valstu komponistu lielas formas ska\u0146darbus, atska\u0146ojot tos pa\u0161u organiz\u0113t\u0101 starptautisk\u0101 koncert\u0101 \u201cBalta m\u016bzika balt\u0101 pils\u0113t\u0101\u201d, bet sadarb\u012bb\u0101 ar kori \u201cSidrabe\u201d un komponistu J\u0101ni L\u016bs\u0113nu piedal\u0101s koncertcikl\u0101 \u201cSauli mekl\u0113jot\u201d.<\/p>\n<p><strong>Success<\/strong><br>Mixed choir \"Zemgale\" has also competed in international choir competitions and festivals with notable success: in 2005 in Budapest (Hungary), competing in two categories, the choir won two \"silver\" diplomas; In 2006, the choir received a \"bronze\" diploma in P\u00e4rnu (Estonia); In 2007, he obtained a 2nd degree diploma in Minsk (Belarus); In 2008, he received a 2nd degree diploma in Bialystok\/Hainowka (Poland). In Belarus and Poland, the choir took part in sacred music competitions, playing compositions by G. Pele\u010d, A. Pert, A. \u0160nitke, P. Chesnakov and A. Arkhangelski. At the beginning of 2009, the choir \"Zemgale\" took part in the VIII international sacred music festival \"Sudraba Zvani\" in Daugavpils, obtaining a 1st degree diploma. In April 2009, at the International Choral Music Festival \"Tallinn 2009\" in Estonia, they won 2nd place and a cash prize in the folk music category.<\/p>\n<p><strong>Forward!<\/strong><br>V\u0113lies uzzin\u0101t, kas notiks \u201cn\u0101kamaj\u0101s s\u0113rij\u0101s\u201d? N\u0101c, pievienojies un dziedi ar mums!<\/p>\t\t\t\t\t\t\t\t<\/div>\n\t\t\t\t<\/div>\n\t\t\t\t\t<\/div>\n\t\t\t\t<\/div>\n\t\t<div class=\"elementor-element elementor-element-61105ee e-flex e-con-boxed e-con e-parent\" data-id=\"61105ee\" data-element_type=\"container\" data-e-type=\"container\" data-settings=\"{&quot;background_background&quot;:&quot;gradient&quot;,&quot;shape_divider_top&quot;:&quot;mountains&quot;}\">\n\t\t\t\t\t<div class=\"e-con-inner\">\n\t\t\t\t<div class=\"elementor-shape elementor-shape-top\" aria-hidden=\"true\" data-negative=\"false\">\n\t\t\t<svg xmlns=\"http:\/\/www.w3.org\/2000\/svg\" viewbox=\"0 0 1000 100\" preserveaspectratio=\"none\">\n\t<path class=\"elementor-shape-fill\" opacity=\"0.33\" d=\"M473,67.3c-203.9,88.3-263.1-34-320.3,0C66,119.1,0,59.7,0,59.7V0h1000v59.7 c0,0-62.1,26.1-94.9,29.3c-32.8,3.3-62.8-12.3-75.8-22.1C806,49.6,745.3,8.7,694.9,4.7S492.4,59,473,67.3z\"\/>\n\t<path class=\"elementor-shape-fill\" opacity=\"0.66\" d=\"M734,67.3c-45.5,0-77.2-23.2-129.1-39.1c-28.6-8.7-150.3-10.1-254,39.1 s-91.7-34.4-149.2,0C115.7,118.3,0,39.8,0,39.8V0h1000v36.5c0,0-28.2-18.5-92.1-18.5C810.2,18.1,775.7,67.3,734,67.3z\"\/>\n\t<path class=\"elementor-shape-fill\" d=\"M766.1,28.9c-200-57.5-266,65.5-395.1,19.5C242,1.8,242,5.4,184.8,20.6C128,35.8,132.3,44.9,89.9,52.5C28.6,63.7,0,0,0,0 h1000c0,0-9.9,40.9-83.6,48.1S829.6,47,766.1,28.9z\"\/>\n<\/svg>\t\t<\/div>\n\t\t\t\t<div class=\"elementor-element elementor-element-5d6c438 elementor-widget elementor-widget-heading\" data-id=\"5d6c438\" data-element_type=\"widget\" data-e-type=\"widget\" data-widget_type=\"heading.default\">\n\t\t\t\t<div class=\"elementor-widget-container\">\n\t\t\t\t\t<h2 class=\"elementor-heading-title elementor-size-default\">Our managers<\/h2>\t\t\t\t<\/div>\n\t\t\t\t<\/div>\n\t\t\t\t<div class=\"elementor-element elementor-element-4078477 elementor-widget elementor-widget-image\" data-id=\"4078477\" data-element_type=\"widget\" data-e-type=\"widget\" data-widget_type=\"image.default\">\n\t\t\t\t<div class=\"elementor-widget-container\">\n\t\t\t\t\t\t\t\t\t\t\t\t\t\t\t<img fetchpriority=\"high\" decoding=\"async\" width=\"340\" height=\"340\" src=\"https:\/\/kultura.jelgava.lv\/wp-content\/uploads\/2024\/03\/Guntis.png\" class=\"attachment-large size-large wp-image-4043\" alt=\"\" srcset=\"https:\/\/kultura.jelgava.lv\/wp-content\/uploads\/2024\/03\/Guntis.png 340w, https:\/\/kultura.jelgava.lv\/wp-content\/uploads\/2024\/03\/Guntis-300x300.png 300w, https:\/\/kultura.jelgava.lv\/wp-content\/uploads\/2024\/03\/Guntis-150x150.png 150w, https:\/\/kultura.jelgava.lv\/wp-content\/uploads\/2024\/03\/Guntis-12x12.png 12w\" sizes=\"(max-width: 340px) 100vw, 340px\" \/>\t\t\t\t\t\t\t\t\t\t\t\t\t\t\t<\/div>\n\t\t\t\t<\/div>\n\t\t\t\t<div class=\"elementor-element elementor-element-6e93e75 elementor-widget elementor-widget-heading\" data-id=\"6e93e75\" data-element_type=\"widget\" data-e-type=\"widget\" data-widget_type=\"heading.default\">\n\t\t\t\t<div class=\"elementor-widget-container\">\n\t\t\t\t\t<h2 class=\"elementor-heading-title elementor-size-default\">Guntis Pavilons<\/h2>\t\t\t\t<\/div>\n\t\t\t\t<\/div>\n\t\t\t\t\t<\/div>\n\t\t\t\t<\/div>\n\t\t\t\t<\/div>","protected":false},"excerpt":{"rendered":"<p>Jauktais koris \u201cZemgale\u201d VAD\u012aT\u0100JA: GUNTIS PAVILONS T\u0100LRUNIS: 29155577 NODARB\u012aBAS: PIRMDIEN\u0100S, TRE\u0160DIEN\u0100S PLKST. 18.45 &#8211; 21.15 Dev\u012bzeJelgavas lab\u0101kais koris ar v\u0101rdu un trad\u012bcij\u0101m &#8211; nu jau vair\u0101k, k\u0101 pusgadsimta garum\u0101! Esam daudzveid\u012bgi, rado\u0161i un gatavi uz\u0146emties jaunus izaicin\u0101jumus! T\u0101p\u0113c &#8211; dziedi savai zemei, dziedi l\u012bdz ar savu zemi! V\u0113stureJauktais koris &#8221;Zemgale&#8221; dibin\u0101ts 1961. gad\u0101 k\u0101 Jelgavas [&hellip;]<\/p>\n","protected":false},"author":1,"featured_media":12293,"parent":0,"menu_order":0,"comment_status":"closed","ping_status":"closed","template":"","meta":{"footnotes":""},"class_list":["post-4031","page","type-page","status-publish","has-post-thumbnail","hentry"],"_links":{"self":[{"href":"https:\/\/kultura.jelgava.lv\/en\/wp-json\/wp\/v2\/pages\/4031","targetHints":{"allow":["GET"]}}],"collection":[{"href":"https:\/\/kultura.jelgava.lv\/en\/wp-json\/wp\/v2\/pages"}],"about":[{"href":"https:\/\/kultura.jelgava.lv\/en\/wp-json\/wp\/v2\/types\/page"}],"author":[{"embeddable":true,"href":"https:\/\/kultura.jelgava.lv\/en\/wp-json\/wp\/v2\/users\/1"}],"replies":[{"embeddable":true,"href":"https:\/\/kultura.jelgava.lv\/en\/wp-json\/wp\/v2\/comments?post=4031"}],"version-history":[{"count":43,"href":"https:\/\/kultura.jelgava.lv\/en\/wp-json\/wp\/v2\/pages\/4031\/revisions"}],"predecessor-version":[{"id":12333,"href":"https:\/\/kultura.jelgava.lv\/en\/wp-json\/wp\/v2\/pages\/4031\/revisions\/12333"}],"wp:featuredmedia":[{"embeddable":true,"href":"https:\/\/kultura.jelgava.lv\/en\/wp-json\/wp\/v2\/media\/12293"}],"wp:attachment":[{"href":"https:\/\/kultura.jelgava.lv\/en\/wp-json\/wp\/v2\/media?parent=4031"}],"curies":[{"name":"wp","href":"https:\/\/api.w.org\/{rel}","templated":true}]}}