{"id":3961,"date":"2024-03-26T21:07:33","date_gmt":"2024-03-26T19:07:33","guid":{"rendered":"http:\/\/edgars.tma-hosting.de\/?page_id=3961"},"modified":"2025-09-03T09:22:02","modified_gmt":"2025-09-03T06:22:02","slug":"videjas-paaudzes-deju-kolektivs-laipa","status":"publish","type":"page","link":"https:\/\/kultura.jelgava.lv\/en\/videjas-paaudzes-deju-kolektivs-laipa\/","title":{"rendered":"MIDDLE GENERATION DANCE COLLECTIVE \"LAIPA\""},"content":{"rendered":"<div data-elementor-type=\"wp-page\" data-elementor-id=\"3961\" class=\"elementor elementor-3961\" data-elementor-post-type=\"page\">\n\t\t\t\t\t\t<section class=\"elementor-section elementor-top-section elementor-element elementor-element-5a7d32c3 elementor-section-full_width elementor-section-height-min-height elementor-section-height-default elementor-section-items-middle\" data-id=\"5a7d32c3\" data-element_type=\"section\" data-e-type=\"section\" data-settings=\"{&quot;background_background&quot;:&quot;classic&quot;}\">\n\t\t\t\t\t\t\t<div class=\"elementor-background-overlay\"><\/div>\n\t\t\t\t\t\t\t<div class=\"elementor-container elementor-column-gap-no\">\n\t\t\t\t\t<div class=\"elementor-column elementor-col-100 elementor-top-column elementor-element elementor-element-1f2b2c8d\" data-id=\"1f2b2c8d\" data-element_type=\"column\" data-e-type=\"column\">\n\t\t\t<div class=\"elementor-widget-wrap elementor-element-populated\">\n\t\t\t\t\t\t<div class=\"elementor-element elementor-element-651e7460 animated-slow elementor-invisible elementor-widget elementor-widget-heading\" data-id=\"651e7460\" data-element_type=\"widget\" data-e-type=\"widget\" data-settings=\"{&quot;_animation&quot;:&quot;fadeIn&quot;,&quot;_animation_delay&quot;:300}\" data-widget_type=\"heading.default\">\n\t\t\t\t<div class=\"elementor-widget-container\">\n\t\t\t\t\t<h2 class=\"elementor-heading-title elementor-size-default\">Middle generation dance collective \"LAIPA\"<\/h2>\t\t\t\t<\/div>\n\t\t\t\t<\/div>\n\t\t\t\t\t<\/div>\n\t\t<\/div>\n\t\t\t\t\t<\/div>\n\t\t<\/section>\n\t\t\t\t<section class=\"elementor-section elementor-top-section elementor-element elementor-element-83de8c0 elementor-section-boxed elementor-section-height-default elementor-section-height-default\" data-id=\"83de8c0\" data-element_type=\"section\" data-e-type=\"section\" data-settings=\"{&quot;background_background&quot;:&quot;classic&quot;}\">\n\t\t\t\t\t\t\t<div class=\"elementor-background-overlay\"><\/div>\n\t\t\t\t\t\t\t<div class=\"elementor-container elementor-column-gap-no\">\n\t\t\t\t\t<div class=\"elementor-column elementor-col-100 elementor-top-column elementor-element elementor-element-80a1cd4\" data-id=\"80a1cd4\" data-element_type=\"column\" data-e-type=\"column\">\n\t\t\t<div class=\"elementor-widget-wrap elementor-element-populated\">\n\t\t\t\t\t\t<section class=\"elementor-section elementor-inner-section elementor-element elementor-element-bda2d97 elementor-section-full_width elementor-section-height-default elementor-section-height-default\" data-id=\"bda2d97\" data-element_type=\"section\" data-e-type=\"section\">\n\t\t\t\t\t\t<div class=\"elementor-container elementor-column-gap-no\">\n\t\t\t\t\t<div class=\"elementor-column elementor-col-50 elementor-inner-column elementor-element elementor-element-1aaa2a4\" data-id=\"1aaa2a4\" data-element_type=\"column\" data-e-type=\"column\">\n\t\t\t<div class=\"elementor-widget-wrap elementor-element-populated\">\n\t\t\t\t\t\t<div class=\"elementor-element elementor-element-8771f3c elementor-widget elementor-widget-text-editor\" data-id=\"8771f3c\" data-element_type=\"widget\" data-e-type=\"widget\" data-widget_type=\"text-editor.default\">\n\t\t\t\t<div class=\"elementor-widget-container\">\n\t\t\t\t\t\t\t\t\t<div class=\"joined-leader\"><p><strong><span style=\"color: #a79870;\">MANAGER:<\/span> ZANE MUZIKANTE<\/strong><\/p><\/div><div class=\"joined-phone\"><p><strong><span style=\"color: #a79870;\">PHONE:<\/span> 28327615<\/strong><\/p><\/div><div class=\"joined-lesson\"><strong><span style=\"color: #a79870;\">LESSONS:<\/span> PIRMDIEN\u0100S, TRE\u0160DIEN\u0100S PLKST. 20.00, JELGAVAS KULT\u016aRAS NAMS, KR.BARONA 6<\/strong><\/div>\t\t\t\t\t\t\t\t<\/div>\n\t\t\t\t<\/div>\n\t\t\t\t\t<\/div>\n\t\t<\/div>\n\t\t\t\t<div class=\"elementor-column elementor-col-50 elementor-inner-column elementor-element elementor-element-713b871\" data-id=\"713b871\" data-element_type=\"column\" data-e-type=\"column\">\n\t\t\t<div class=\"elementor-widget-wrap\">\n\t\t\t\t\t\t\t<\/div>\n\t\t<\/div>\n\t\t\t\t\t<\/div>\n\t\t<\/section>\n\t\t\t\t\t<\/div>\n\t\t<\/div>\n\t\t\t\t\t<\/div>\n\t\t<\/section>\n\t\t<div class=\"elementor-element elementor-element-29af69c e-flex e-con-boxed e-con e-parent\" data-id=\"29af69c\" data-element_type=\"container\" data-e-type=\"container\">\n\t\t\t\t\t<div class=\"e-con-inner\">\n\t\t\t\t<div class=\"elementor-element elementor-element-7762a3a elementor-widget elementor-widget-text-editor\" data-id=\"7762a3a\" data-element_type=\"widget\" data-e-type=\"widget\" data-widget_type=\"text-editor.default\">\n\t\t\t\t<div class=\"elementor-widget-container\">\n\t\t\t\t\t\t\t\t\t<p class=\"text-align-justify\"><strong>The dance group \"Laipa\" is important not only in the history of Jelgava city, but also in the history of the development of Latvian folk dance, because the founder of the ensemble is Vilis Ozols, a dance choreographer who was awarded the Golden Medal of the Order of the Three Stars. The collective was founded in June 1994. Initially, it was created by the parents of the members of the children's dance collective \"Ievi\u0146a\".<\/strong><\/p><p class=\"text-align-justify\">Uldis Ozols was the founder and first manager of \"Laipas\", but after a short time, Vilis Ozols took over the leadership of the team, and already in 1996, the team under the leadership of V. Ozols participated in an international dance festival in Belgium.<\/p><p class=\"text-align-justify\">In 1998, \"Laipa\" won the 1st place diploma in the show of dance groups and showed the third best result among 66 dance groups of Zemgale region.<\/p><p class=\"text-align-justify\">The dance collective \"Laipa\" has significantly contributed to the creation of new Latvian dances with its activities. Many Latvian original dances have been created here, which have also entered the repertoire of other dance groups. In 1998, the 4 dances of the 12th Dance Festival's big performance - \"Midsummer's Day\", \"The Long Wife\", \"Kupleju dancis\" and \"Be\u0137ercepti klinger\u012b\u0161i\" - were first staged in the dance collective \"Laipa\". The dance created by V.Ozola in Laip was \"Visi saka\", which in 2000 the collective performed in the creative dance competition in Valmiera. The united dance collectives performed it at the Zemgale County Dance Festival in Bauska.<br \/><span style=\"text-align: var(--text-align); font-family: -apple-system, BlinkMacSystemFont, 'Segoe UI', Roboto, 'Helvetica Neue', Arial, 'Noto Sans', sans-serif, 'Apple Color Emoji', 'Segoe UI Emoji', 'Segoe UI Symbol', 'Noto Color Emoji';\"><br \/>Therefore, \"Laipa\" can rightly be considered a Latvian creative dance laboratory.<\/span><\/p>\t\t\t\t\t\t\t\t<\/div>\n\t\t\t\t<\/div>\n\t\t\t\t\t<\/div>\n\t\t\t\t<\/div>\n\t\t<div class=\"elementor-element elementor-element-61105ee elementor-hidden-desktop elementor-hidden-tablet elementor-hidden-mobile e-flex e-con-boxed e-con e-parent\" data-id=\"61105ee\" data-element_type=\"container\" data-e-type=\"container\" data-settings=\"{&quot;background_background&quot;:&quot;gradient&quot;,&quot;shape_divider_top&quot;:&quot;mountains&quot;}\">\n\t\t\t\t\t<div class=\"e-con-inner\">\n\t\t\t\t<div class=\"elementor-shape elementor-shape-top\" aria-hidden=\"true\" data-negative=\"false\">\n\t\t\t<svg xmlns=\"http:\/\/www.w3.org\/2000\/svg\" viewbox=\"0 0 1000 100\" preserveaspectratio=\"none\">\n\t<path class=\"elementor-shape-fill\" opacity=\"0.33\" d=\"M473,67.3c-203.9,88.3-263.1-34-320.3,0C66,119.1,0,59.7,0,59.7V0h1000v59.7 c0,0-62.1,26.1-94.9,29.3c-32.8,3.3-62.8-12.3-75.8-22.1C806,49.6,745.3,8.7,694.9,4.7S492.4,59,473,67.3z\"\/>\n\t<path class=\"elementor-shape-fill\" opacity=\"0.66\" d=\"M734,67.3c-45.5,0-77.2-23.2-129.1-39.1c-28.6-8.7-150.3-10.1-254,39.1 s-91.7-34.4-149.2,0C115.7,118.3,0,39.8,0,39.8V0h1000v36.5c0,0-28.2-18.5-92.1-18.5C810.2,18.1,775.7,67.3,734,67.3z\"\/>\n\t<path class=\"elementor-shape-fill\" d=\"M766.1,28.9c-200-57.5-266,65.5-395.1,19.5C242,1.8,242,5.4,184.8,20.6C128,35.8,132.3,44.9,89.9,52.5C28.6,63.7,0,0,0,0 h1000c0,0-9.9,40.9-83.6,48.1S829.6,47,766.1,28.9z\"\/>\n<\/svg>\t\t<\/div>\n\t\t\t\t<div class=\"elementor-element elementor-element-5d6c438 elementor-widget elementor-widget-heading\" data-id=\"5d6c438\" data-element_type=\"widget\" data-e-type=\"widget\" data-widget_type=\"heading.default\">\n\t\t\t\t<div class=\"elementor-widget-container\">\n\t\t\t\t\t<h2 class=\"elementor-heading-title elementor-size-default\">Our managers<\/h2>\t\t\t\t<\/div>\n\t\t\t\t<\/div>\n\t\t\t\t<div class=\"elementor-element elementor-element-6e93e75 elementor-widget elementor-widget-heading\" data-id=\"6e93e75\" data-element_type=\"widget\" data-e-type=\"widget\" data-widget_type=\"heading.default\">\n\t\t\t\t<div class=\"elementor-widget-container\">\n\t\t\t\t\t<h2 class=\"elementor-heading-title elementor-size-default\">M\u0101r\u012bte Skrinda<\/h2>\t\t\t\t<\/div>\n\t\t\t\t<\/div>\n\t\t\t\t\t<\/div>\n\t\t\t\t<\/div>\n\t\t\t\t<\/div>","protected":false},"excerpt":{"rendered":"<p>Vid\u0113j\u0101s paaudzes deju kolekt\u012bvs &#8220;LAIPA&#8221; VAD\u012aT\u0100JA: ZANE MUZIKANTE T\u0100LRUNIS: 28327615 NODARB\u012aBAS: PIRMDIEN\u0100S, TRE\u0160DIEN\u0100S PLKST. 20.00, JELGAVAS KULT\u016aRAS NAMS, KR.BARONA 6 Deju kolekt\u012bvs \u201eLaipa\u201d ir noz\u012bm\u012bgs ne tikai Jelgavas pils\u0113tas, bet Latvijas tautas dejas att\u012bst\u012bbas v\u0113stur\u0113, jo ansamb\u013ca dibin\u0101t\u0101js ir Vilis Ozols,\u00a0deju horeogr\u0101fs, kas apbalvots ar Triju Zvaig\u017e\u0146u orde\u0146a Zelta goda z\u012bmi. Kolekt\u012bvs dibin\u0101ts 1994. gada [&hellip;]<\/p>\n","protected":false},"author":1,"featured_media":0,"parent":0,"menu_order":0,"comment_status":"closed","ping_status":"closed","template":"","meta":{"footnotes":""},"class_list":["post-3961","page","type-page","status-publish","hentry"],"_links":{"self":[{"href":"https:\/\/kultura.jelgava.lv\/en\/wp-json\/wp\/v2\/pages\/3961","targetHints":{"allow":["GET"]}}],"collection":[{"href":"https:\/\/kultura.jelgava.lv\/en\/wp-json\/wp\/v2\/pages"}],"about":[{"href":"https:\/\/kultura.jelgava.lv\/en\/wp-json\/wp\/v2\/types\/page"}],"author":[{"embeddable":true,"href":"https:\/\/kultura.jelgava.lv\/en\/wp-json\/wp\/v2\/users\/1"}],"replies":[{"embeddable":true,"href":"https:\/\/kultura.jelgava.lv\/en\/wp-json\/wp\/v2\/comments?post=3961"}],"version-history":[{"count":31,"href":"https:\/\/kultura.jelgava.lv\/en\/wp-json\/wp\/v2\/pages\/3961\/revisions"}],"predecessor-version":[{"id":15813,"href":"https:\/\/kultura.jelgava.lv\/en\/wp-json\/wp\/v2\/pages\/3961\/revisions\/15813"}],"wp:attachment":[{"href":"https:\/\/kultura.jelgava.lv\/en\/wp-json\/wp\/v2\/media?parent=3961"}],"curies":[{"name":"wp","href":"https:\/\/api.w.org\/{rel}","templated":true}]}}