{"id":3916,"date":"2024-03-26T20:58:07","date_gmt":"2024-03-26T18:58:07","guid":{"rendered":"http:\/\/edgars.tma-hosting.de\/?page_id=3916"},"modified":"2025-08-05T13:35:26","modified_gmt":"2025-08-05T10:35:26","slug":"tautas-deju-ansamblis-dizdancis","status":"publish","type":"page","link":"https:\/\/kultura.jelgava.lv\/en\/tautas-deju-ansamblis-dizdancis\/","title":{"rendered":"FOLK DANCE ENSEMBLE \"DI\u017dDANCIS\""},"content":{"rendered":"<div data-elementor-type=\"wp-page\" data-elementor-id=\"3916\" class=\"elementor elementor-3916\" data-elementor-post-type=\"page\">\n\t\t\t\t\t\t<section class=\"elementor-section elementor-top-section elementor-element elementor-element-5a7d32c3 elementor-section-full_width elementor-section-height-min-height elementor-section-height-default elementor-section-items-middle\" data-id=\"5a7d32c3\" data-element_type=\"section\" data-e-type=\"section\" data-settings=\"{&quot;background_background&quot;:&quot;classic&quot;}\">\n\t\t\t\t\t\t\t<div class=\"elementor-background-overlay\"><\/div>\n\t\t\t\t\t\t\t<div class=\"elementor-container elementor-column-gap-no\">\n\t\t\t\t\t<div class=\"elementor-column elementor-col-100 elementor-top-column elementor-element elementor-element-1f2b2c8d\" data-id=\"1f2b2c8d\" data-element_type=\"column\" data-e-type=\"column\">\n\t\t\t<div class=\"elementor-widget-wrap elementor-element-populated\">\n\t\t\t\t\t\t<div class=\"elementor-element elementor-element-651e7460 animated-slow elementor-invisible elementor-widget elementor-widget-heading\" data-id=\"651e7460\" data-element_type=\"widget\" data-e-type=\"widget\" data-settings=\"{&quot;_animation&quot;:&quot;fadeIn&quot;,&quot;_animation_delay&quot;:300}\" data-widget_type=\"heading.default\">\n\t\t\t\t<div class=\"elementor-widget-container\">\n\t\t\t\t\t<h2 class=\"elementor-heading-title elementor-size-default\">Folk dance ensemble \"DI\u017dDANCIS\"<\/h2>\t\t\t\t<\/div>\n\t\t\t\t<\/div>\n\t\t\t\t\t<\/div>\n\t\t<\/div>\n\t\t\t\t\t<\/div>\n\t\t<\/section>\n\t\t\t\t<section class=\"elementor-section elementor-top-section elementor-element elementor-element-83de8c0 elementor-section-boxed elementor-section-height-default elementor-section-height-default\" data-id=\"83de8c0\" data-element_type=\"section\" data-e-type=\"section\" data-settings=\"{&quot;background_background&quot;:&quot;classic&quot;}\">\n\t\t\t\t\t\t\t<div class=\"elementor-background-overlay\"><\/div>\n\t\t\t\t\t\t\t<div class=\"elementor-container elementor-column-gap-no\">\n\t\t\t\t\t<div class=\"elementor-column elementor-col-100 elementor-top-column elementor-element elementor-element-80a1cd4\" data-id=\"80a1cd4\" data-element_type=\"column\" data-e-type=\"column\">\n\t\t\t<div class=\"elementor-widget-wrap elementor-element-populated\">\n\t\t\t\t\t\t<section class=\"elementor-section elementor-inner-section elementor-element elementor-element-bda2d97 elementor-section-full_width elementor-section-height-default elementor-section-height-default\" data-id=\"bda2d97\" data-element_type=\"section\" data-e-type=\"section\">\n\t\t\t\t\t\t<div class=\"elementor-container elementor-column-gap-no\">\n\t\t\t\t\t<div class=\"elementor-column elementor-col-50 elementor-inner-column elementor-element elementor-element-1aaa2a4\" data-id=\"1aaa2a4\" data-element_type=\"column\" data-e-type=\"column\">\n\t\t\t<div class=\"elementor-widget-wrap elementor-element-populated\">\n\t\t\t\t\t\t<div class=\"elementor-element elementor-element-8771f3c elementor-widget elementor-widget-text-editor\" data-id=\"8771f3c\" data-element_type=\"widget\" data-e-type=\"widget\" data-widget_type=\"text-editor.default\">\n\t\t\t\t<div class=\"elementor-widget-container\">\n\t\t\t\t\t\t\t\t\t<div class=\"joined-leader\"><p><strong><span style=\"color: #a79870;\">MANAGER:<\/span> IEVA KARELE<\/strong><\/p><\/div><div class=\"joined-phone\"><p><strong><span style=\"color: #a79870;\">PHONE:<\/span> 28374363<\/strong><\/p><\/div><div class=\"joined-lesson\"><strong><span style=\"color: #a79870;\">LESSONS:<\/span> PIRMDIEN\u0100S, TRE\u0160DIEN\u0100S PLKST. 19.30 &#8211; 22.30,\u00a0 DEJU CENTR\u0100 &#8220;CUKURFABRIKA&#8221;, CUKURA IEL\u0100 22<\/strong><\/div>\t\t\t\t\t\t\t\t<\/div>\n\t\t\t\t<\/div>\n\t\t\t\t\t<\/div>\n\t\t<\/div>\n\t\t\t\t<div class=\"elementor-column elementor-col-50 elementor-inner-column elementor-element elementor-element-713b871\" data-id=\"713b871\" data-element_type=\"column\" data-e-type=\"column\">\n\t\t\t<div class=\"elementor-widget-wrap elementor-element-populated\">\n\t\t\t\t\t\t<div class=\"elementor-element elementor-element-8b7b6fb elementor-widget elementor-widget-image\" data-id=\"8b7b6fb\" data-element_type=\"widget\" data-e-type=\"widget\" data-widget_type=\"image.default\">\n\t\t\t\t<div class=\"elementor-widget-container\">\n\t\t\t\t\t\t\t\t\t\t\t\t\t\t\t<img fetchpriority=\"high\" decoding=\"async\" width=\"400\" height=\"400\" src=\"https:\/\/kultura.jelgava.lv\/wp-content\/uploads\/2024\/03\/logodizdancis.jpg\" class=\"attachment-large size-large wp-image-3927\" alt=\"\" srcset=\"https:\/\/kultura.jelgava.lv\/wp-content\/uploads\/2024\/03\/logodizdancis.jpg 400w, https:\/\/kultura.jelgava.lv\/wp-content\/uploads\/2024\/03\/logodizdancis-300x300.jpg 300w, https:\/\/kultura.jelgava.lv\/wp-content\/uploads\/2024\/03\/logodizdancis-150x150.jpg 150w, https:\/\/kultura.jelgava.lv\/wp-content\/uploads\/2024\/03\/logodizdancis-12x12.jpg 12w\" sizes=\"(max-width: 400px) 100vw, 400px\" \/>\t\t\t\t\t\t\t\t\t\t\t\t\t\t\t<\/div>\n\t\t\t\t<\/div>\n\t\t\t\t\t<\/div>\n\t\t<\/div>\n\t\t\t\t\t<\/div>\n\t\t<\/section>\n\t\t\t\t\t<\/div>\n\t\t<\/div>\n\t\t\t\t\t<\/div>\n\t\t<\/section>\n\t\t<div class=\"elementor-element elementor-element-29af69c e-flex e-con-boxed e-con e-parent\" data-id=\"29af69c\" data-element_type=\"container\" data-e-type=\"container\">\n\t\t\t\t\t<div class=\"e-con-inner\">\n\t\t\t\t<div class=\"elementor-element elementor-element-7762a3a elementor-widget elementor-widget-text-editor\" data-id=\"7762a3a\" data-element_type=\"widget\" data-e-type=\"widget\" data-widget_type=\"text-editor.default\">\n\t\t\t\t<div class=\"elementor-widget-container\">\n\t\t\t\t\t\t\t\t\t<p class=\"text-align-justify\">Folk dance ensemble Di\u017edancis has been in the family of Latvian dancers since 1975. The group is among the best group A dance groups in Jelgava and Latvia, which regularly participates in various concerts, festivals and other dance-related events.<\/p><p class=\"text-align-justify\">The highest value of our dancers is mutual respect and friendship, as well as love for dance and insatiable joy of dancing, which we are ready to demonstrate not only in rehearsals and concerts, but also elsewhere.\u00a0<\/p><p class=\"text-align-justify\">\u00a0<\/p><p class=\"text-align-justify\">But this story includes much more - new friends, like-minded people, new emotions and adventures, balls and parties, trips, sports events, initiations, dance festivals, celebrating holidays together, Latvianness and many other good things and events.\u00a0<\/p><p class=\"text-align-justify\">The collective motto is \"Keram kaifu!\", which the members also do in rehearsals, concerts, and in everyday moments of being together.<\/p><p class=\"text-align-justify\">Currently, we have around 40 young people aged between 18 and 35 in the team. Come and start dancing too, if you are at least 18 years old!<\/p><p class=\"text-align-justify\">Let's create beautiful dance events together!?<\/p><p class=\"text-align-justify\">\u00a0<\/p><p class=\"text-align-justify\">The artistic director of TDA \"Di\u017edancis\" is Ieva Karele. Teacher - Sandra Kauranen.<\/p><p class=\"text-align-justify\">Concertmaster Margita Gali\u0146a.<\/p><p class=\"text-align-justify\">\u00a0<\/p><p class=\"text-align-justify\">Let's create beautiful dance events together?<\/p>\t\t\t\t\t\t\t\t<\/div>\n\t\t\t\t<\/div>\n\t\t\t\t\t<\/div>\n\t\t\t\t<\/div>\n\t\t<div class=\"elementor-element elementor-element-61105ee e-flex e-con-boxed e-con e-parent\" data-id=\"61105ee\" data-element_type=\"container\" data-e-type=\"container\" data-settings=\"{&quot;background_background&quot;:&quot;gradient&quot;,&quot;shape_divider_top&quot;:&quot;mountains&quot;}\">\n\t\t\t\t\t<div class=\"e-con-inner\">\n\t\t\t\t<div class=\"elementor-shape elementor-shape-top\" aria-hidden=\"true\" data-negative=\"false\">\n\t\t\t<svg xmlns=\"http:\/\/www.w3.org\/2000\/svg\" viewbox=\"0 0 1000 100\" preserveaspectratio=\"none\">\n\t<path class=\"elementor-shape-fill\" opacity=\"0.33\" d=\"M473,67.3c-203.9,88.3-263.1-34-320.3,0C66,119.1,0,59.7,0,59.7V0h1000v59.7 c0,0-62.1,26.1-94.9,29.3c-32.8,3.3-62.8-12.3-75.8-22.1C806,49.6,745.3,8.7,694.9,4.7S492.4,59,473,67.3z\"\/>\n\t<path class=\"elementor-shape-fill\" opacity=\"0.66\" d=\"M734,67.3c-45.5,0-77.2-23.2-129.1-39.1c-28.6-8.7-150.3-10.1-254,39.1 s-91.7-34.4-149.2,0C115.7,118.3,0,39.8,0,39.8V0h1000v36.5c0,0-28.2-18.5-92.1-18.5C810.2,18.1,775.7,67.3,734,67.3z\"\/>\n\t<path class=\"elementor-shape-fill\" d=\"M766.1,28.9c-200-57.5-266,65.5-395.1,19.5C242,1.8,242,5.4,184.8,20.6C128,35.8,132.3,44.9,89.9,52.5C28.6,63.7,0,0,0,0 h1000c0,0-9.9,40.9-83.6,48.1S829.6,47,766.1,28.9z\"\/>\n<\/svg>\t\t<\/div>\n\t\t\t\t<div class=\"elementor-element elementor-element-5d6c438 elementor-widget elementor-widget-heading\" data-id=\"5d6c438\" data-element_type=\"widget\" data-e-type=\"widget\" data-widget_type=\"heading.default\">\n\t\t\t\t<div class=\"elementor-widget-container\">\n\t\t\t\t\t<h2 class=\"elementor-heading-title elementor-size-default\">Our managers<\/h2>\t\t\t\t<\/div>\n\t\t\t\t<\/div>\n\t\t\t\t<div class=\"elementor-element elementor-element-4078477 elementor-widget elementor-widget-image\" data-id=\"4078477\" data-element_type=\"widget\" data-e-type=\"widget\" data-widget_type=\"image.default\">\n\t\t\t\t<div class=\"elementor-widget-container\">\n\t\t\t\t\t\t\t\t\t\t\t\t\t\t\t<img decoding=\"async\" width=\"340\" height=\"340\" src=\"https:\/\/kultura.jelgava.lv\/wp-content\/uploads\/2024\/03\/ieva_lapai_0.jpeg\" class=\"attachment-large size-large wp-image-3934\" alt=\"\" srcset=\"https:\/\/kultura.jelgava.lv\/wp-content\/uploads\/2024\/03\/ieva_lapai_0.jpeg 340w, https:\/\/kultura.jelgava.lv\/wp-content\/uploads\/2024\/03\/ieva_lapai_0-300x300.jpeg 300w, https:\/\/kultura.jelgava.lv\/wp-content\/uploads\/2024\/03\/ieva_lapai_0-150x150.jpeg 150w, https:\/\/kultura.jelgava.lv\/wp-content\/uploads\/2024\/03\/ieva_lapai_0-12x12.jpeg 12w\" sizes=\"(max-width: 340px) 100vw, 340px\" \/>\t\t\t\t\t\t\t\t\t\t\t\t\t\t\t<\/div>\n\t\t\t\t<\/div>\n\t\t\t\t<div class=\"elementor-element elementor-element-6e93e75 elementor-widget elementor-widget-heading\" data-id=\"6e93e75\" data-element_type=\"widget\" data-e-type=\"widget\" data-widget_type=\"heading.default\">\n\t\t\t\t<div class=\"elementor-widget-container\">\n\t\t\t\t\t<h2 class=\"elementor-heading-title elementor-size-default\">Ieva Karele<\/h2>\t\t\t\t<\/div>\n\t\t\t\t<\/div>\n\t\t\t\t\t<\/div>\n\t\t\t\t<\/div>\n\t\t\t\t<\/div>","protected":false},"excerpt":{"rendered":"<p>Tautas deju ansamblis &#8220;DI\u017dDANCIS&#8221; VAD\u012aT\u0100JA: IEVA KARELE T\u0100LRUNIS: 28374363 NODARB\u012aBAS: PIRMDIEN\u0100S, TRE\u0160DIEN\u0100S PLKST. 19.30 &#8211; 22.30,\u00a0 DEJU CENTR\u0100 &#8220;CUKURFABRIKA&#8221;, CUKURA IEL\u0100 22 Tautas deju ansamblis Di\u017edancis ir \u00a0jau kop\u0161 1975.gad\u0101 Latvijas dejot\u0101ju saim\u0113. Kolekt\u012bvs ir \u00a0starp lab\u0101kajiem Jelgavas un Latvijas A grupas deju kolekt\u012bviem, kas regul\u0101ri piedal\u0101s da\u017e\u0101dos koncertos, festiv\u0101los un citos ar deju saist\u012btos [&hellip;]<\/p>\n","protected":false},"author":1,"featured_media":0,"parent":0,"menu_order":0,"comment_status":"closed","ping_status":"closed","template":"","meta":{"footnotes":""},"class_list":["post-3916","page","type-page","status-publish","hentry"],"_links":{"self":[{"href":"https:\/\/kultura.jelgava.lv\/en\/wp-json\/wp\/v2\/pages\/3916","targetHints":{"allow":["GET"]}}],"collection":[{"href":"https:\/\/kultura.jelgava.lv\/en\/wp-json\/wp\/v2\/pages"}],"about":[{"href":"https:\/\/kultura.jelgava.lv\/en\/wp-json\/wp\/v2\/types\/page"}],"author":[{"embeddable":true,"href":"https:\/\/kultura.jelgava.lv\/en\/wp-json\/wp\/v2\/users\/1"}],"replies":[{"embeddable":true,"href":"https:\/\/kultura.jelgava.lv\/en\/wp-json\/wp\/v2\/comments?post=3916"}],"version-history":[{"count":25,"href":"https:\/\/kultura.jelgava.lv\/en\/wp-json\/wp\/v2\/pages\/3916\/revisions"}],"predecessor-version":[{"id":15601,"href":"https:\/\/kultura.jelgava.lv\/en\/wp-json\/wp\/v2\/pages\/3916\/revisions\/15601"}],"wp:attachment":[{"href":"https:\/\/kultura.jelgava.lv\/en\/wp-json\/wp\/v2\/media?parent=3916"}],"curies":[{"name":"wp","href":"https:\/\/api.w.org\/{rel}","templated":true}]}}