{"id":3855,"date":"2024-03-26T20:39:03","date_gmt":"2024-03-26T18:39:03","guid":{"rendered":"http:\/\/edgars.tma-hosting.de\/?page_id=3855"},"modified":"2024-10-14T16:50:37","modified_gmt":"2024-10-14T13:50:37","slug":"bernu-un-jauniesu-deju-kolektivs-ievina","status":"publish","type":"page","link":"https:\/\/kultura.jelgava.lv\/en\/bernu-un-jauniesu-deju-kolektivs-ievina\/","title":{"rendered":"CHILDREN'S AND YOUNG PEOPLE'S DANCE COLLECTIVE \"IEVI\u0145A\""},"content":{"rendered":"<div data-elementor-type=\"wp-page\" data-elementor-id=\"3855\" class=\"elementor elementor-3855\" data-elementor-post-type=\"page\">\n\t\t\t\t\t\t<section class=\"elementor-section elementor-top-section elementor-element elementor-element-5a7d32c3 elementor-section-full_width elementor-section-height-min-height elementor-section-height-default elementor-section-items-middle\" data-id=\"5a7d32c3\" data-element_type=\"section\" data-e-type=\"section\" data-settings=\"{&quot;background_background&quot;:&quot;classic&quot;}\">\n\t\t\t\t\t\t\t<div class=\"elementor-background-overlay\"><\/div>\n\t\t\t\t\t\t\t<div class=\"elementor-container elementor-column-gap-no\">\n\t\t\t\t\t<div class=\"elementor-column elementor-col-100 elementor-top-column elementor-element elementor-element-1f2b2c8d\" data-id=\"1f2b2c8d\" data-element_type=\"column\" data-e-type=\"column\">\n\t\t\t<div class=\"elementor-widget-wrap elementor-element-populated\">\n\t\t\t\t\t\t<div class=\"elementor-element elementor-element-651e7460 animated-slow elementor-invisible elementor-widget elementor-widget-heading\" data-id=\"651e7460\" data-element_type=\"widget\" data-e-type=\"widget\" data-settings=\"{&quot;_animation&quot;:&quot;fadeIn&quot;,&quot;_animation_delay&quot;:300}\" data-widget_type=\"heading.default\">\n\t\t\t\t<div class=\"elementor-widget-container\">\n\t\t\t\t\t<h2 class=\"elementor-heading-title elementor-size-default\">CHILDREN AND YOUTH DANCE COLLECTIVE \"IEVI\u0145A\"<\/h2>\t\t\t\t<\/div>\n\t\t\t\t<\/div>\n\t\t\t\t\t<\/div>\n\t\t<\/div>\n\t\t\t\t\t<\/div>\n\t\t<\/section>\n\t\t\t\t<section class=\"elementor-section elementor-top-section elementor-element elementor-element-83de8c0 elementor-section-boxed elementor-section-height-default elementor-section-height-default\" data-id=\"83de8c0\" data-element_type=\"section\" data-e-type=\"section\" data-settings=\"{&quot;background_background&quot;:&quot;classic&quot;}\">\n\t\t\t\t\t\t\t<div class=\"elementor-background-overlay\"><\/div>\n\t\t\t\t\t\t\t<div class=\"elementor-container elementor-column-gap-no\">\n\t\t\t\t\t<div class=\"elementor-column elementor-col-100 elementor-top-column elementor-element elementor-element-80a1cd4\" data-id=\"80a1cd4\" data-element_type=\"column\" data-e-type=\"column\">\n\t\t\t<div class=\"elementor-widget-wrap elementor-element-populated\">\n\t\t\t\t\t\t<section class=\"elementor-section elementor-inner-section elementor-element elementor-element-bda2d97 elementor-section-full_width elementor-section-height-default elementor-section-height-default\" data-id=\"bda2d97\" data-element_type=\"section\" data-e-type=\"section\">\n\t\t\t\t\t\t<div class=\"elementor-container elementor-column-gap-no\">\n\t\t\t\t\t<div class=\"elementor-column elementor-col-50 elementor-inner-column elementor-element elementor-element-1aaa2a4\" data-id=\"1aaa2a4\" data-element_type=\"column\" data-e-type=\"column\">\n\t\t\t<div class=\"elementor-widget-wrap elementor-element-populated\">\n\t\t\t\t\t\t<div class=\"elementor-element elementor-element-8771f3c elementor-widget elementor-widget-text-editor\" data-id=\"8771f3c\" data-element_type=\"widget\" data-e-type=\"widget\" data-widget_type=\"text-editor.default\">\n\t\t\t\t<div class=\"elementor-widget-container\">\n\t\t\t\t\t\t\t\t\t<div class=\"joined-leader\"><p><strong><span style=\"color: #a79870;\">MANAGER:<\/span> <span class=\"manager-value\">ALISE DAUGAVA<\/span><\/strong><\/p><\/div><div class=\"joined-phone\"><p><strong><span style=\"color: #a79870;\">PHONE:<\/span> 22020919<\/strong><\/p><\/div><div class=\"joined-lesson\"><strong><span style=\"color: #a79870;\">LESSONS:<\/span> PIRMDIEN\u0100S, OTRDIEN\u0100S, TRE\u0160DIEN\u0100S, CETURTDIEN\u0100S,\u00a0<\/strong><\/div><div class=\"joined-lesson\"><strong>NO PL. 16.00, KULT\u016aRAS NAM\u0100 \u2018\u2019ROTA\u2019\u2019<\/strong><\/div>\t\t\t\t\t\t\t\t<\/div>\n\t\t\t\t<\/div>\n\t\t\t\t\t<\/div>\n\t\t<\/div>\n\t\t\t\t<div class=\"elementor-column elementor-col-50 elementor-inner-column elementor-element elementor-element-713b871\" data-id=\"713b871\" data-element_type=\"column\" data-e-type=\"column\">\n\t\t\t<div class=\"elementor-widget-wrap elementor-element-populated\">\n\t\t\t\t\t\t<div class=\"elementor-element elementor-element-8b7b6fb elementor-widget elementor-widget-image\" data-id=\"8b7b6fb\" data-element_type=\"widget\" data-e-type=\"widget\" data-widget_type=\"image.default\">\n\t\t\t\t<div class=\"elementor-widget-container\">\n\t\t\t\t\t\t\t\t\t\t\t\t\t\t\t<img fetchpriority=\"high\" decoding=\"async\" width=\"720\" height=\"720\" src=\"https:\/\/kultura.jelgava.lv\/wp-content\/uploads\/2024\/03\/logo_Ievina.png\" class=\"attachment-large size-large wp-image-3864\" alt=\"\" srcset=\"https:\/\/kultura.jelgava.lv\/wp-content\/uploads\/2024\/03\/logo_Ievina.png 720w, https:\/\/kultura.jelgava.lv\/wp-content\/uploads\/2024\/03\/logo_Ievina-300x300.png 300w, https:\/\/kultura.jelgava.lv\/wp-content\/uploads\/2024\/03\/logo_Ievina-150x150.png 150w, https:\/\/kultura.jelgava.lv\/wp-content\/uploads\/2024\/03\/logo_Ievina-12x12.png 12w\" sizes=\"(max-width: 720px) 100vw, 720px\" \/>\t\t\t\t\t\t\t\t\t\t\t\t\t\t\t<\/div>\n\t\t\t\t<\/div>\n\t\t\t\t\t<\/div>\n\t\t<\/div>\n\t\t\t\t\t<\/div>\n\t\t<\/section>\n\t\t\t\t\t<\/div>\n\t\t<\/div>\n\t\t\t\t\t<\/div>\n\t\t<\/section>\n\t\t<div class=\"elementor-element elementor-element-38f3b06 e-flex e-con-boxed e-con e-parent\" data-id=\"38f3b06\" data-element_type=\"container\" data-e-type=\"container\">\n\t\t\t\t\t<div class=\"e-con-inner\">\n\t\t\t\t<div class=\"elementor-element elementor-element-e26cc3a elementor-widget elementor-widget-image\" data-id=\"e26cc3a\" data-element_type=\"widget\" data-e-type=\"widget\" data-widget_type=\"image.default\">\n\t\t\t\t<div class=\"elementor-widget-container\">\n\t\t\t\t\t\t\t\t\t\t\t\t\t\t\t<img decoding=\"async\" width=\"800\" height=\"416\" src=\"https:\/\/kultura.jelgava.lv\/wp-content\/uploads\/2024\/03\/Ievina_foto-pirms-teksta-1024x533.png\" class=\"attachment-large size-large wp-image-3880\" alt=\"\" srcset=\"https:\/\/kultura.jelgava.lv\/wp-content\/uploads\/2024\/03\/Ievina_foto-pirms-teksta-1024x533.png 1024w, https:\/\/kultura.jelgava.lv\/wp-content\/uploads\/2024\/03\/Ievina_foto-pirms-teksta-300x156.png 300w, https:\/\/kultura.jelgava.lv\/wp-content\/uploads\/2024\/03\/Ievina_foto-pirms-teksta-768x400.png 768w, https:\/\/kultura.jelgava.lv\/wp-content\/uploads\/2024\/03\/Ievina_foto-pirms-teksta-1536x799.png 1536w, https:\/\/kultura.jelgava.lv\/wp-content\/uploads\/2024\/03\/Ievina_foto-pirms-teksta-18x9.png 18w, https:\/\/kultura.jelgava.lv\/wp-content\/uploads\/2024\/03\/Ievina_foto-pirms-teksta.png 1845w\" sizes=\"(max-width: 800px) 100vw, 800px\" \/>\t\t\t\t\t\t\t\t\t\t\t\t\t\t\t<\/div>\n\t\t\t\t<\/div>\n\t\t\t\t\t<\/div>\n\t\t\t\t<\/div>\n\t\t<div class=\"elementor-element elementor-element-29af69c e-flex e-con-boxed e-con e-parent\" data-id=\"29af69c\" data-element_type=\"container\" data-e-type=\"container\">\n\t\t\t\t\t<div class=\"e-con-inner\">\n\t\t\t\t<div class=\"elementor-element elementor-element-7762a3a elementor-widget elementor-widget-text-editor\" data-id=\"7762a3a\" data-element_type=\"widget\" data-e-type=\"widget\" data-widget_type=\"text-editor.default\">\n\t\t\t\t<div class=\"elementor-widget-container\">\n\t\t\t\t\t\t\t\t\t<p>Jelgavas Valstspils\u0113tas pa\u0161vald\u012bbas iest\u0101des \u201cKult\u016bra\u201d b\u0113rnu un jaunie\u0161u deju kolekt\u012bvs &#8220;Ievi\u0146a&#8221; dibin\u0101ts 1984. gad\u0101. Nosaukumu \u201cIevi\u0146a\u201d izv\u0113l\u0113j\u0101s kolekt\u012bva dibin\u0101t\u0101ja L\u012bga Ozola, nosaucot savas meiti\u0146as v\u0101rd\u0101. No 2019. gada kolekt\u012bva m\u0101ksliniecisk\u0101 vad\u012bt\u0101ja ir Alise Daugava, kas str\u0101d\u0101 kop\u0101 ar deju pedagogiem: Dainu Kjaksti, El\u012bnu Kristu V\u012bksnu, Ri\u010dardu Jer\u0101nu un baletmeistaru Zigm\u0101ru Kirilko.<\/p><p>B\u0113rnu un jaunie\u0161u deju kolekt\u012bvs &#8220;Ievi\u0146a&#8221; koncert\u0113 gan uz Jelgavas skatuv\u0113m, gan dodas izbraucienos un piedal\u0101s Dziesmu un Deju sv\u0113tkos. Katram dejot\u0101jam ir iesp\u0113ja doties koncertbraucienos uz \u0101rzem\u0113m, lai piedal\u012btos starptautiskos deju festiv\u0101los. \u0160ie piedz\u012bvojumi paliek atmi\u0146\u0101 visu m\u016b\u017eu!<\/p><p>Step by step, children and young people in \"Ievin\u0117\" learn new dance steps, develop posture, improve musical perception and learn to hear their partner without talking and feel without looking. Dancing in a group teaches responsibility towards others, because all dancers are one team.<\/p><p>B\u0113rnu un jaunie\u0161u deju kolekt\u012bv\u0101 \u201cIevi\u0146a\u201d dejo ~ 250 dejot\u0101ji asto\u0146\u0101s vecuma grup\u0101s. Kolekt\u012bvs ir draudz\u012bgs un pieejams dejotgrib\u0113t\u0101jiem vecum\u0101 no tr\u012bs gadiem l\u012bdz pilngad\u012bbai. T\u0101p\u0113c gaid\u012bti ir visi, kas m\u012bl deju &#8211; gan tie, kuri jau prot deju so\u013cus, gan tie, kas nekad nav m\u0113\u0123in\u0101ju\u0161i dejot.<\/p><p>And most importantly, the \"Ievi\u0146as\" dancer is happy in his face and in his heart!<\/p>\t\t\t\t\t\t\t\t<\/div>\n\t\t\t\t<\/div>\n\t\t\t\t\t<\/div>\n\t\t\t\t<\/div>\n\t\t<div class=\"elementor-element elementor-element-61105ee e-flex e-con-boxed e-con e-parent\" data-id=\"61105ee\" data-element_type=\"container\" data-e-type=\"container\" data-settings=\"{&quot;background_background&quot;:&quot;gradient&quot;,&quot;shape_divider_top&quot;:&quot;mountains&quot;}\">\n\t\t\t\t\t<div class=\"e-con-inner\">\n\t\t\t\t<div class=\"elementor-shape elementor-shape-top\" aria-hidden=\"true\" data-negative=\"false\">\n\t\t\t<svg xmlns=\"http:\/\/www.w3.org\/2000\/svg\" viewbox=\"0 0 1000 100\" preserveaspectratio=\"none\">\n\t<path class=\"elementor-shape-fill\" opacity=\"0.33\" d=\"M473,67.3c-203.9,88.3-263.1-34-320.3,0C66,119.1,0,59.7,0,59.7V0h1000v59.7 c0,0-62.1,26.1-94.9,29.3c-32.8,3.3-62.8-12.3-75.8-22.1C806,49.6,745.3,8.7,694.9,4.7S492.4,59,473,67.3z\"\/>\n\t<path class=\"elementor-shape-fill\" opacity=\"0.66\" d=\"M734,67.3c-45.5,0-77.2-23.2-129.1-39.1c-28.6-8.7-150.3-10.1-254,39.1 s-91.7-34.4-149.2,0C115.7,118.3,0,39.8,0,39.8V0h1000v36.5c0,0-28.2-18.5-92.1-18.5C810.2,18.1,775.7,67.3,734,67.3z\"\/>\n\t<path class=\"elementor-shape-fill\" d=\"M766.1,28.9c-200-57.5-266,65.5-395.1,19.5C242,1.8,242,5.4,184.8,20.6C128,35.8,132.3,44.9,89.9,52.5C28.6,63.7,0,0,0,0 h1000c0,0-9.9,40.9-83.6,48.1S829.6,47,766.1,28.9z\"\/>\n<\/svg>\t\t<\/div>\n\t\t\t\t<div class=\"elementor-element elementor-element-5d6c438 elementor-widget elementor-widget-heading\" data-id=\"5d6c438\" data-element_type=\"widget\" data-e-type=\"widget\" data-widget_type=\"heading.default\">\n\t\t\t\t<div class=\"elementor-widget-container\">\n\t\t\t\t\t<h2 class=\"elementor-heading-title elementor-size-default\">Our managers<\/h2>\t\t\t\t<\/div>\n\t\t\t\t<\/div>\n\t\t\t\t<div class=\"elementor-element elementor-element-4078477 elementor-widget elementor-widget-image\" data-id=\"4078477\" data-element_type=\"widget\" data-e-type=\"widget\" data-widget_type=\"image.default\">\n\t\t\t\t<div class=\"elementor-widget-container\">\n\t\t\t\t\t\t\t\t\t\t\t\t\t\t\t<img decoding=\"async\" width=\"340\" height=\"340\" src=\"https:\/\/kultura.jelgava.lv\/wp-content\/uploads\/2024\/03\/vaditajas-foto.jpg\" class=\"attachment-large size-large wp-image-3884\" alt=\"\" srcset=\"https:\/\/kultura.jelgava.lv\/wp-content\/uploads\/2024\/03\/vaditajas-foto.jpg 340w, https:\/\/kultura.jelgava.lv\/wp-content\/uploads\/2024\/03\/vaditajas-foto-300x300.jpg 300w, https:\/\/kultura.jelgava.lv\/wp-content\/uploads\/2024\/03\/vaditajas-foto-150x150.jpg 150w, https:\/\/kultura.jelgava.lv\/wp-content\/uploads\/2024\/03\/vaditajas-foto-12x12.jpg 12w\" sizes=\"(max-width: 340px) 100vw, 340px\" \/>\t\t\t\t\t\t\t\t\t\t\t\t\t\t\t<\/div>\n\t\t\t\t<\/div>\n\t\t\t\t<div class=\"elementor-element elementor-element-6e93e75 elementor-widget elementor-widget-heading\" data-id=\"6e93e75\" data-element_type=\"widget\" data-e-type=\"widget\" data-widget_type=\"heading.default\">\n\t\t\t\t<div class=\"elementor-widget-container\">\n\t\t\t\t\t<h2 class=\"elementor-heading-title elementor-size-default\">Alise Daugava<\/h2>\t\t\t\t<\/div>\n\t\t\t\t<\/div>\n\t\t\t\t\t<\/div>\n\t\t\t\t<\/div>\n\t\t\t\t<\/div>","protected":false},"excerpt":{"rendered":"<p>B\u0112RNU UN JAUNIE\u0160U DEJU KOLEKT\u012aVS &#8220;IEVI\u0145A&#8221; VAD\u012aT\u0100JA: ALISE DAUGAVA T\u0100LRUNIS: 22020919 NODARB\u012aBAS: PIRMDIEN\u0100S, OTRDIEN\u0100S, TRE\u0160DIEN\u0100S, CETURTDIEN\u0100S,\u00a0NO PL. 16.00, KULT\u016aRAS NAM\u0100 \u2018\u2019ROTA\u2019\u2019 Jelgavas Valstspils\u0113tas pa\u0161vald\u012bbas iest\u0101des \u201cKult\u016bra\u201d b\u0113rnu un jaunie\u0161u deju kolekt\u012bvs &#8220;Ievi\u0146a&#8221; dibin\u0101ts 1984. gad\u0101. Nosaukumu \u201cIevi\u0146a\u201d izv\u0113l\u0113j\u0101s kolekt\u012bva dibin\u0101t\u0101ja L\u012bga Ozola, nosaucot savas meiti\u0146as v\u0101rd\u0101. No 2019. gada kolekt\u012bva m\u0101ksliniecisk\u0101 vad\u012bt\u0101ja ir Alise Daugava, [&hellip;]<\/p>\n","protected":false},"author":1,"featured_media":0,"parent":0,"menu_order":0,"comment_status":"closed","ping_status":"closed","template":"","meta":{"footnotes":""},"class_list":["post-3855","page","type-page","status-publish","hentry"],"_links":{"self":[{"href":"https:\/\/kultura.jelgava.lv\/en\/wp-json\/wp\/v2\/pages\/3855","targetHints":{"allow":["GET"]}}],"collection":[{"href":"https:\/\/kultura.jelgava.lv\/en\/wp-json\/wp\/v2\/pages"}],"about":[{"href":"https:\/\/kultura.jelgava.lv\/en\/wp-json\/wp\/v2\/types\/page"}],"author":[{"embeddable":true,"href":"https:\/\/kultura.jelgava.lv\/en\/wp-json\/wp\/v2\/users\/1"}],"replies":[{"embeddable":true,"href":"https:\/\/kultura.jelgava.lv\/en\/wp-json\/wp\/v2\/comments?post=3855"}],"version-history":[{"count":29,"href":"https:\/\/kultura.jelgava.lv\/en\/wp-json\/wp\/v2\/pages\/3855\/revisions"}],"predecessor-version":[{"id":12988,"href":"https:\/\/kultura.jelgava.lv\/en\/wp-json\/wp\/v2\/pages\/3855\/revisions\/12988"}],"wp:attachment":[{"href":"https:\/\/kultura.jelgava.lv\/en\/wp-json\/wp\/v2\/media?parent=3855"}],"curies":[{"name":"wp","href":"https:\/\/api.w.org\/{rel}","templated":true}]}}