{"id":2847,"date":"2024-03-17T17:55:22","date_gmt":"2024-03-17T15:55:22","guid":{"rendered":"http:\/\/edgars.tma-hosting.de\/?page_id=2847"},"modified":"2024-04-16T08:14:20","modified_gmt":"2024-04-16T05:14:20","slug":"kontakti-smilsu-skulpturas","status":"publish","type":"page","link":"https:\/\/kultura.jelgava.lv\/en\/kontakti-smilsu-skulpturas\/","title":{"rendered":"Contacts sand sculptures"},"content":{"rendered":"\t\t<div data-elementor-type=\"wp-page\" data-elementor-id=\"2847\" class=\"elementor elementor-2847\" data-elementor-post-type=\"page\">\n\t\t\t\t\t\t<section class=\"elementor-section elementor-top-section elementor-element elementor-element-6ac4189 elementor-section-full_width elementor-section-height-min-height elementor-section-height-default elementor-section-items-middle\" data-id=\"6ac4189\" data-element_type=\"section\" data-e-type=\"section\" data-settings=\"{&quot;background_background&quot;:&quot;classic&quot;}\">\n\t\t\t\t\t\t\t<div class=\"elementor-background-overlay\"><\/div>\n\t\t\t\t\t\t\t<div class=\"elementor-container elementor-column-gap-no\">\n\t\t\t\t\t<div class=\"elementor-column elementor-col-100 elementor-top-column elementor-element elementor-element-6689768\" data-id=\"6689768\" data-element_type=\"column\" data-e-type=\"column\">\n\t\t\t<div class=\"elementor-widget-wrap elementor-element-populated\">\n\t\t\t\t\t\t<div class=\"elementor-element elementor-element-e5eddbd animated-slow elementor-invisible elementor-widget elementor-widget-heading\" data-id=\"e5eddbd\" data-element_type=\"widget\" data-e-type=\"widget\" data-settings=\"{&quot;_animation&quot;:&quot;fadeIn&quot;,&quot;_animation_delay&quot;:300}\" data-widget_type=\"heading.default\">\n\t\t\t\t<div class=\"elementor-widget-container\">\n\t\t\t\t\t<h2 class=\"elementor-heading-title elementor-size-default\">Kontakti<\/h2>\t\t\t\t<\/div>\n\t\t\t\t<\/div>\n\t\t\t\t\t<\/div>\n\t\t<\/div>\n\t\t\t\t\t<\/div>\n\t\t<\/section>\n\t\t<div class=\"elementor-element elementor-element-a5cdf55 e-flex e-con-boxed e-con e-parent\" data-id=\"a5cdf55\" data-element_type=\"container\" data-e-type=\"container\" data-settings=\"{&quot;background_background&quot;:&quot;classic&quot;}\">\n\t\t\t\t\t<div class=\"e-con-inner\">\n\t\t\t\t<div class=\"elementor-element elementor-element-d2d9513 elementor-nav-menu--dropdown-none elementor-nav-menu__align-center elementor-widget elementor-widget-nav-menu\" data-id=\"d2d9513\" data-element_type=\"widget\" data-e-type=\"widget\" data-settings=\"{&quot;layout&quot;:&quot;horizontal&quot;,&quot;submenu_icon&quot;:{&quot;value&quot;:&quot;&lt;svg aria-hidden=\\&quot;true\\&quot; class=\\&quot;e-font-icon-svg e-fas-caret-down\\&quot; viewBox=\\&quot;0 0 320 512\\&quot; xmlns=\\&quot;http:\\\/\\\/www.w3.org\\\/2000\\\/svg\\&quot;&gt;&lt;path d=\\&quot;M31.3 192h257.3c17.8 0 26.7 21.5 14.1 34.1L174.1 354.8c-7.8 7.8-20.5 7.8-28.3 0L17.2 226.1C4.6 213.5 13.5 192 31.3 192z\\&quot;&gt;&lt;\\\/path&gt;&lt;\\\/svg&gt;&quot;,&quot;library&quot;:&quot;fa-solid&quot;}}\" data-widget_type=\"nav-menu.default\">\n\t\t\t\t<div class=\"elementor-widget-container\">\n\t\t\t\t\t\t\t\t<nav aria-label=\"Menu\" class=\"elementor-nav-menu--main elementor-nav-menu__container elementor-nav-menu--layout-horizontal e--pointer-background e--animation-fade\">\n\t\t\t\t<ul id=\"menu-1-d2d9513\" class=\"elementor-nav-menu\"><li class=\"menu-item menu-item-type-post_type menu-item-object-page menu-item-2699\"><a href=\"https:\/\/kultura.jelgava.lv\/en\/starptautiskais-smilsu-skulpturu-festivals\/\" class=\"elementor-item\">S\u0101kums<\/a><\/li>\n<li class=\"menu-item menu-item-type-custom menu-item-object-custom menu-item-has-children menu-item-2700\"><a href=\"#\" class=\"elementor-item elementor-item-anchor\">Par festiv\u0101lu<\/a>\n<ul class=\"sub-menu elementor-nav-menu--dropdown\">\n\t<li class=\"menu-item menu-item-type-post_type menu-item-object-page menu-item-2712\"><a href=\"https:\/\/kultura.jelgava.lv\/en\/makslinieki-smilsu-skulpturas\/\" class=\"elementor-sub-item\">M\u0101kslinieki<\/a><\/li>\n\t<li class=\"menu-item menu-item-type-post_type menu-item-object-page menu-item-2771\"><a href=\"https:\/\/kultura.jelgava.lv\/en\/galerijas-smilsu-skulpturas\/\" class=\"elementor-sub-item\">Galerijas<\/a><\/li>\n\t<li class=\"menu-item menu-item-type-post_type menu-item-object-page menu-item-4549\"><a href=\"https:\/\/kultura.jelgava.lv\/en\/vesture-smilsu-skulpturas\/\" class=\"elementor-sub-item\">V\u0113sture<\/a><\/li>\n<\/ul>\n<\/li>\n<li class=\"menu-item menu-item-type-custom menu-item-object-custom menu-item-has-children menu-item-2701\"><a href=\"#\" class=\"elementor-item elementor-item-anchor\">Apmekl\u0113t\u0101jiem<\/a>\n<ul class=\"sub-menu elementor-nav-menu--dropdown\">\n\t<li class=\"menu-item menu-item-type-post_type menu-item-object-page menu-item-2703\"><a href=\"https:\/\/kultura.jelgava.lv\/en\/aktualitates-smilsu-skulpturas\/\" class=\"elementor-sub-item\">Jaunumi<\/a><\/li>\n\t<li class=\"menu-item menu-item-type-post_type menu-item-object-page menu-item-2843\"><a href=\"https:\/\/kultura.jelgava.lv\/en\/smilsu-skulptura-programma-diena-1\/\" class=\"elementor-sub-item\">Programma<\/a><\/li>\n\t<li class=\"menu-item menu-item-type-custom menu-item-object-custom menu-item-2776\"><a target=\"_blank\" href=\"https:\/\/visit.jelgava.lv\/lv\/\" class=\"elementor-sub-item\">T\u016brisms<\/a><\/li>\n\t<li class=\"menu-item menu-item-type-post_type menu-item-object-page menu-item-17764\"><a href=\"https:\/\/kultura.jelgava.lv\/en\/smilsu-skulpturu-festivala-noteikumi\/\" class=\"elementor-sub-item\">Noteikumi<\/a><\/li>\n\t<li class=\"menu-item menu-item-type-post_type menu-item-object-page menu-item-17777\"><a href=\"https:\/\/kultura.jelgava.lv\/en\/biezak-uzdotie-jautajumi-smiltis\/\" class=\"elementor-sub-item\">Bie\u017e\u0101k uzdotie jaut\u0101jumi<\/a><\/li>\n\t<li class=\"menu-item menu-item-type-post_type menu-item-object-page menu-item-2855\"><a href=\"https:\/\/kultura.jelgava.lv\/en\/kontakti-smilsu-skulpturas\/\" class=\"elementor-sub-item\">Kontakti<\/a><\/li>\n<\/ul>\n<\/li>\n<li class=\"menu-item menu-item-type-custom menu-item-object-custom menu-item-has-children menu-item-2702\"><a href=\"#\" class=\"elementor-item elementor-item-anchor\">M\u0101ksliniekiem<\/a>\n<ul class=\"sub-menu elementor-nav-menu--dropdown\">\n\t<li class=\"menu-item menu-item-type-post_type menu-item-object-page menu-item-2876\"><a href=\"https:\/\/kultura.jelgava.lv\/en\/pieteiksanas-smilsu-skulpturas\/\" class=\"elementor-sub-item\">Pieteik\u0161an\u0101s<\/a><\/li>\n<\/ul>\n<\/li>\n<li class=\"menu-item menu-item-type-post_type menu-item-object-page menu-item-2728\"><a href=\"https:\/\/kultura.jelgava.lv\/en\/biletes-smilsu-skulpturas\/\" class=\"elementor-item\">Bi\u013cetes<\/a><\/li>\n<\/ul>\t\t\t<\/nav>\n\t\t\t\t\t\t<nav class=\"elementor-nav-menu--dropdown elementor-nav-menu__container\" aria-hidden=\"true\">\n\t\t\t\t<ul id=\"menu-2-d2d9513\" class=\"elementor-nav-menu\"><li class=\"menu-item menu-item-type-post_type menu-item-object-page menu-item-2699\"><a href=\"https:\/\/kultura.jelgava.lv\/en\/starptautiskais-smilsu-skulpturu-festivals\/\" class=\"elementor-item\" tabindex=\"-1\">S\u0101kums<\/a><\/li>\n<li class=\"menu-item menu-item-type-custom menu-item-object-custom menu-item-has-children menu-item-2700\"><a href=\"#\" class=\"elementor-item elementor-item-anchor\" tabindex=\"-1\">Par festiv\u0101lu<\/a>\n<ul class=\"sub-menu elementor-nav-menu--dropdown\">\n\t<li class=\"menu-item menu-item-type-post_type menu-item-object-page menu-item-2712\"><a href=\"https:\/\/kultura.jelgava.lv\/en\/makslinieki-smilsu-skulpturas\/\" class=\"elementor-sub-item\" tabindex=\"-1\">M\u0101kslinieki<\/a><\/li>\n\t<li class=\"menu-item menu-item-type-post_type menu-item-object-page menu-item-2771\"><a href=\"https:\/\/kultura.jelgava.lv\/en\/galerijas-smilsu-skulpturas\/\" class=\"elementor-sub-item\" tabindex=\"-1\">Galerijas<\/a><\/li>\n\t<li class=\"menu-item menu-item-type-post_type menu-item-object-page menu-item-4549\"><a href=\"https:\/\/kultura.jelgava.lv\/en\/vesture-smilsu-skulpturas\/\" class=\"elementor-sub-item\" tabindex=\"-1\">V\u0113sture<\/a><\/li>\n<\/ul>\n<\/li>\n<li class=\"menu-item menu-item-type-custom menu-item-object-custom menu-item-has-children menu-item-2701\"><a href=\"#\" class=\"elementor-item elementor-item-anchor\" tabindex=\"-1\">Apmekl\u0113t\u0101jiem<\/a>\n<ul class=\"sub-menu elementor-nav-menu--dropdown\">\n\t<li class=\"menu-item menu-item-type-post_type menu-item-object-page menu-item-2703\"><a href=\"https:\/\/kultura.jelgava.lv\/en\/aktualitates-smilsu-skulpturas\/\" class=\"elementor-sub-item\" tabindex=\"-1\">Jaunumi<\/a><\/li>\n\t<li class=\"menu-item menu-item-type-post_type menu-item-object-page menu-item-2843\"><a href=\"https:\/\/kultura.jelgava.lv\/en\/smilsu-skulptura-programma-diena-1\/\" class=\"elementor-sub-item\" tabindex=\"-1\">Programma<\/a><\/li>\n\t<li class=\"menu-item menu-item-type-custom menu-item-object-custom menu-item-2776\"><a target=\"_blank\" href=\"https:\/\/visit.jelgava.lv\/lv\/\" class=\"elementor-sub-item\" tabindex=\"-1\">T\u016brisms<\/a><\/li>\n\t<li class=\"menu-item menu-item-type-post_type menu-item-object-page menu-item-17764\"><a href=\"https:\/\/kultura.jelgava.lv\/en\/smilsu-skulpturu-festivala-noteikumi\/\" class=\"elementor-sub-item\" tabindex=\"-1\">Noteikumi<\/a><\/li>\n\t<li class=\"menu-item menu-item-type-post_type menu-item-object-page menu-item-17777\"><a href=\"https:\/\/kultura.jelgava.lv\/en\/biezak-uzdotie-jautajumi-smiltis\/\" class=\"elementor-sub-item\" tabindex=\"-1\">Bie\u017e\u0101k uzdotie jaut\u0101jumi<\/a><\/li>\n\t<li class=\"menu-item menu-item-type-post_type menu-item-object-page menu-item-2855\"><a href=\"https:\/\/kultura.jelgava.lv\/en\/kontakti-smilsu-skulpturas\/\" class=\"elementor-sub-item\" tabindex=\"-1\">Kontakti<\/a><\/li>\n<\/ul>\n<\/li>\n<li class=\"menu-item menu-item-type-custom menu-item-object-custom menu-item-has-children menu-item-2702\"><a href=\"#\" class=\"elementor-item elementor-item-anchor\" tabindex=\"-1\">M\u0101ksliniekiem<\/a>\n<ul class=\"sub-menu elementor-nav-menu--dropdown\">\n\t<li class=\"menu-item menu-item-type-post_type menu-item-object-page menu-item-2876\"><a href=\"https:\/\/kultura.jelgava.lv\/en\/pieteiksanas-smilsu-skulpturas\/\" class=\"elementor-sub-item\" tabindex=\"-1\">Pieteik\u0161an\u0101s<\/a><\/li>\n<\/ul>\n<\/li>\n<li class=\"menu-item menu-item-type-post_type menu-item-object-page menu-item-2728\"><a href=\"https:\/\/kultura.jelgava.lv\/en\/biletes-smilsu-skulpturas\/\" class=\"elementor-item\" tabindex=\"-1\">Bi\u013cetes<\/a><\/li>\n<\/ul>\t\t\t<\/nav>\n\t\t\t\t\t\t<\/div>\n\t\t\t\t<\/div>\n\t\t\t\t\t<\/div>\n\t\t\t\t<\/div>\n\t\t<div class=\"elementor-element elementor-element-5620b6d e-flex e-con-boxed e-con e-parent\" data-id=\"5620b6d\" data-element_type=\"container\" data-e-type=\"container\">\n\t\t\t\t\t<div class=\"e-con-inner\">\n\t\t<div class=\"elementor-element elementor-element-8615bc7 e-con-full e-flex e-con e-child\" data-id=\"8615bc7\" data-element_type=\"container\" data-e-type=\"container\">\n\t\t\t\t<div class=\"elementor-element elementor-element-84eb9ea elementor-widget elementor-widget-text-editor\" data-id=\"84eb9ea\" data-element_type=\"widget\" data-e-type=\"widget\" data-widget_type=\"text-editor.default\">\n\t\t\t\t<div class=\"elementor-widget-container\">\n\t\t\t\t\t\t\t\t\t<p>Jelgavas valstspils\u0113tas pa\u0161vald\u012bbas iest\u0101de \u201cKult\u016bra&#8221;<\/p><p><strong><a href=\"tel:+37163023461\">+371 630 23 461<\/a><\/strong><br \/><strong><a href=\"mailto:kultura@kultura.jelgava.lv\">kultura@kultura.jelgava.lv<\/a><\/strong><br \/><strong><a href=\"http:\/\/www.kultura.jelgava.lv\">www.kultura.jelgava.lv<\/a><\/strong><\/p><div class=\"contact-desc\"><p>Pa\u0161vald\u012bbas operat\u012bv\u0101s inform\u0101cijas centrs &#8211;\u00a0<strong>8787<\/strong>;<\/p><p>Jelgavas re\u0123ion\u0101lais t\u016brisma inform\u0101cijas centrs &#8211;\u00a0<strong><a href=\"tel:+37163005445\">63005445<\/a>, <a href=\"tel:63005447\">63005447<\/a><\/strong>.<\/p><\/div>\t\t\t\t\t\t\t\t<\/div>\n\t\t\t\t<\/div>\n\t\t\t\t<\/div>\n\t\t<div class=\"elementor-element elementor-element-80bbf30 e-con-full e-flex e-con e-child\" data-id=\"80bbf30\" data-element_type=\"container\" data-e-type=\"container\">\n\t\t\t\t<div class=\"elementor-element elementor-element-18ff543 elementor-widget elementor-widget-heading\" data-id=\"18ff543\" data-element_type=\"widget\" data-e-type=\"widget\" data-widget_type=\"heading.default\">\n\t\t\t\t<div class=\"elementor-widget-container\">\n\t\t\t\t\t<h3 class=\"elementor-heading-title elementor-size-default\">ATSAUKSMES &amp; IEROSIN\u0100JUMI<\/h3>\t\t\t\t<\/div>\n\t\t\t\t<\/div>\n\t\t\t\t<div class=\"elementor-element elementor-element-ecc12ce elementor-button-align-stretch elementor-widget elementor-widget-form\" data-id=\"ecc12ce\" data-element_type=\"widget\" data-e-type=\"widget\" data-settings=\"{&quot;step_next_label&quot;:&quot;Next&quot;,&quot;step_previous_label&quot;:&quot;Previous&quot;,&quot;button_width&quot;:&quot;100&quot;,&quot;step_type&quot;:&quot;number_text&quot;,&quot;step_icon_shape&quot;:&quot;circle&quot;}\" data-widget_type=\"form.default\">\n\t\t\t\t<div class=\"elementor-widget-container\">\n\t\t\t\t\t\t\t<form class=\"elementor-form\" method=\"post\" name=\"Atsauksmes &amp; Ierosin\u0101jumi smil\u0161u skulpt\u016bras\" aria-label=\"Atsauksmes &amp; Ierosin\u0101jumi smil\u0161u skulpt\u016bras\">\n\t\t\t<input type=\"hidden\" name=\"post_id\" value=\"2847\"\/>\n\t\t\t<input type=\"hidden\" name=\"form_id\" value=\"ecc12ce\"\/>\n\t\t\t<input type=\"hidden\" name=\"referer_title\" value=\"\" \/>\n\n\t\t\t\n\t\t\t<div class=\"elementor-form-fields-wrapper elementor-labels-above\">\n\t\t\t\t\t\t\t\t<div class=\"elementor-field-type-text elementor-field-group elementor-column elementor-field-group-name elementor-col-100 elementor-field-required elementor-mark-required\">\n\t\t\t\t\t\t\t\t\t\t\t\t<label for=\"form-field-name\" class=\"elementor-field-label\">\n\t\t\t\t\t\t\t\tV\u0101rds\t\t\t\t\t\t\t<\/label>\n\t\t\t\t\t\t\t\t\t\t\t\t\t\t<input size=\"1\" type=\"text\" name=\"form_fields[name]\" id=\"form-field-name\" class=\"elementor-field elementor-size-sm  elementor-field-textual\" placeholder=\"V\u0101rds\" required=\"required\">\n\t\t\t\t\t\t\t\t\t\t\t<\/div>\n\t\t\t\t\t\t\t\t<div class=\"elementor-field-type-email elementor-field-group elementor-column elementor-field-group-email elementor-col-100 elementor-field-required elementor-mark-required\">\n\t\t\t\t\t\t\t\t\t\t\t\t<label for=\"form-field-email\" class=\"elementor-field-label\">\n\t\t\t\t\t\t\t\tE-pasts\t\t\t\t\t\t\t<\/label>\n\t\t\t\t\t\t\t\t\t\t\t\t\t\t<input size=\"1\" type=\"email\" name=\"form_fields[email]\" id=\"form-field-email\" class=\"elementor-field elementor-size-sm  elementor-field-textual\" placeholder=\"E-pasts\" required=\"required\">\n\t\t\t\t\t\t\t\t\t\t\t<\/div>\n\t\t\t\t\t\t\t\t<div class=\"elementor-field-type-textarea elementor-field-group elementor-column elementor-field-group-message elementor-col-100 elementor-field-required elementor-mark-required\">\n\t\t\t\t\t\t\t\t\t\t\t\t<label for=\"form-field-message\" class=\"elementor-field-label\">\n\t\t\t\t\t\t\t\tZi\u0146a\t\t\t\t\t\t\t<\/label>\n\t\t\t\t\t\t<textarea class=\"elementor-field-textual elementor-field  elementor-size-sm\" name=\"form_fields[message]\" id=\"form-field-message\" rows=\"4\" placeholder=\"Zi\u0146a\" required=\"required\"><\/textarea>\t\t\t\t<\/div>\n\t\t\t\t\t\t\t\t<div class=\"elementor-field-type-acceptance elementor-field-group elementor-column elementor-field-group-field_282f2f0 elementor-col-100 elementor-field-required elementor-mark-required\">\n\t\t\t\t\t\t\t<div class=\"elementor-field-subgroup\">\n\t\t\t<span class=\"elementor-field-option\">\n\t\t\t\t<input type=\"checkbox\" name=\"form_fields[field_282f2f0]\" id=\"form-field-field_282f2f0\" class=\"elementor-field elementor-size-sm  elementor-acceptance-field\" required=\"required\">\n\t\t\t\t<label for=\"form-field-field_282f2f0\"><a href=\"https:\/\/www.jelgava.lv\/pasvaldiba-par-pasvaldibu-datu-aizsardziba\/\" target=\"_blank\">Piekr\u012btu visp\u0101r\u012bgajiem datu dro\u0161\u012bbas noteikumiem<\/a><\/label>\t\t\t<\/span>\n\t\t<\/div>\n\t\t\t\t\t\t<\/div>\n\t\t\t\t\t\t\t\t<div class=\"elementor-field-type-hcaptcha elementor-field-group elementor-column elementor-field-group-field_d465139 elementor-col-100\">\n\t\t\t\t\t<div class=\"elementor-field\" id=\"form-field-field_d465139\"><div class=\"elementor-hcaptcha\">\t\t<input\n\t\t\t\ttype=\"hidden\"\n\t\t\t\tclass=\"hcaptcha-widget-id\"\n\t\t\t\tname=\"hcaptcha-widget-id\"\n\t\t\t\tvalue=\"eyJzb3VyY2UiOlsiZWxlbWVudG9yLXByb1wvZWxlbWVudG9yLXByby5waHAiXSwiZm9ybV9pZCI6MH0=-e7837d994cec70f66059f643c888f326\">\n\t\t\t\t<h-captcha\n\t\t\tclass=\"h-captcha\"\n\t\t\tdata-sitekey=\"eb4aa5ea-442e-4103-9728-b83c803c8a6a\"\n\t\t\tdata-theme=\"light\"\n\t\t\tdata-size=\"normal\"\n\t\t\tdata-auto=\"false\"\n\t\t\tdata-ajax=\"false\"\n\t\t\tdata-force=\"false\">\n\t\t<\/h-captcha>\n\t\t<\/div><\/div>\t\t\t\t<\/div>\n\t\t\t\t\t\t\t\t<div class=\"elementor-field-group elementor-column elementor-field-type-submit elementor-col-100 e-form__buttons\">\n\t\t\t\t\t<button class=\"elementor-button elementor-size-sm\" type=\"submit\">\n\t\t\t\t\t\t<span class=\"elementor-button-content-wrapper\">\n\t\t\t\t\t\t\t\t\t\t\t\t\t\t\t\t\t\t\t\t\t\t<span class=\"elementor-button-text\">Nos\u016bt\u012bt<\/span>\n\t\t\t\t\t\t\t\t\t\t\t\t\t<\/span>\n\t\t\t\t\t<\/button>\n\t\t\t\t<\/div>\n\t\t\t<\/div>\n\t\t<\/form>\n\t\t\t\t\t\t<\/div>\n\t\t\t\t<\/div>\n\t\t\t\t<\/div>\n\t\t\t\t\t<\/div>\n\t\t\t\t<\/div>\n\t\t\t\t<\/div>\n\t\t","protected":false},"excerpt":{"rendered":"<p>Kontakti Jelgavas valstspils\u0113tas pa\u0161vald\u012bbas iest\u0101de \u201cKult\u016bra&#8221; +371 630 23 461kultura@kultura.jelgava.lvwww.kultura.jelgava.lv Pa\u0161vald\u012bbas operat\u012bv\u0101s inform\u0101cijas centrs &#8211;\u00a08787; Jelgavas re\u0123ion\u0101lais t\u016brisma inform\u0101cijas centrs &#8211;\u00a063005445, 63005447. ATSAUKSMES &#038; IEROSIN\u0100JUMI<\/p>","protected":false},"author":1,"featured_media":0,"parent":0,"menu_order":0,"comment_status":"closed","ping_status":"closed","template":"","meta":{"footnotes":""},"class_list":["post-2847","page","type-page","status-publish","hentry"],"_links":{"self":[{"href":"https:\/\/kultura.jelgava.lv\/en\/wp-json\/wp\/v2\/pages\/2847","targetHints":{"allow":["GET"]}}],"collection":[{"href":"https:\/\/kultura.jelgava.lv\/en\/wp-json\/wp\/v2\/pages"}],"about":[{"href":"https:\/\/kultura.jelgava.lv\/en\/wp-json\/wp\/v2\/types\/page"}],"author":[{"embeddable":true,"href":"https:\/\/kultura.jelgava.lv\/en\/wp-json\/wp\/v2\/users\/1"}],"replies":[{"embeddable":true,"href":"https:\/\/kultura.jelgava.lv\/en\/wp-json\/wp\/v2\/comments?post=2847"}],"version-history":[{"count":46,"href":"https:\/\/kultura.jelgava.lv\/en\/wp-json\/wp\/v2\/pages\/2847\/revisions"}],"predecessor-version":[{"id":10901,"href":"https:\/\/kultura.jelgava.lv\/en\/wp-json\/wp\/v2\/pages\/2847\/revisions\/10901"}],"wp:attachment":[{"href":"https:\/\/kultura.jelgava.lv\/en\/wp-json\/wp\/v2\/media?parent=2847"}],"curies":[{"name":"wp","href":"https:\/\/api.w.org\/{rel}","templated":true}]}}