{"id":1965,"date":"2024-03-14T16:01:31","date_gmt":"2024-03-14T14:01:31","guid":{"rendered":"http:\/\/edgars.tma-hosting.de\/?page_id=1965"},"modified":"2026-03-26T15:01:01","modified_gmt":"2026-03-26T13:01:01","slug":"vakances","status":"publish","type":"page","link":"https:\/\/kultura.jelgava.lv\/en\/vakances\/","title":{"rendered":"Jobs"},"content":{"rendered":"<div data-elementor-type=\"wp-page\" data-elementor-id=\"1965\" class=\"elementor elementor-1965\" data-elementor-post-type=\"page\">\n\t\t\t\t\t\t<section class=\"elementor-section elementor-top-section elementor-element elementor-element-5d60fe1d elementor-section-full_width elementor-section-height-min-height elementor-section-height-default elementor-section-items-middle\" data-id=\"5d60fe1d\" data-element_type=\"section\" data-e-type=\"section\" data-settings=\"{&quot;background_background&quot;:&quot;classic&quot;}\">\n\t\t\t\t\t\t\t<div class=\"elementor-background-overlay\"><\/div>\n\t\t\t\t\t\t\t<div class=\"elementor-container elementor-column-gap-no\">\n\t\t\t\t\t<div class=\"elementor-column elementor-col-100 elementor-top-column elementor-element elementor-element-1f000fec\" data-id=\"1f000fec\" data-element_type=\"column\" data-e-type=\"column\">\n\t\t\t<div class=\"elementor-widget-wrap elementor-element-populated\">\n\t\t\t\t\t\t<div class=\"elementor-element elementor-element-30a700e1 animated-slow elementor-invisible elementor-widget elementor-widget-heading\" data-id=\"30a700e1\" data-element_type=\"widget\" data-e-type=\"widget\" data-settings=\"{&quot;_animation&quot;:&quot;fadeIn&quot;,&quot;_animation_delay&quot;:300}\" data-widget_type=\"heading.default\">\n\t\t\t\t<div class=\"elementor-widget-container\">\n\t\t\t\t\t<h1 class=\"elementor-heading-title elementor-size-default\">Jobs<\/h1>\t\t\t\t<\/div>\n\t\t\t\t<\/div>\n\t\t\t\t\t<\/div>\n\t\t<\/div>\n\t\t\t\t\t<\/div>\n\t\t<\/section>\n\t\t<div class=\"elementor-element elementor-element-d3c1c14 e-flex e-con-boxed e-con e-parent\" data-id=\"d3c1c14\" data-element_type=\"container\" data-e-type=\"container\">\n\t\t\t\t\t<div class=\"e-con-inner\">\n\t\t\t\t<div class=\"elementor-element elementor-element-6f1f347 elementor-widget elementor-widget-toggle\" data-id=\"6f1f347\" data-element_type=\"widget\" data-e-type=\"widget\" data-widget_type=\"toggle.default\">\n\t\t\t\t<div class=\"elementor-widget-container\">\n\t\t\t\t\t\t\t<div class=\"elementor-toggle\">\n\t\t\t\t\t\t\t<div class=\"elementor-toggle-item\">\n\t\t\t\t\t<h5 id=\"elementor-tab-title-1161\" class=\"elementor-tab-title\" data-tab=\"1\" role=\"button\" aria-controls=\"elementor-tab-content-1161\" aria-expanded=\"false\">\n\t\t\t\t\t\t\t\t\t\t\t\t<span class=\"elementor-toggle-icon elementor-toggle-icon-left\" aria-hidden=\"true\">\n\t\t\t\t\t\t\t\t\t\t\t\t\t\t\t<span class=\"elementor-toggle-icon-closed\"><svg class=\"e-font-icon-svg e-fas-caret-right\" viewbox=\"0 0 192 512\" xmlns=\"http:\/\/www.w3.org\/2000\/svg\"><path d=\"M0 384.662V127.338c0-17.818 21.543-26.741 34.142-14.142l128.662 128.662c7.81 7.81 7.81 20.474 0 28.284L34.142 398.804C21.543 411.404 0 402.48 0 384.662z\"><\/path><\/svg><\/span>\n\t\t\t\t\t\t\t\t<span class=\"elementor-toggle-icon-opened\"><svg class=\"elementor-toggle-icon-opened e-font-icon-svg e-fas-caret-up\" viewbox=\"0 0 320 512\" xmlns=\"http:\/\/www.w3.org\/2000\/svg\"><path d=\"M288.662 352H31.338c-17.818 0-26.741-21.543-14.142-34.142l128.662-128.662c7.81-7.81 20.474-7.81 28.284 0l128.662 128.662c12.6 12.599 3.676 34.142-14.142 34.142z\"><\/path><\/svg><\/span>\n\t\t\t\t\t\t\t\t\t\t\t\t\t<\/span>\n\t\t\t\t\t\t\t\t\t\t\t\t<a class=\"elementor-toggle-title\" tabindex=\"0\">SKA\u0145U OPERATORS<\/a>\n\t\t\t\t\t<\/h5>\n\n\t\t\t\t\t<div id=\"elementor-tab-content-1161\" class=\"elementor-tab-content elementor-clearfix\" data-tab=\"1\" role=\"region\" aria-labelledby=\"elementor-tab-title-1161\"><p><u><b>MAIN ACTIVITIES AND RESPONSIBILITIES<\/b><\/u><\/p><p>\u00a0<\/p><p>\u2022\u00a0\u00a0\u00a0\u00a0Nodro\u0161in\u0101t iest\u0101des &#8220;Kult\u016bra&#8221; organiz\u0113tos pas\u0101kumus ar apska\u0146o\u0161anu;<\/p><p>\u2022\u00a0 \u00a0\u00a0Piedal\u012bties ska\u0146u iek\u0101rtu uztur\u0113\u0161anas proces\u0101 &#8211; laic\u012bgi iepl\u0101not apkopes un remontus;<\/p><p>\u2022\u00a0\u00a0\u00a0\u00a0Darbs gan individu\u0101li, gan komand\u0101;<\/p><p>\u2022\u00a0\u00a0\u00a0\u00a0Darbs ar\u012b \u0101ra apst\u0101k\u013cos.<\/p><p><u><b>REQUIREMENTS FOR APPLICANTS<\/b><\/u><\/p><p>\u00a0<\/p><p>\u2022\u00a0\u00a0\u00a0\u00a0Vid\u0113j\u0101 izgl\u012bt\u012bba;<\/p><p>\u2022\u00a0\u00a0\u00a0\u00a0Pieredze attiec\u012bg\u0101 jom\u0101;<\/p><p>\u2022\u00a0 \u00a0 Gatav\u012bba str\u0101d\u0101t saska\u0146\u0101 ar kult\u016bras pas\u0101kumu kalend\u0101ru (vakaros, br\u012bvdien\u0101s un sv\u0113tku dien\u0101s);<\/p><p>\u2022\u00a0\u00a0\u00a0\u00a0Augsta atbild\u012bbas saj\u016bta, precizit\u0101te;<\/p><p>\u2022\u00a0\u00a0\u00a0\u00a0Prasme patst\u0101v\u012bgi pl\u0101not darbu, nosakot priorit\u0101tes konkr\u0113tu darb\u012bbu veik\u0161anai;<\/p><p>\u2022\u00a0\u00a0\u00a0\u00a0Uz sadarb\u012bbu v\u0113rsta komunik\u0101cija;<\/p><p>\u2022\u00a0\u00a0\u00a0\u00a0Stresa notur\u012bba.<\/p><p><u><b>WE OFFER:<\/b><\/u><\/p><p>\u00a0<\/p><p>\u2022\u00a0\u00a0\u00a0\u00a0Atbilsto\u0161us darba apst\u0101k\u013cus un draudz\u012bgu kolekt\u012bvu;<\/p><p>\u2022\u00a0\u00a0\u00a0\u00a0Soci\u0101l\u0101s garantijas;<\/p><p>\u2022\u00a0\u00a0\u00a0\u00a0Darba samaksu m\u0113nes\u012b (bruto) \u2014 1142 \u20ac.<\/p><p>CV un motiv\u0101cijas v\u0113stuli l\u016bdzam ies\u016bt\u012bt uz e-pasta adresi anda.sproge@kultura.jelgava.lv\u00a0<\/p><div>Sazin\u0101simies ar tiem pretendentiem, kuri tiks aicin\u0101ti uz p\u0101rrun\u0101m.\u00a0<\/div><div><br \/><i>By submitting your CV and application, you agree to participate in the process of evaluating and selecting candidates for the indicated vacancy and to communication with you. Only the information that is necessary to objectively evaluate the suitability of your candidacy for the vacant position shall be indicated in the CV and application. Considering the above, we invite you to evaluate the CV and the amount of information to be included in the application.<\/i><\/div><\/div>\n\t\t\t\t<\/div>\n\t\t\t\t\t\t\t\t<\/div>\n\t\t\t\t\t\t<\/div>\n\t\t\t\t<\/div>\n\t\t\t\t\t<\/div>\n\t\t\t\t<\/div>\n\t\t\t\t<\/div>","protected":false},"excerpt":{"rendered":"<p>Vakances SKA\u0145U OPERATORS GALVENIE PIEN\u0100KUMI \u00a0 \u2022\u00a0\u00a0\u00a0\u00a0Nodro\u0161in\u0101t iest\u0101des &#8220;Kult\u016bra&#8221; organiz\u0113tos pas\u0101kumus ar apska\u0146o\u0161anu; \u2022\u00a0 \u00a0\u00a0Piedal\u012bties ska\u0146u iek\u0101rtu uztur\u0113\u0161anas proces\u0101 &#8211; laic\u012bgi iepl\u0101not apkopes un remontus; \u2022\u00a0\u00a0\u00a0\u00a0Darbs gan individu\u0101li, gan komand\u0101; \u2022\u00a0\u00a0\u00a0\u00a0Darbs ar\u012b \u0101ra apst\u0101k\u013cos. PRAS\u012aBAS PRETENDENTIEM \u00a0 \u2022\u00a0\u00a0\u00a0\u00a0Vid\u0113j\u0101 izgl\u012bt\u012bba; \u2022\u00a0\u00a0\u00a0\u00a0Pieredze attiec\u012bg\u0101 jom\u0101; \u2022\u00a0 \u00a0 Gatav\u012bba str\u0101d\u0101t saska\u0146\u0101 ar kult\u016bras pas\u0101kumu kalend\u0101ru (vakaros, br\u012bvdien\u0101s un sv\u0113tku [&hellip;]<\/p>\n","protected":false},"author":1,"featured_media":0,"parent":0,"menu_order":0,"comment_status":"closed","ping_status":"closed","template":"","meta":{"footnotes":""},"class_list":["post-1965","page","type-page","status-publish","hentry"],"_links":{"self":[{"href":"https:\/\/kultura.jelgava.lv\/en\/wp-json\/wp\/v2\/pages\/1965","targetHints":{"allow":["GET"]}}],"collection":[{"href":"https:\/\/kultura.jelgava.lv\/en\/wp-json\/wp\/v2\/pages"}],"about":[{"href":"https:\/\/kultura.jelgava.lv\/en\/wp-json\/wp\/v2\/types\/page"}],"author":[{"embeddable":true,"href":"https:\/\/kultura.jelgava.lv\/en\/wp-json\/wp\/v2\/users\/1"}],"replies":[{"embeddable":true,"href":"https:\/\/kultura.jelgava.lv\/en\/wp-json\/wp\/v2\/comments?post=1965"}],"version-history":[{"count":100,"href":"https:\/\/kultura.jelgava.lv\/en\/wp-json\/wp\/v2\/pages\/1965\/revisions"}],"predecessor-version":[{"id":17994,"href":"https:\/\/kultura.jelgava.lv\/en\/wp-json\/wp\/v2\/pages\/1965\/revisions\/17994"}],"wp:attachment":[{"href":"https:\/\/kultura.jelgava.lv\/en\/wp-json\/wp\/v2\/media?parent=1965"}],"curies":[{"name":"wp","href":"https:\/\/api.w.org\/{rel}","templated":true}]}}