{"id":1828,"date":"2024-03-03T21:08:55","date_gmt":"2024-03-03T19:08:55","guid":{"rendered":"http:\/\/edgars.tma-hosting.de\/?page_id=1828"},"modified":"2025-09-03T09:18:41","modified_gmt":"2025-09-03T06:18:41","slug":"bernu-un-jauniesu-deju-kolektivsveja-zirdzins","status":"publish","type":"page","link":"https:\/\/kultura.jelgava.lv\/en\/bernu-un-jauniesu-deju-kolektivsveja-zirdzins\/","title":{"rendered":"CHILDREN'S AND YOUNG PEOPLE'S DANCE COLLECTIVE \"V\u0112JA ZIRDZI\u0145\u0160\""},"content":{"rendered":"<div data-elementor-type=\"wp-page\" data-elementor-id=\"1828\" class=\"elementor elementor-1828\" data-elementor-post-type=\"page\">\n\t\t\t\t\t\t<section class=\"elementor-section elementor-top-section elementor-element elementor-element-5a7d32c3 elementor-section-full_width elementor-section-height-min-height elementor-section-height-default elementor-section-items-middle\" data-id=\"5a7d32c3\" data-element_type=\"section\" data-e-type=\"section\" data-settings=\"{&quot;background_background&quot;:&quot;classic&quot;}\">\n\t\t\t\t\t\t\t<div class=\"elementor-background-overlay\"><\/div>\n\t\t\t\t\t\t\t<div class=\"elementor-container elementor-column-gap-no\">\n\t\t\t\t\t<div class=\"elementor-column elementor-col-100 elementor-top-column elementor-element elementor-element-1f2b2c8d\" data-id=\"1f2b2c8d\" data-element_type=\"column\" data-e-type=\"column\">\n\t\t\t<div class=\"elementor-widget-wrap elementor-element-populated\">\n\t\t\t\t\t\t<div class=\"elementor-element elementor-element-651e7460 animated-slow elementor-invisible elementor-widget elementor-widget-heading\" data-id=\"651e7460\" data-element_type=\"widget\" data-e-type=\"widget\" data-settings=\"{&quot;_animation&quot;:&quot;fadeIn&quot;,&quot;_animation_delay&quot;:300}\" data-widget_type=\"heading.default\">\n\t\t\t\t<div class=\"elementor-widget-container\">\n\t\t\t\t\t<h2 class=\"elementor-heading-title elementor-size-default\">CHILDREN AND YOUTH DANCE COLLECTIVE <\/br>\n\"V\u0112JA ZIRDZI\u0145\u0160\"<\/h2>\t\t\t\t<\/div>\n\t\t\t\t<\/div>\n\t\t\t\t\t<\/div>\n\t\t<\/div>\n\t\t\t\t\t<\/div>\n\t\t<\/section>\n\t\t\t\t<section class=\"elementor-section elementor-top-section elementor-element elementor-element-83de8c0 elementor-section-boxed elementor-section-height-default elementor-section-height-default\" data-id=\"83de8c0\" data-element_type=\"section\" data-e-type=\"section\" data-settings=\"{&quot;background_background&quot;:&quot;classic&quot;}\">\n\t\t\t\t\t\t\t<div class=\"elementor-background-overlay\"><\/div>\n\t\t\t\t\t\t\t<div class=\"elementor-container elementor-column-gap-no\">\n\t\t\t\t\t<div class=\"elementor-column elementor-col-100 elementor-top-column elementor-element elementor-element-80a1cd4\" data-id=\"80a1cd4\" data-element_type=\"column\" data-e-type=\"column\">\n\t\t\t<div class=\"elementor-widget-wrap elementor-element-populated\">\n\t\t\t\t\t\t<section class=\"elementor-section elementor-inner-section elementor-element elementor-element-bda2d97 elementor-section-full_width elementor-section-height-default elementor-section-height-default\" data-id=\"bda2d97\" data-element_type=\"section\" data-e-type=\"section\">\n\t\t\t\t\t\t<div class=\"elementor-container elementor-column-gap-no\">\n\t\t\t\t\t<div class=\"elementor-column elementor-col-50 elementor-inner-column elementor-element elementor-element-1aaa2a4\" data-id=\"1aaa2a4\" data-element_type=\"column\" data-e-type=\"column\">\n\t\t\t<div class=\"elementor-widget-wrap elementor-element-populated\">\n\t\t\t\t\t\t<div class=\"elementor-element elementor-element-8771f3c elementor-widget elementor-widget-text-editor\" data-id=\"8771f3c\" data-element_type=\"widget\" data-e-type=\"widget\" data-widget_type=\"text-editor.default\">\n\t\t\t\t<div class=\"elementor-widget-container\">\n\t\t\t\t\t\t\t\t\t<div class=\"joined-leader\"><p><strong><span style=\"color: #a79870;\">MANAGER:<\/span>\u00a0<span class=\"manager-value\">ALDA SKRASTI\u0145A<\/span><\/strong><\/p><\/div><div class=\"joined-phone\"><p><strong><span style=\"color: #a79870;\">PHONE:<\/span>\u00a0<span class=\"value\">26539194<\/span><\/strong><\/p><\/div><div class=\"joined-lesson\"><strong><span style=\"color: #a79870;\">LESSONS:<\/span> ON MONDAYS, TUESDAYS, WEDNESDAYS, THURSDAYS FROM 3.30 PM (DEPENDING ON THE AGE GROUP) AT THE DANCE HOUSE.<\/strong><\/div>\t\t\t\t\t\t\t\t<\/div>\n\t\t\t\t<\/div>\n\t\t\t\t\t<\/div>\n\t\t<\/div>\n\t\t\t\t<div class=\"elementor-column elementor-col-50 elementor-inner-column elementor-element elementor-element-713b871\" data-id=\"713b871\" data-element_type=\"column\" data-e-type=\"column\">\n\t\t\t<div class=\"elementor-widget-wrap elementor-element-populated\">\n\t\t\t\t\t\t<div class=\"elementor-element elementor-element-8b7b6fb elementor-widget elementor-widget-image\" data-id=\"8b7b6fb\" data-element_type=\"widget\" data-e-type=\"widget\" data-widget_type=\"image.default\">\n\t\t\t\t<div class=\"elementor-widget-container\">\n\t\t\t\t\t\t\t\t\t\t\t\t\t\t\t<img decoding=\"async\" width=\"200\" height=\"200\" src=\"https:\/\/kultura.jelgava.lv\/wp-content\/uploads\/2024\/03\/VZ_Logo2_0.jpg\" class=\"attachment-large size-large wp-image-1830\" alt=\"\" srcset=\"https:\/\/kultura.jelgava.lv\/wp-content\/uploads\/2024\/03\/VZ_Logo2_0.jpg 200w, https:\/\/kultura.jelgava.lv\/wp-content\/uploads\/2024\/03\/VZ_Logo2_0-150x150.jpg 150w, https:\/\/kultura.jelgava.lv\/wp-content\/uploads\/2024\/03\/VZ_Logo2_0-12x12.jpg 12w\" sizes=\"(max-width: 200px) 100vw, 200px\" \/>\t\t\t\t\t\t\t\t\t\t\t\t\t\t\t<\/div>\n\t\t\t\t<\/div>\n\t\t\t\t\t<\/div>\n\t\t<\/div>\n\t\t\t\t\t<\/div>\n\t\t<\/section>\n\t\t\t\t\t<\/div>\n\t\t<\/div>\n\t\t\t\t\t<\/div>\n\t\t<\/section>\n\t\t<div class=\"elementor-element elementor-element-38f3b06 e-flex e-con-boxed e-con e-parent\" data-id=\"38f3b06\" data-element_type=\"container\" data-e-type=\"container\">\n\t\t\t\t\t<div class=\"e-con-inner\">\n\t\t\t\t<div class=\"elementor-element elementor-element-e26cc3a elementor-widget elementor-widget-image\" data-id=\"e26cc3a\" data-element_type=\"widget\" data-e-type=\"widget\" data-widget_type=\"image.default\">\n\t\t\t\t<div class=\"elementor-widget-container\">\n\t\t\t\t\t\t\t\t\t\t\t\t\t\t\t<img fetchpriority=\"high\" decoding=\"async\" width=\"800\" height=\"533\" src=\"https:\/\/kultura.jelgava.lv\/wp-content\/uploads\/2024\/03\/336380435_8938200042888914_3627365619700528803_n-1024x682.jpg\" class=\"attachment-large size-large wp-image-1661\" alt=\"\" srcset=\"https:\/\/kultura.jelgava.lv\/wp-content\/uploads\/2024\/03\/336380435_8938200042888914_3627365619700528803_n-1024x682.jpg 1024w, https:\/\/kultura.jelgava.lv\/wp-content\/uploads\/2024\/03\/336380435_8938200042888914_3627365619700528803_n-300x200.jpg 300w, https:\/\/kultura.jelgava.lv\/wp-content\/uploads\/2024\/03\/336380435_8938200042888914_3627365619700528803_n-768x512.jpg 768w, https:\/\/kultura.jelgava.lv\/wp-content\/uploads\/2024\/03\/336380435_8938200042888914_3627365619700528803_n-1536x1024.jpg 1536w, https:\/\/kultura.jelgava.lv\/wp-content\/uploads\/2024\/03\/336380435_8938200042888914_3627365619700528803_n-18x12.jpg 18w, https:\/\/kultura.jelgava.lv\/wp-content\/uploads\/2024\/03\/336380435_8938200042888914_3627365619700528803_n.jpg 2000w\" sizes=\"(max-width: 800px) 100vw, 800px\" \/>\t\t\t\t\t\t\t\t\t\t\t\t\t\t\t<\/div>\n\t\t\t\t<\/div>\n\t\t\t\t\t<\/div>\n\t\t\t\t<\/div>\n\t\t<div class=\"elementor-element elementor-element-29af69c e-flex e-con-boxed e-con e-parent\" data-id=\"29af69c\" data-element_type=\"container\" data-e-type=\"container\">\n\t\t\t\t\t<div class=\"e-con-inner\">\n\t\t\t\t<div class=\"elementor-element elementor-element-7762a3a elementor-widget elementor-widget-text-editor\" data-id=\"7762a3a\" data-element_type=\"widget\" data-e-type=\"widget\" data-widget_type=\"text-editor.default\">\n\t\t\t\t<div class=\"elementor-widget-container\">\n\t\t\t\t\t\t\t\t\t<ul><li>\"Grow up dancing\" with your own!<\/li><\/ul><p>\u00a0<\/p><ul><li>BJDK \u201cV\u0113ja zirdzi\u0146\u0161\u201d aicina pievienoties z\u0113nus vecum\u0101 no 5 l\u012bdz 18 gadiem! M\u0113s m\u0101c\u0101mies ne tikai dejas so\u013cus \u2013 m\u0113s audz\u0113jam sp\u0113ku, stiprin\u0101m draudz\u012bbu un g\u016bstam p\u0101rliec\u012bbu. M\u016bsu dev\u012bze \u201cAudz dej\u0101!\u201d. Uzzi\u0146ai: <a href=\"http:\/\/www.vejazirdzins.lv\">vejazirdzins.lv<\/a> .<\/li><\/ul><p>\u00a0<\/p><ul><li>Kolekt\u012bva 34. deju sezonas svin\u012bg\u0101 atkl\u0101\u0161ana pie Deju nama notiks 5. septembr\u012b plkst. 18.00. Savu akt\u012bvo darb\u012bbu dejot\u0101ji s\u0101ks 8. septembr\u012b, atbilsto\u0161i nodarb\u012bbu grafikam.<\/li><\/ul><p>\u00a0<\/p><p>\u00a0<\/p><p>Jaun\u0101s deju sezonas m\u0113r\u0137i \u2013 aizraujo\u0161i deju uzvedumi, priekpilni un daudzveid\u012bgi deju piedz\u012bvojumi, k\u0101 ar\u012b ener\u0123iski latvie\u0161u skatuvisk\u0101s dejas koncerti.<\/p><p>\u00a0<\/p><p>Collective motto \"GROW UP IN DANCE!\"<\/p><p>For reference:\u00a0<a href=\"http:\/\/www.vejazirdzins.lv\">www.vejazirdzins.lv<\/a> , e-pasts: <a href=\"mailto:vejazirdzinam@inbox.lv\">vejazirdzinam@inbox.lv<\/a> or <a href=\"mailto:bjdkvejazirdzins@gmail.com\">bjdkvejazirdzins@gmail.com<\/a><\/p><p>M\u0101ksliniecisk\u0101 vad\u012bt\u0101ja:\u00a0Alda Skrasti\u0146a<\/p><p>\u00a0<\/p><p>BJDK \"V\u0113ja zirdzi\u0146\u0161\" is a creative collective with solid dance traditions and high-quality artistic performance. Collective activity provides all participants with a creative and useful opportunity to spend free time, learning and improving dance skills, as well as comprehensive development of personality and body. \"V\u0113ja zirdzi\u0146\u0161\" regularly participates in events organized by the city of Jelgava, willingly performs for domestic and Latvian audiences, is an active participant in international festivals and competitions.<\/p><p><u>\u00a0<\/u><\/p><p><u>BJDK \u201eV\u0113ja zirdzi\u0146\u0161\u201d dejo ~ 220 b\u0113rni un jaunie\u0161i septi\u0146\u0101s grup\u0101s:<\/u><\/p><ul><li><strong>P\u0113rl\u012b\u0161u grupa<\/strong> <em>(4 l\u012bdz 5 gadi)<\/em><\/li><li><strong>Dimanta grupa<\/strong> (<em>6 l\u012bdz 7 gadi)<\/em><\/li><li><strong>Smaragda grupa\u00a0<\/strong><em>(2. \u2013 3..klase) \u00a0<\/em><\/li><li><strong>Saf\u012bra grupa<\/strong><em>(4. \u2013 5.klase)<\/em><\/li><li><strong>Citr\u012bna grupa\u00a0<\/strong><em>(6. \u2013 7.klase)<\/em><\/li><li><strong>Tirk\u012bza grupa<\/strong><em>(7. \u2013 8.klase)<\/em><\/li><li><strong>Dzintara grupa\u00a0<\/strong><em>(9. \u2013 11.klase)<\/em><\/li><\/ul><p>\u00a0<\/p><p>Jelgavas b\u0113rnu un jaunie\u0161u deju kolekt\u012bvs \u201eV\u0113ja zirdzi\u0146\u0161\u201d dibin\u0101ts 1992. gad\u0101, Jelgav\u0101. \u00a0Kolekt\u012bva m\u0101ksliniecisk\u0101 vad\u012bt\u0101ja un dibin\u0101t\u0101ja ir Alda Skrasti\u0146a (deju pedagogs, horeogr\u0101fe, Latvijas Valsts konservatorijas absolvente; Mg.paed.). Kolekt\u012bv\u0101 str\u0101d\u0101 pedagogi: repetitori Guna Truk\u0161\u0101ne un Arvils Noviks, koncertmeistare Svetlana Sorokina, baletmeistare Katr\u012bne Martinsone &#8211; \u0160kapare.<\/p><p><strong>\u00a0<\/strong><\/p><p style=\"text-align: right;\"><strong><u><a href=\"http:\/\/www.vejazirdzins.lv\">www.vejazirdzins.lv<\/a><\/u><\/strong><strong>\u00a0<\/strong><\/p>\t\t\t\t\t\t\t\t<\/div>\n\t\t\t\t<\/div>\n\t\t\t\t<div class=\"elementor-element elementor-element-4e04f4c elementor-widget elementor-widget-image\" data-id=\"4e04f4c\" data-element_type=\"widget\" data-e-type=\"widget\" data-widget_type=\"image.default\">\n\t\t\t\t<div class=\"elementor-widget-container\">\n\t\t\t\t\t\t\t\t\t\t\t\t\t\t\t<img decoding=\"async\" width=\"800\" height=\"519\" src=\"https:\/\/kultura.jelgava.lv\/wp-content\/uploads\/2024\/03\/1_3-1024x664.jpg\" class=\"attachment-large size-large wp-image-1856\" alt=\"\" srcset=\"https:\/\/kultura.jelgava.lv\/wp-content\/uploads\/2024\/03\/1_3-1024x664.jpg 1024w, https:\/\/kultura.jelgava.lv\/wp-content\/uploads\/2024\/03\/1_3-300x194.jpg 300w, https:\/\/kultura.jelgava.lv\/wp-content\/uploads\/2024\/03\/1_3-768x498.jpg 768w, https:\/\/kultura.jelgava.lv\/wp-content\/uploads\/2024\/03\/1_3-1536x995.jpg 1536w, https:\/\/kultura.jelgava.lv\/wp-content\/uploads\/2024\/03\/1_3-18x12.jpg 18w, https:\/\/kultura.jelgava.lv\/wp-content\/uploads\/2024\/03\/1_3.jpg 1668w\" sizes=\"(max-width: 800px) 100vw, 800px\" \/>\t\t\t\t\t\t\t\t\t\t\t\t\t\t\t<\/div>\n\t\t\t\t<\/div>\n\t\t\t\t\t<\/div>\n\t\t\t\t<\/div>\n\t\t<div class=\"elementor-element elementor-element-61105ee e-flex e-con-boxed e-con e-parent\" data-id=\"61105ee\" data-element_type=\"container\" data-e-type=\"container\" data-settings=\"{&quot;background_background&quot;:&quot;gradient&quot;,&quot;shape_divider_top&quot;:&quot;mountains&quot;}\">\n\t\t\t\t\t<div class=\"e-con-inner\">\n\t\t\t\t<div class=\"elementor-shape elementor-shape-top\" aria-hidden=\"true\" data-negative=\"false\">\n\t\t\t<svg xmlns=\"http:\/\/www.w3.org\/2000\/svg\" viewbox=\"0 0 1000 100\" preserveaspectratio=\"none\">\n\t<path class=\"elementor-shape-fill\" opacity=\"0.33\" d=\"M473,67.3c-203.9,88.3-263.1-34-320.3,0C66,119.1,0,59.7,0,59.7V0h1000v59.7 c0,0-62.1,26.1-94.9,29.3c-32.8,3.3-62.8-12.3-75.8-22.1C806,49.6,745.3,8.7,694.9,4.7S492.4,59,473,67.3z\"\/>\n\t<path class=\"elementor-shape-fill\" opacity=\"0.66\" d=\"M734,67.3c-45.5,0-77.2-23.2-129.1-39.1c-28.6-8.7-150.3-10.1-254,39.1 s-91.7-34.4-149.2,0C115.7,118.3,0,39.8,0,39.8V0h1000v36.5c0,0-28.2-18.5-92.1-18.5C810.2,18.1,775.7,67.3,734,67.3z\"\/>\n\t<path class=\"elementor-shape-fill\" d=\"M766.1,28.9c-200-57.5-266,65.5-395.1,19.5C242,1.8,242,5.4,184.8,20.6C128,35.8,132.3,44.9,89.9,52.5C28.6,63.7,0,0,0,0 h1000c0,0-9.9,40.9-83.6,48.1S829.6,47,766.1,28.9z\"\/>\n<\/svg>\t\t<\/div>\n\t\t\t\t<div class=\"elementor-element elementor-element-5d6c438 elementor-widget elementor-widget-heading\" data-id=\"5d6c438\" data-element_type=\"widget\" data-e-type=\"widget\" data-widget_type=\"heading.default\">\n\t\t\t\t<div class=\"elementor-widget-container\">\n\t\t\t\t\t<h2 class=\"elementor-heading-title elementor-size-default\">M\u016bsu vad\u012bt\u0101ja<\/h2>\t\t\t\t<\/div>\n\t\t\t\t<\/div>\n\t\t\t\t<div class=\"elementor-element elementor-element-4078477 elementor-widget elementor-widget-image\" data-id=\"4078477\" data-element_type=\"widget\" data-e-type=\"widget\" data-widget_type=\"image.default\">\n\t\t\t\t<div class=\"elementor-widget-container\">\n\t\t\t\t\t\t\t\t\t\t\t\t\t\t\t<img loading=\"lazy\" decoding=\"async\" width=\"600\" height=\"900\" src=\"https:\/\/kultura.jelgava.lv\/wp-content\/uploads\/2024\/03\/EDZ_8139_0.jpeg\" class=\"attachment-large size-large wp-image-1895\" alt=\"\" srcset=\"https:\/\/kultura.jelgava.lv\/wp-content\/uploads\/2024\/03\/EDZ_8139_0.jpeg 600w, https:\/\/kultura.jelgava.lv\/wp-content\/uploads\/2024\/03\/EDZ_8139_0-200x300.jpeg 200w, https:\/\/kultura.jelgava.lv\/wp-content\/uploads\/2024\/03\/EDZ_8139_0-8x12.jpeg 8w\" sizes=\"(max-width: 600px) 100vw, 600px\" \/>\t\t\t\t\t\t\t\t\t\t\t\t\t\t\t<\/div>\n\t\t\t\t<\/div>\n\t\t\t\t<div class=\"elementor-element elementor-element-6e93e75 elementor-widget elementor-widget-heading\" data-id=\"6e93e75\" data-element_type=\"widget\" data-e-type=\"widget\" data-widget_type=\"heading.default\">\n\t\t\t\t<div class=\"elementor-widget-container\">\n\t\t\t\t\t<h2 class=\"elementor-heading-title elementor-size-default\">Alda Skrasti\u0146a<\/h2>\t\t\t\t<\/div>\n\t\t\t\t<\/div>\n\t\t\t\t\t<\/div>\n\t\t\t\t<\/div>\n\t\t\t\t<\/div>","protected":false},"excerpt":{"rendered":"<p>B\u0112RNU UN JAUNIE\u0160U DEJU KOLEKT\u012aVS &#8220;V\u0112JA ZIRDZI\u0145\u0160&#8221; VAD\u012aT\u0100JA:\u00a0ALDA SKRASTI\u0145A T\u0100LRUNIS:\u00a026539194 NODARB\u012aBAS: PIRMDIEN\u0100S, OTRDIEN\u0100S, TRE\u0160DIEN\u0100S, CETURTDIEN\u0100S S\u0100KOT NO PULKSTEN 15.30 (ATKAR\u012aB\u0100 NO VECUMA GRUPAS) DEJU NAM\u0100. \u201cAudz dej\u0101\u201d kop\u0101 ar sav\u0113jiem! \u00a0 BJDK \u201cV\u0113ja zirdzi\u0146\u0161\u201d aicina pievienoties z\u0113nus vecum\u0101 no 5 l\u012bdz 18 gadiem! M\u0113s m\u0101c\u0101mies ne tikai dejas so\u013cus \u2013 m\u0113s audz\u0113jam sp\u0113ku, stiprin\u0101m draudz\u012bbu [&hellip;]<\/p>\n","protected":false},"author":1,"featured_media":0,"parent":0,"menu_order":0,"comment_status":"closed","ping_status":"closed","template":"","meta":{"footnotes":""},"class_list":["post-1828","page","type-page","status-publish","hentry"],"_links":{"self":[{"href":"https:\/\/kultura.jelgava.lv\/en\/wp-json\/wp\/v2\/pages\/1828","targetHints":{"allow":["GET"]}}],"collection":[{"href":"https:\/\/kultura.jelgava.lv\/en\/wp-json\/wp\/v2\/pages"}],"about":[{"href":"https:\/\/kultura.jelgava.lv\/en\/wp-json\/wp\/v2\/types\/page"}],"author":[{"embeddable":true,"href":"https:\/\/kultura.jelgava.lv\/en\/wp-json\/wp\/v2\/users\/1"}],"replies":[{"embeddable":true,"href":"https:\/\/kultura.jelgava.lv\/en\/wp-json\/wp\/v2\/comments?post=1828"}],"version-history":[{"count":193,"href":"https:\/\/kultura.jelgava.lv\/en\/wp-json\/wp\/v2\/pages\/1828\/revisions"}],"predecessor-version":[{"id":15807,"href":"https:\/\/kultura.jelgava.lv\/en\/wp-json\/wp\/v2\/pages\/1828\/revisions\/15807"}],"wp:attachment":[{"href":"https:\/\/kultura.jelgava.lv\/en\/wp-json\/wp\/v2\/media?parent=1828"}],"curies":[{"name":"wp","href":"https:\/\/api.w.org\/{rel}","templated":true}]}}