{"id":18062,"date":"2026-04-07T09:14:08","date_gmt":"2026-04-07T06:14:08","guid":{"rendered":"https:\/\/kultura.jelgava.lv\/?page_id=18062"},"modified":"2026-04-07T09:40:45","modified_gmt":"2026-04-07T06:40:45","slug":"jelgavas-pilsetas-svetki-gadatirgus","status":"publish","type":"page","link":"https:\/\/kultura.jelgava.lv\/en\/jelgavas-pilsetas-svetki-gadatirgus\/","title":{"rendered":"Jelgavas pils\u0113tas sv\u0113tki &#8211; gadatirgus"},"content":{"rendered":"\t\t<div data-elementor-type=\"wp-page\" data-elementor-id=\"18062\" class=\"elementor elementor-18062\" data-elementor-post-type=\"page\">\n\t\t\t\t\t\t<section class=\"elementor-section elementor-top-section elementor-element elementor-element-03ba4f1 elementor-section-full_width elementor-section-height-min-height elementor-section-height-default elementor-section-items-middle\" data-id=\"03ba4f1\" data-element_type=\"section\" data-e-type=\"section\" data-settings=\"{&quot;background_background&quot;:&quot;classic&quot;}\">\n\t\t\t\t\t\t\t<div class=\"elementor-background-overlay\"><\/div>\n\t\t\t\t\t\t\t<div class=\"elementor-container elementor-column-gap-no\">\n\t\t\t\t\t<div class=\"elementor-column elementor-col-100 elementor-top-column elementor-element elementor-element-03706c3\" data-id=\"03706c3\" data-element_type=\"column\" data-e-type=\"column\">\n\t\t\t<div class=\"elementor-widget-wrap elementor-element-populated\">\n\t\t\t\t\t\t<div class=\"elementor-element elementor-element-afef375 animated-slow elementor-invisible elementor-widget elementor-widget-heading\" data-id=\"afef375\" data-element_type=\"widget\" data-e-type=\"widget\" data-settings=\"{&quot;_animation&quot;:&quot;fadeIn&quot;,&quot;_animation_delay&quot;:300}\" data-widget_type=\"heading.default\">\n\t\t\t\t<div class=\"elementor-widget-container\">\n\t\t\t\t\t<h1 class=\"elementor-heading-title elementor-size-default\">JELGAVAS PILS\u0112TAS SV\u0112TKI -  GADATIRGUS<\/h1>\t\t\t\t<\/div>\n\t\t\t\t<\/div>\n\t\t\t\t\t<\/div>\n\t\t<\/div>\n\t\t\t\t\t<\/div>\n\t\t<\/section>\n\t\t<div class=\"elementor-element elementor-element-2f4c127 e-flex e-con-boxed e-con e-parent\" data-id=\"2f4c127\" data-element_type=\"container\" data-e-type=\"container\">\n\t\t\t\t\t<div class=\"e-con-inner\">\n\t\t\t\t<div class=\"elementor-element elementor-element-a408c8a elementor-widget elementor-widget-heading\" data-id=\"a408c8a\" data-element_type=\"widget\" data-e-type=\"widget\" data-widget_type=\"heading.default\">\n\t\t\t\t<div class=\"elementor-widget-container\">\n\t\t\t\t\t<h2 class=\"elementor-heading-title elementor-size-default\">Pieteikumu re\u0123istr\u0101cija ir atv\u0113rta!<\/h2>\t\t\t\t<\/div>\n\t\t\t\t<\/div>\n\t\t\t\t<div class=\"elementor-element elementor-element-7c721de elementor-widget elementor-widget-text-editor\" data-id=\"7c721de\" data-element_type=\"widget\" data-e-type=\"widget\" data-widget_type=\"text-editor.default\">\n\t\t\t\t<div class=\"elementor-widget-container\">\n\t\t\t\t\t\t\t\t\t<p>Jelgavas pils\u0113tas sv\u0113tku <strong>gadatirgus<\/strong> &#8211; Skv\u0113rs aiz Kult\u016bras nama, Kr.Barona iela, Hercoga J\u0113kaba laukuma da\u013ca <strong>30.maij\u0101 no plkst. 10.00 &#8211; 17.00<\/strong><\/p><h5><span style=\"text-decoration: underline;\"><strong>Ar <\/strong><\/span><span style=\"text-decoration: underline;\"><strong>Nolikumu iesp\u0113jams iepaz\u012bties <\/strong><a href=\"https:\/\/kultura.jelgava.lv\/wp-content\/uploads\/2026\/03\/Jelgavas-pilsetas-svetki-2026.pdf\"><strong>\u0161eit<\/strong><strong>.<\/strong><\/a><\/span><\/h5>\t\t\t\t\t\t\t\t<\/div>\n\t\t\t\t<\/div>\n\t\t\t\t\t<\/div>\n\t\t\t\t<\/div>\n\t\t<div class=\"elementor-element elementor-element-12be920 e-flex e-con-boxed e-con e-parent\" data-id=\"12be920\" data-element_type=\"container\" data-e-type=\"container\">\n\t\t\t\t\t<div class=\"e-con-inner\">\n\t\t\t\t<div class=\"elementor-element elementor-element-cdf51a0 elementor-button-align-stretch elementor-widget elementor-widget-form\" data-id=\"cdf51a0\" data-element_type=\"widget\" data-e-type=\"widget\" data-settings=\"{&quot;step_next_label&quot;:&quot;T\\u0101l\\u0101k&quot;,&quot;step_previous_label&quot;:&quot;Iepriek\\u0161\\u0113jais&quot;,&quot;button_width&quot;:&quot;100&quot;,&quot;step_type&quot;:&quot;number_text&quot;,&quot;step_icon_shape&quot;:&quot;circle&quot;}\" data-widget_type=\"form.default\">\n\t\t\t\t<div class=\"elementor-widget-container\">\n\t\t\t\t\t\t\t<form class=\"elementor-form\" method=\"post\" name=\"Tirgot\u0101ju pieteikums &quot;Jelgavas pils\u0113tas sv\u0113tki&quot;\" aria-label=\"Tirgot\u0101ju pieteikums &quot;Jelgavas pils\u0113tas sv\u0113tki&quot;\" novalidate=\"\">\n\t\t\t<input type=\"hidden\" name=\"post_id\" value=\"18062\"\/>\n\t\t\t<input type=\"hidden\" name=\"form_id\" value=\"cdf51a0\"\/>\n\t\t\t<input type=\"hidden\" name=\"referer_title\" value=\"Jelgavas pils\u0113tas sv\u0113tki &#8211; gadatirgus\" \/>\n\n\t\t\t\t\t\t\t<input type=\"hidden\" name=\"queried_id\" value=\"18062\"\/>\n\t\t\t\n\t\t\t<div class=\"elementor-form-fields-wrapper elementor-labels-\">\n\t\t\t\t\t\t\t\t<div class=\"elementor-field-type-hidden elementor-field-group elementor-column elementor-field-group-field_6d265bb elementor-col-100\">\n\t\t\t\t\t\t\t\t\t\t\t\t\t<input size=\"1\" type=\"hidden\" name=\"form_fields[field_6d265bb]\" id=\"form-field-field_6d265bb\" class=\"elementor-field elementor-size-sm  elementor-field-textual\">\n\t\t\t\t\t\t\t\t\t\t\t<\/div>\n\t\t\t\t\t\t\t\t<div class=\"elementor-field-type-text elementor-field-group elementor-column elementor-field-group-name elementor-col-50 elementor-field-required\">\n\t\t\t\t\t\t\t\t\t\t\t\t<label for=\"form-field-name\" class=\"elementor-field-label elementor-screen-only\">\n\t\t\t\t\t\t\t\tNosaukums \/ Dal\u012bbnieka v\u0101rds un uzv\u0101rds\t\t\t\t\t\t\t<\/label>\n\t\t\t\t\t\t\t\t\t\t\t\t\t\t<input size=\"1\" type=\"text\" name=\"form_fields[name]\" id=\"form-field-name\" class=\"elementor-field elementor-size-sm  elementor-field-textual\" placeholder=\"Nosaukums \/ Dal\u012bbnieka v\u0101rds un uzv\u0101rds*\" required=\"required\">\n\t\t\t\t\t\t\t\t\t\t\t<\/div>\n\t\t\t\t\t\t\t\t<div class=\"elementor-field-type-text elementor-field-group elementor-column elementor-field-group-field_ae0a024 elementor-col-50 elementor-field-required\">\n\t\t\t\t\t\t\t\t\t\t\t\t<label for=\"form-field-field_ae0a024\" class=\"elementor-field-label elementor-screen-only\">\n\t\t\t\t\t\t\t\tRe\u0123istr\u0101cijas numurs \/ personas kods\t\t\t\t\t\t\t<\/label>\n\t\t\t\t\t\t\t\t\t\t\t\t\t\t<input size=\"1\" type=\"text\" name=\"form_fields[field_ae0a024]\" id=\"form-field-field_ae0a024\" class=\"elementor-field elementor-size-sm  elementor-field-textual\" placeholder=\"Re\u0123istr\u0101cijas numurs \/ personas kods*\" required=\"required\">\n\t\t\t\t\t\t\t\t\t\t\t<\/div>\n\t\t\t\t\t\t\t\t<div class=\"elementor-field-type-text elementor-field-group elementor-column elementor-field-group-field_d3f1ee3 elementor-col-50\">\n\t\t\t\t\t\t\t\t\t\t\t\t<label for=\"form-field-field_d3f1ee3\" class=\"elementor-field-label elementor-screen-only\">\n\t\t\t\t\t\t\t\tPVD RE\u0122. NR.\t\t\t\t\t\t\t<\/label>\n\t\t\t\t\t\t\t\t\t\t\t\t\t\t<input size=\"1\" type=\"text\" name=\"form_fields[field_d3f1ee3]\" id=\"form-field-field_d3f1ee3\" class=\"elementor-field elementor-size-sm  elementor-field-textual\" placeholder=\"PVD RE\u0122. NR.\">\n\t\t\t\t\t\t\t\t\t\t\t<\/div>\n\t\t\t\t\t\t\t\t<div class=\"elementor-field-type-text elementor-field-group elementor-column elementor-field-group-field_e40361f elementor-col-50\">\n\t\t\t\t\t\t\t\t\t\t\t\t<label for=\"form-field-field_e40361f\" class=\"elementor-field-label elementor-screen-only\">\n\t\t\t\t\t\t\t\tAlkahola tirdzniec\u012bbas licences nr.\t\t\t\t\t\t\t<\/label>\n\t\t\t\t\t\t\t\t\t\t\t\t\t\t<input size=\"1\" type=\"text\" name=\"form_fields[field_e40361f]\" id=\"form-field-field_e40361f\" class=\"elementor-field elementor-size-sm  elementor-field-textual\" placeholder=\"Alkahola tirdzniec\u012bbas licences nr. (Tikai alkohola tirgot\u0101jiem)\">\n\t\t\t\t\t\t\t\t\t\t\t<\/div>\n\t\t\t\t\t\t\t\t<div class=\"elementor-field-type-text elementor-field-group elementor-column elementor-field-group-field_8104547 elementor-col-50\">\n\t\t\t\t\t\t\t\t\t\t\t\t<label for=\"form-field-field_8104547\" class=\"elementor-field-label elementor-screen-only\">\n\t\t\t\t\t\t\t\tTirdzniec\u012bba no auto, treilera vai telts\t\t\t\t\t\t\t<\/label>\n\t\t\t\t\t\t\t\t\t\t\t\t\t\t<input size=\"1\" type=\"text\" name=\"form_fields[field_8104547]\" id=\"form-field-field_8104547\" class=\"elementor-field elementor-size-sm  elementor-field-textual\" placeholder=\"Tirdzniec\u012bba no auto, treilera vai telts\">\n\t\t\t\t\t\t\t\t\t\t\t<\/div>\n\t\t\t\t\t\t\t\t<div class=\"elementor-field-type-text elementor-field-group elementor-column elementor-field-group-field_30150ef elementor-col-50 elementor-field-required\">\n\t\t\t\t\t\t\t\t\t\t\t\t<label for=\"form-field-field_30150ef\" class=\"elementor-field-label elementor-screen-only\">\n\t\t\t\t\t\t\t\tAdrese\t\t\t\t\t\t\t<\/label>\n\t\t\t\t\t\t\t\t\t\t\t\t\t\t<input size=\"1\" type=\"text\" name=\"form_fields[field_30150ef]\" id=\"form-field-field_30150ef\" class=\"elementor-field elementor-size-sm  elementor-field-textual\" placeholder=\"Adrese*\" required=\"required\">\n\t\t\t\t\t\t\t\t\t\t\t<\/div>\n\t\t\t\t\t\t\t\t<div class=\"elementor-field-type-tel elementor-field-group elementor-column elementor-field-group-field_095073f elementor-col-50 elementor-field-required\">\n\t\t\t\t\t\t\t\t\t\t\t\t<label for=\"form-field-field_095073f\" class=\"elementor-field-label elementor-screen-only\">\n\t\t\t\t\t\t\t\tTelefona numurs\t\t\t\t\t\t\t<\/label>\n\t\t\t\t\t\t\t\t<input size=\"1\" type=\"tel\" name=\"form_fields[field_095073f]\" id=\"form-field-field_095073f\" class=\"elementor-field elementor-size-sm  elementor-field-textual\" placeholder=\"Telefona numurs*\" required=\"required\" pattern=\"[0-9()#&amp;+*-=.]+\" title=\"Phone Number*\">\n\n\t\t\t\t\t\t<\/div>\n\t\t\t\t\t\t\t\t<div class=\"elementor-field-type-email elementor-field-group elementor-column elementor-field-group-field_0b704e6 elementor-col-50 elementor-field-required\">\n\t\t\t\t\t\t\t\t\t\t\t\t<label for=\"form-field-field_0b704e6\" class=\"elementor-field-label elementor-screen-only\">\n\t\t\t\t\t\t\t\tE-Pasts\t\t\t\t\t\t\t<\/label>\n\t\t\t\t\t\t\t\t\t\t\t\t\t\t<input size=\"1\" type=\"email\" name=\"form_fields[field_0b704e6]\" id=\"form-field-field_0b704e6\" class=\"elementor-field elementor-size-sm  elementor-field-textual\" placeholder=\"E-Pasts*\" required=\"required\">\n\t\t\t\t\t\t\t\t\t\t\t<\/div>\n\t\t\t\t\t\t\t\t<div class=\"elementor-field-type-text elementor-field-group elementor-column elementor-field-group-field_df3495b elementor-col-100 elementor-field-required\">\n\t\t\t\t\t\t\t\t\t\t\t\t<label for=\"form-field-field_df3495b\" class=\"elementor-field-label elementor-screen-only\">\n\t\t\t\t\t\t\t\tVID re\u0123istr\u0113tas kv\u012b\u0161u gr\u0101mati\u0146as s\u0113rija un nr. (vai kases apar\u0101ta \u0161asijas nr.)\t\t\t\t\t\t\t<\/label>\n\t\t\t\t\t\t\t\t\t\t\t\t\t\t<input size=\"1\" type=\"text\" name=\"form_fields[field_df3495b]\" id=\"form-field-field_df3495b\" class=\"elementor-field elementor-size-sm  elementor-field-textual\" placeholder=\"VID re\u0123istr\u0113tas kv\u012b\u0161u gr\u0101mati\u0146as s\u0113rija un nr. (vai kases apar\u0101ta \u0161asijas nr.)*\" required=\"required\">\n\t\t\t\t\t\t\t\t\t\t\t<\/div>\n\t\t\t\t\t\t\t\t<div class=\"elementor-field-type-textarea elementor-field-group elementor-column elementor-field-group-field_52d8650 elementor-col-100 elementor-field-required\">\n\t\t\t\t\t\t\t\t\t\t\t\t<label for=\"form-field-field_52d8650\" class=\"elementor-field-label elementor-screen-only\">\n\t\t\t\t\t\t\t\tInform\u0101cija r\u0113\u0137inam\t\t\t\t\t\t\t<\/label>\n\t\t\t\t\t\t<textarea class=\"elementor-field-textual elementor-field  elementor-size-sm\" name=\"form_fields[field_52d8650]\" id=\"form-field-field_52d8650\" rows=\"8\" placeholder=\"Inform\u0101cija r\u0113\u0137inam*\" required=\"required\"><\/textarea>\t\t\t\t<\/div>\n\t\t\t\t\t\t\t\t<div class=\"elementor-field-type-html elementor-field-group elementor-column elementor-field-group-field_b535127 elementor-col-100\">\n\t\t\t\t\t<h6 style=\"margin-top: -8px\">Nor\u0101diet MAKS\u0100T\u0100JA nosaukumu, v\u0101rdu, uzv\u0101rdu; personas kodu vai re\u0123. Nr; adresi; bankas konta numuru.<\/h6>\t\t\t\t<\/div>\n\t\t\t\t\t\t\t\t<div class=\"elementor-field-type-textarea elementor-field-group elementor-column elementor-field-group-field_be8b7f3 elementor-col-100\">\n\t\t\t\t\t\t\t\t\t\t\t\t<label for=\"form-field-field_be8b7f3\" class=\"elementor-field-label elementor-screen-only\">\n\t\t\t\t\t\t\t\tAtlaide\t\t\t\t\t\t\t<\/label>\n\t\t\t\t\t\t<textarea class=\"elementor-field-textual elementor-field  elementor-size-sm\" name=\"form_fields[field_be8b7f3]\" id=\"form-field-field_be8b7f3\" rows=\"1\" placeholder=\"Atz\u012bm\u0113t, ja atbilstat statusam persona ar invalidit\u0101ti (apliec\u012bbas numurs) vai persona, kurai pie\u0161\u0137irts tr\u016bc\u012bg\u0101s vai maznodro\u0161in\u0101t\u0101s personas statuss( ies\u016bt\u012bt izzi\u0146u e-past\u0101)\"><\/textarea>\t\t\t\t<\/div>\n\t\t\t\t\t\t\t\t<div class=\"elementor-field-type-textarea elementor-field-group elementor-column elementor-field-group-field_0d303fd elementor-col-100\">\n\t\t\t\t\t\t\t\t\t\t\t\t<label for=\"form-field-field_0d303fd\" class=\"elementor-field-label elementor-screen-only\">\n\t\t\t\t\t\t\t\tPied\u0101v\u0101t\u0101 produkcija (sortiments un  produkcijas izcelsmes valsts)\t\t\t\t\t\t\t<\/label>\n\t\t\t\t\t\t<textarea class=\"elementor-field-textual elementor-field  elementor-size-sm\" name=\"form_fields[field_0d303fd]\" id=\"form-field-field_0d303fd\" rows=\"8\" placeholder=\"Pied\u0101v\u0101t\u0101 produkcija (sortiments un  produkcijas izcelsmes valsts)\"><\/textarea>\t\t\t\t<\/div>\n\t\t\t\t\t\t\t\t<div class=\"elementor-field-type-text elementor-field-group elementor-column elementor-field-group-field_e5b1f8f elementor-col-100\">\n\t\t\t\t\t\t\t\t\t\t\t\t<label for=\"form-field-field_e5b1f8f\" class=\"elementor-field-label elementor-screen-only\">\n\t\t\t\t\t\t\t\tV\u0113lamais tirdzniec\u012bbas vietas izm\u0113rs metros\t\t\t\t\t\t\t<\/label>\n\t\t\t\t\t\t\t\t\t\t\t\t\t\t<input size=\"1\" type=\"text\" name=\"form_fields[field_e5b1f8f]\" id=\"form-field-field_e5b1f8f\" class=\"elementor-field elementor-size-sm  elementor-field-textual\" placeholder=\"V\u0113lamais tirdzniec\u012bbas vietas izm\u0113rs metros\">\n\t\t\t\t\t\t\t\t\t\t\t<\/div>\n\t\t\t\t\t\t\t\t<div class=\"elementor-field-type-textarea elementor-field-group elementor-column elementor-field-group-field_e753b70 elementor-col-100\">\n\t\t\t\t\t\t\t\t\t\t\t\t<label for=\"form-field-field_e753b70\" class=\"elementor-field-label elementor-screen-only\">\n\t\t\t\t\t\t\t\tPied\u0101v\u0101tais pakalpojums (atrakcijas, izj\u0101des u.c.)\t\t\t\t\t\t\t<\/label>\n\t\t\t\t\t\t<textarea class=\"elementor-field-textual elementor-field  elementor-size-sm\" name=\"form_fields[field_e753b70]\" id=\"form-field-field_e753b70\" rows=\"8\" placeholder=\"Pied\u0101v\u0101tais pakalpojums (atrakcijas, izj\u0101des u.c.)\"><\/textarea>\t\t\t\t<\/div>\n\t\t\t\t\t\t\t\t<div class=\"elementor-field-type-html elementor-field-group elementor-column elementor-field-group-field_ee1900a elementor-col-100\">\n\t\t\t\t\t<h6 style=\"margin-top: -6px;\">Aizpilda tikai atrakciju pied\u0101v\u0101t\u0101js<\/h6>\t\t\t\t<\/div>\n\t\t\t\t\t\t\t\t<div class=\"elementor-field-type-textarea elementor-field-group elementor-column elementor-field-group-field_ead9247 elementor-col-100\">\n\t\t\t\t\t\t\t\t\t\t\t\t<label for=\"form-field-field_ead9247\" class=\"elementor-field-label elementor-screen-only\">\n\t\t\t\t\t\t\t\tPied\u0101v\u0101to atrakciju skaits\t\t\t\t\t\t\t<\/label>\n\t\t\t\t\t\t<textarea class=\"elementor-field-textual elementor-field  elementor-size-sm\" name=\"form_fields[field_ead9247]\" id=\"form-field-field_ead9247\" rows=\"8\" placeholder=\"Pied\u0101v\u0101to atrakciju skaits\"><\/textarea>\t\t\t\t<\/div>\n\t\t\t\t\t\t\t\t<div class=\"elementor-field-type-html elementor-field-group elementor-column elementor-field-group-field_5a45381 elementor-col-100\">\n\t\t\t\t\t<h6 style=\"margin-top: -6px;\">Aizpilda tikai atrakciju pied\u0101v\u0101t\u0101js<\/h6>\t\t\t\t<\/div>\n\t\t\t\t\t\t\t\t<div class=\"elementor-field-type-textarea elementor-field-group elementor-column elementor-field-group-field_740bd3d elementor-col-100\">\n\t\t\t\t\t\t\t\t\t\t\t\t<label for=\"form-field-field_740bd3d\" class=\"elementor-field-label elementor-screen-only\">\n\t\t\t\t\t\t\t\tKatras atrakcijas vai aktivit\u0101tes izvieto\u0161anai nepiecie\u0161amais laukums\t\t\t\t\t\t\t<\/label>\n\t\t\t\t\t\t<textarea class=\"elementor-field-textual elementor-field  elementor-size-sm\" name=\"form_fields[field_740bd3d]\" id=\"form-field-field_740bd3d\" rows=\"8\" placeholder=\"Katras atrakcijas vai aktivit\u0101tes izvieto\u0161anai nepiecie\u0161amais laukums\"><\/textarea>\t\t\t\t<\/div>\n\t\t\t\t\t\t\t\t<div class=\"elementor-field-type-html elementor-field-group elementor-column elementor-field-group-field_89ef3fe elementor-col-100\">\n\t\t\t\t\t<h6 style=\"margin-top: -6px;\">Aizpilda tikai atrakciju pied\u0101v\u0101t\u0101js<\/h6>\t\t\t\t<\/div>\n\t\t\t\t\t\t\t\t<div class=\"elementor-field-type-textarea elementor-field-group elementor-column elementor-field-group-field_e41f5fa elementor-col-100\">\n\t\t\t\t\t\t\t\t\t\t\t\t<label for=\"form-field-field_e41f5fa\" class=\"elementor-field-label elementor-screen-only\">\n\t\t\t\t\t\t\t\tElektr\u012bbas piesl\u0113gums\t\t\t\t\t\t\t<\/label>\n\t\t\t\t\t\t<textarea class=\"elementor-field-textual elementor-field  elementor-size-sm\" name=\"form_fields[field_e41f5fa]\" id=\"form-field-field_e41f5fa\" rows=\"8\" placeholder=\"Elektr\u012bbas piesl\u0113gums\"><\/textarea>\t\t\t\t<\/div>\n\t\t\t\t\t\t\t\t<div class=\"elementor-field-type-html elementor-field-group elementor-column elementor-field-group-field_d55c335 elementor-col-100\">\n\t\t\t\t\t<h6 style=\"margin-top: -6px;\">Uzskait\u012bt piesl\u0113dzamos objektus: Nor\u0101d\u012bt jaudu KW<\/h6>\t\t\t\t<\/div>\n\t\t\t\t\t\t\t\t<div class=\"elementor-field-type-acceptance elementor-field-group elementor-column elementor-field-group-field_20c5cdb elementor-col-100 elementor-field-required\">\n\t\t\t\t\t\t\t\t\t\t\t\t<label for=\"form-field-field_20c5cdb\" class=\"elementor-field-label elementor-screen-only\">\n\t\t\t\t\t\t\t\tAccept\t\t\t\t\t\t\t<\/label>\n\t\t\t\t\t\t\t\t<div class=\"elementor-field-subgroup\">\n\t\t\t<span class=\"elementor-field-option\">\n\t\t\t\t<input type=\"checkbox\" name=\"form_fields[field_20c5cdb]\" id=\"form-field-field_20c5cdb\" class=\"elementor-field elementor-size-sm  elementor-acceptance-field\" required=\"required\">\n\t\t\t\t<label for=\"form-field-field_20c5cdb\">Ar savu parakstu apliecinu, ka ar Nolikumu iepazinos un nor\u0101d\u012bt\u0101s stingr\u0101s uzskaites kv\u012btis esmu re\u0123istr\u0113jis VID. \u0160is pieteikums kalpo par pamatu r\u0113\u0137ina izrakst\u012b\u0161anai, un t\u0101 apmaksa ir oblig\u0101ta r\u0113\u0137in\u0101 nor\u0101d\u012btaj\u0101 termi\u0146\u0101. Apmaks\u0101jot r\u0113\u0137inu l\u016bdzam nor\u0101d\u012bt R\u0113\u0137ina nr.*<\/label>\t\t\t<\/span>\n\t\t<\/div>\n\t\t\t\t\t\t<\/div>\n\t\t\t\t\t\t\t\t<div class=\"elementor-field-type-acceptance elementor-field-group elementor-column elementor-field-group-field_d334c3c elementor-col-100 elementor-field-required\">\n\t\t\t\t\t\t\t\t\t\t\t\t<label for=\"form-field-field_d334c3c\" class=\"elementor-field-label elementor-screen-only\">\n\t\t\t\t\t\t\t\tAccept\t\t\t\t\t\t\t<\/label>\n\t\t\t\t\t\t\t\t<div class=\"elementor-field-subgroup\">\n\t\t\t<span class=\"elementor-field-option\">\n\t\t\t\t<input type=\"checkbox\" name=\"form_fields[field_d334c3c]\" id=\"form-field-field_d334c3c\" class=\"elementor-field elementor-size-sm  elementor-acceptance-field\" required=\"required\">\n\t\t\t\t<label for=\"form-field-field_d334c3c\">Esmu iepazinies ar m\u0101jas lapas <b><a href=\"https:\/\/www.jelgava.lv\/pasvaldiba-par-pasvaldibu-datu-aizsardziba\/\" target=\"_blank\">personas datu apstr\u0101des politiku<\/a>*<\/b><\/label>\t\t\t<\/span>\n\t\t<\/div>\n\t\t\t\t\t\t<\/div>\n\t\t\t\t\t\t\t\t<div class=\"elementor-field-type-hcaptcha elementor-field-group elementor-column elementor-field-group-field_065ed00 elementor-col-100\">\n\t\t\t\t\t<div class=\"elementor-field\" id=\"form-field-field_065ed00\"><div class=\"elementor-hcaptcha\">\t\t<input\n\t\t\t\ttype=\"hidden\"\n\t\t\t\tclass=\"hcaptcha-widget-id\"\n\t\t\t\tname=\"hcaptcha-widget-id\"\n\t\t\t\tvalue=\"eyJzb3VyY2UiOlsiZWxlbWVudG9yLXByb1wvZWxlbWVudG9yLXByby5waHAiXSwiZm9ybV9pZCI6MH0=-e7837d994cec70f66059f643c888f326\">\n\t\t\t\t<h-captcha\n\t\t\tclass=\"h-captcha\"\n\t\t\tdata-sitekey=\"eb4aa5ea-442e-4103-9728-b83c803c8a6a\"\n\t\t\tdata-theme=\"light\"\n\t\t\tdata-size=\"normal\"\n\t\t\tdata-auto=\"false\"\n\t\t\tdata-ajax=\"false\"\n\t\t\tdata-force=\"false\">\n\t\t<\/h-captcha>\n\t\t<\/div><\/div>\t\t\t\t<\/div>\n\t\t\t\t\t\t\t\t<div class=\"elementor-field-group elementor-column elementor-field-type-submit elementor-col-100 e-form__buttons\">\n\t\t\t\t\t<button class=\"elementor-button elementor-size-sm\" type=\"submit\">\n\t\t\t\t\t\t<span class=\"elementor-button-content-wrapper\">\n\t\t\t\t\t\t\t\t\t\t\t\t\t\t\t\t\t\t\t\t\t\t<span class=\"elementor-button-text\">S\u016bt\u012bt<\/span>\n\t\t\t\t\t\t\t\t\t\t\t\t\t<\/span>\n\t\t\t\t\t<\/button>\n\t\t\t\t<\/div>\n\t\t\t<\/div>\n\t\t<\/form>\n\t\t\t\t\t\t<\/div>\n\t\t\t\t<\/div>\n\t\t\t\t\t<\/div>\n\t\t\t\t<\/div>\n\t\t\t\t<\/div>\n\t\t","protected":false},"excerpt":{"rendered":"<p>JELGAVAS PILS\u0112TAS SV\u0112TKI &#8211; GADATIRGUS Pieteikumu re\u0123istr\u0101cija ir atv\u0113rta! Jelgavas pils\u0113tas sv\u0113tku gadatirgus &#8211; Skv\u0113rs aiz Kult\u016bras nama, Kr.Barona iela, Hercoga J\u0113kaba laukuma da\u013ca 30.maij\u0101 no plkst. 10.00 &#8211; 17.00 Ar Nolikumu iesp\u0113jams iepaz\u012bties \u0161eit.<\/p>","protected":false},"author":2,"featured_media":0,"parent":0,"menu_order":0,"comment_status":"closed","ping_status":"closed","template":"","meta":{"footnotes":""},"class_list":["post-18062","page","type-page","status-publish","hentry"],"_links":{"self":[{"href":"https:\/\/kultura.jelgava.lv\/en\/wp-json\/wp\/v2\/pages\/18062","targetHints":{"allow":["GET"]}}],"collection":[{"href":"https:\/\/kultura.jelgava.lv\/en\/wp-json\/wp\/v2\/pages"}],"about":[{"href":"https:\/\/kultura.jelgava.lv\/en\/wp-json\/wp\/v2\/types\/page"}],"author":[{"embeddable":true,"href":"https:\/\/kultura.jelgava.lv\/en\/wp-json\/wp\/v2\/users\/2"}],"replies":[{"embeddable":true,"href":"https:\/\/kultura.jelgava.lv\/en\/wp-json\/wp\/v2\/comments?post=18062"}],"version-history":[{"count":13,"href":"https:\/\/kultura.jelgava.lv\/en\/wp-json\/wp\/v2\/pages\/18062\/revisions"}],"predecessor-version":[{"id":18093,"href":"https:\/\/kultura.jelgava.lv\/en\/wp-json\/wp\/v2\/pages\/18062\/revisions\/18093"}],"wp:attachment":[{"href":"https:\/\/kultura.jelgava.lv\/en\/wp-json\/wp\/v2\/media?parent=18062"}],"curies":[{"name":"wp","href":"https:\/\/api.w.org\/{rel}","templated":true}]}}