{"id":15835,"date":"2025-09-03T10:24:51","date_gmt":"2025-09-03T07:24:51","guid":{"rendered":"https:\/\/kultura.jelgava.lv\/?page_id=15835"},"modified":"2025-09-03T10:27:35","modified_gmt":"2025-09-03T07:27:35","slug":"senioru-deju-kolektivs-exlielupe","status":"publish","type":"page","link":"https:\/\/kultura.jelgava.lv\/en\/senioru-deju-kolektivs-exlielupe\/","title":{"rendered":"SENIORU DEJU KOLEKT\u012aVS \u201eEXLIELUPE\u201d"},"content":{"rendered":"<div data-elementor-type=\"wp-page\" data-elementor-id=\"15835\" class=\"elementor elementor-15835\" data-elementor-post-type=\"page\">\n\t\t\t\t\t\t<section class=\"elementor-section elementor-top-section elementor-element elementor-element-5a7d32c3 elementor-section-full_width elementor-section-height-min-height elementor-section-height-default elementor-section-items-middle\" data-id=\"5a7d32c3\" data-element_type=\"section\" data-e-type=\"section\" data-settings=\"{&quot;background_background&quot;:&quot;classic&quot;}\">\n\t\t\t\t\t\t\t<div class=\"elementor-background-overlay\"><\/div>\n\t\t\t\t\t\t\t<div class=\"elementor-container elementor-column-gap-no\">\n\t\t\t\t\t<div class=\"elementor-column elementor-col-100 elementor-top-column elementor-element elementor-element-1f2b2c8d\" data-id=\"1f2b2c8d\" data-element_type=\"column\" data-e-type=\"column\">\n\t\t\t<div class=\"elementor-widget-wrap elementor-element-populated\">\n\t\t\t\t\t\t<div class=\"elementor-element elementor-element-651e7460 animated-slow elementor-invisible elementor-widget elementor-widget-heading\" data-id=\"651e7460\" data-element_type=\"widget\" data-e-type=\"widget\" data-settings=\"{&quot;_animation&quot;:&quot;fadeIn&quot;,&quot;_animation_delay&quot;:300}\" data-widget_type=\"heading.default\">\n\t\t\t\t<div class=\"elementor-widget-container\">\n\t\t\t\t\t<h2 class=\"elementor-heading-title elementor-size-default\">SENIORU DEJU KOLEKT\u012aVS \u201eEXLIELUPE\u201d<\/h2>\t\t\t\t<\/div>\n\t\t\t\t<\/div>\n\t\t\t\t\t<\/div>\n\t\t<\/div>\n\t\t\t\t\t<\/div>\n\t\t<\/section>\n\t\t\t\t<section class=\"elementor-section elementor-top-section elementor-element elementor-element-83de8c0 elementor-section-boxed elementor-section-height-default elementor-section-height-default\" data-id=\"83de8c0\" data-element_type=\"section\" data-e-type=\"section\" data-settings=\"{&quot;background_background&quot;:&quot;classic&quot;}\">\n\t\t\t\t\t\t\t<div class=\"elementor-background-overlay\"><\/div>\n\t\t\t\t\t\t\t<div class=\"elementor-container elementor-column-gap-no\">\n\t\t\t\t\t<div class=\"elementor-column elementor-col-100 elementor-top-column elementor-element elementor-element-80a1cd4\" data-id=\"80a1cd4\" data-element_type=\"column\" data-e-type=\"column\">\n\t\t\t<div class=\"elementor-widget-wrap elementor-element-populated\">\n\t\t\t\t\t\t<section class=\"elementor-section elementor-inner-section elementor-element elementor-element-bda2d97 elementor-section-full_width elementor-section-height-default elementor-section-height-default\" data-id=\"bda2d97\" data-element_type=\"section\" data-e-type=\"section\">\n\t\t\t\t\t\t<div class=\"elementor-container elementor-column-gap-no\">\n\t\t\t\t\t<div class=\"elementor-column elementor-col-50 elementor-inner-column elementor-element elementor-element-1aaa2a4\" data-id=\"1aaa2a4\" data-element_type=\"column\" data-e-type=\"column\">\n\t\t\t<div class=\"elementor-widget-wrap elementor-element-populated\">\n\t\t\t\t\t\t<div class=\"elementor-element elementor-element-8771f3c elementor-widget elementor-widget-text-editor\" data-id=\"8771f3c\" data-element_type=\"widget\" data-e-type=\"widget\" data-widget_type=\"text-editor.default\">\n\t\t\t\t<div class=\"elementor-widget-container\">\n\t\t\t\t\t\t\t\t\t<div class=\"joined-leader\"><p><strong><span style=\"color: #a79870;\">MANAGER:<\/span> ZAIGA PIEL\u0112NA-PEL\u0112NA<\/strong><\/p><\/div><div class=\"joined-phone\"><p><strong><span style=\"color: #a79870;\">PHONE:<\/span> \u00a026595997<\/strong><\/p><\/div><div class=\"joined-lesson\"><strong><span style=\"color: #a79870;\">LESSONS:<\/span> PIRMDIEN\u0100S UN TRE\u0160DIEN\u0100S NO 19:30-22:00 JELGAVAS CENTRA PAMATSKOL\u0100, UZVARAS IELA 10<\/strong><\/div>\t\t\t\t\t\t\t\t<\/div>\n\t\t\t\t<\/div>\n\t\t\t\t\t<\/div>\n\t\t<\/div>\n\t\t\t\t<div class=\"elementor-column elementor-col-50 elementor-inner-column elementor-element elementor-element-713b871\" data-id=\"713b871\" data-element_type=\"column\" data-e-type=\"column\">\n\t\t\t<div class=\"elementor-widget-wrap elementor-element-populated\">\n\t\t\t\t\t\t\t<\/div>\n\t\t<\/div>\n\t\t\t\t\t<\/div>\n\t\t<\/section>\n\t\t\t\t\t<\/div>\n\t\t<\/div>\n\t\t\t\t\t<\/div>\n\t\t<\/section>\n\t\t<div class=\"elementor-element elementor-element-29af69c e-flex e-con-boxed e-con e-parent\" data-id=\"29af69c\" data-element_type=\"container\" data-e-type=\"container\">\n\t\t\t\t\t<div class=\"e-con-inner\">\n\t\t\t\t<div class=\"elementor-element elementor-element-7762a3a elementor-widget elementor-widget-text-editor\" data-id=\"7762a3a\" data-element_type=\"widget\" data-e-type=\"widget\" data-widget_type=\"text-editor.default\">\n\t\t\t\t<div class=\"elementor-widget-container\">\n\t\t\t\t\t\t\t\t\t<p>Senioru deju kolekt\u012bvs \u201eExLielupe\u201d ir spilgts piem\u0113rs tam, k\u0101 dejas m\u012blest\u012bba un kop\u0101 b\u016b\u0161ana turpina vienot cilv\u0113kus ar\u012b dz\u012bves pieredzes bag\u0101t\u0101kajos gados. Kolekt\u012bvs dibin\u0101ts 2013. gad\u0101 ar m\u0113r\u0137i turpin\u0101t dejot, b\u016bt akt\u012bviem un rado\u0161iem, k\u0101 ar\u012b saglab\u0101t cie\u0161u saikni ar latviskaj\u0101m trad\u012bcij\u0101m.<\/p><p>Kolekt\u012bva m\u0101ksliniecisk\u0101s vad\u012bt\u0101jas Zaigas Piel\u0113nas-Pel\u0113nas vad\u012bb\u0101 un ar sirsn\u012bbu un cie\u0146u pret sav\u0101m sakn\u0113m ir k\u013cuvusi par noz\u012bm\u012bgu Jelgavas kult\u016bras dz\u012bves da\u013cu. Kolekt\u012bvs regul\u0101ri piedal\u0101s da\u017e\u0101dos pas\u0101kumos Latvij\u0101, pils\u0113tas un novada sv\u0113tkos, k\u0101 ar\u012b da\u017e\u0101dos sadan\u010dos, koncertos un, protams, ir neat\u0146emama Dziesmu un deju sv\u0113tku kust\u012bbas dal\u012bbniece. Ar saviem priek\u0161nesumiem t\u0101 sp\u0113j aizraut skat\u012bt\u0101jus un nodot pozit\u012bvu un dz\u012bvespriec\u012bgu ener\u0123iju.<\/p><p>Kolekt\u012bva repertu\u0101r\u0101 ir gan dejas no Latvie\u0161u skatuvisk\u0101s dejas zelta fonda, gan jaunas, bet ne maz\u0101k izcilas horeogr\u0101fijas.<\/p><p>\u201eExLielupe\u201d nav tikai deju kolekt\u012bvs \u2013 t\u0101 ir stipra kopiena, kuras pamat\u0101 ir savstarp\u0113js atbalsts, sirsn\u012bba un kop\u0101 b\u016b\u0161anas prieks. Katrs koncerts un m\u0113\u0123in\u0101jums k\u013c\u016bst par iesp\u0113ju ne vien dejot, bet ar\u012b uztur\u0113t mo\u017eu garu, draudz\u012bbu un akt\u012bvu dz\u012bvesveidu.<\/p><p>T\u0101d\u0113j\u0101di \u201eExLielupe\u201d ar savu darb\u012bbu apliecina, ka tautas deja nav tikai jaun\u012bbas privil\u0113\u0123ija \u2013 t\u0101 ir dz\u012bvesveids, kas vieno paaudzes un stiprina latvisko\u00a0identit\u0101ti.<\/p>\t\t\t\t\t\t\t\t<\/div>\n\t\t\t\t<\/div>\n\t\t\t\t\t<\/div>\n\t\t\t\t<\/div>\n\t\t<div class=\"elementor-element elementor-element-61105ee elementor-hidden-desktop elementor-hidden-tablet elementor-hidden-mobile e-flex e-con-boxed e-con e-parent\" data-id=\"61105ee\" data-element_type=\"container\" data-e-type=\"container\" data-settings=\"{&quot;background_background&quot;:&quot;gradient&quot;,&quot;shape_divider_top&quot;:&quot;mountains&quot;}\">\n\t\t\t\t\t<div class=\"e-con-inner\">\n\t\t\t\t<div class=\"elementor-shape elementor-shape-top\" aria-hidden=\"true\" data-negative=\"false\">\n\t\t\t<svg xmlns=\"http:\/\/www.w3.org\/2000\/svg\" viewbox=\"0 0 1000 100\" preserveaspectratio=\"none\">\n\t<path class=\"elementor-shape-fill\" opacity=\"0.33\" d=\"M473,67.3c-203.9,88.3-263.1-34-320.3,0C66,119.1,0,59.7,0,59.7V0h1000v59.7 c0,0-62.1,26.1-94.9,29.3c-32.8,3.3-62.8-12.3-75.8-22.1C806,49.6,745.3,8.7,694.9,4.7S492.4,59,473,67.3z\"\/>\n\t<path class=\"elementor-shape-fill\" opacity=\"0.66\" d=\"M734,67.3c-45.5,0-77.2-23.2-129.1-39.1c-28.6-8.7-150.3-10.1-254,39.1 s-91.7-34.4-149.2,0C115.7,118.3,0,39.8,0,39.8V0h1000v36.5c0,0-28.2-18.5-92.1-18.5C810.2,18.1,775.7,67.3,734,67.3z\"\/>\n\t<path class=\"elementor-shape-fill\" d=\"M766.1,28.9c-200-57.5-266,65.5-395.1,19.5C242,1.8,242,5.4,184.8,20.6C128,35.8,132.3,44.9,89.9,52.5C28.6,63.7,0,0,0,0 h1000c0,0-9.9,40.9-83.6,48.1S829.6,47,766.1,28.9z\"\/>\n<\/svg>\t\t<\/div>\n\t\t\t\t<div class=\"elementor-element elementor-element-5d6c438 elementor-widget elementor-widget-heading\" data-id=\"5d6c438\" data-element_type=\"widget\" data-e-type=\"widget\" data-widget_type=\"heading.default\">\n\t\t\t\t<div class=\"elementor-widget-container\">\n\t\t\t\t\t<h2 class=\"elementor-heading-title elementor-size-default\">Our managers<\/h2>\t\t\t\t<\/div>\n\t\t\t\t<\/div>\n\t\t\t\t<div class=\"elementor-element elementor-element-6e93e75 elementor-widget elementor-widget-heading\" data-id=\"6e93e75\" data-element_type=\"widget\" data-e-type=\"widget\" data-widget_type=\"heading.default\">\n\t\t\t\t<div class=\"elementor-widget-container\">\n\t\t\t\t\t<h2 class=\"elementor-heading-title elementor-size-default\">ZAIGA PIEL\u0112NA-PEL\u0112NA<\/h2>\t\t\t\t<\/div>\n\t\t\t\t<\/div>\n\t\t\t\t\t<\/div>\n\t\t\t\t<\/div>\n\t\t\t\t<\/div>","protected":false},"excerpt":{"rendered":"<p>SENIORU DEJU KOLEKT\u012aVS \u201eEXLIELUPE\u201d VAD\u012aT\u0100JA: ZAIGA PIEL\u0112NA-PEL\u0112NA T\u0100LRUNIS: \u00a026595997 NODARB\u012aBAS: PIRMDIEN\u0100S UN TRE\u0160DIEN\u0100S NO 19:30-22:00 JELGAVAS CENTRA PAMATSKOL\u0100, UZVARAS IELA 10 Senioru deju kolekt\u012bvs \u201eExLielupe\u201d ir spilgts piem\u0113rs tam, k\u0101 dejas m\u012blest\u012bba un kop\u0101 b\u016b\u0161ana turpina vienot cilv\u0113kus ar\u012b dz\u012bves pieredzes bag\u0101t\u0101kajos gados. Kolekt\u012bvs dibin\u0101ts 2013. gad\u0101 ar m\u0113r\u0137i turpin\u0101t dejot, b\u016bt akt\u012bviem un rado\u0161iem, [&hellip;]<\/p>\n","protected":false},"author":2,"featured_media":0,"parent":0,"menu_order":0,"comment_status":"closed","ping_status":"closed","template":"","meta":{"footnotes":""},"class_list":["post-15835","page","type-page","status-publish","hentry"],"_links":{"self":[{"href":"https:\/\/kultura.jelgava.lv\/en\/wp-json\/wp\/v2\/pages\/15835","targetHints":{"allow":["GET"]}}],"collection":[{"href":"https:\/\/kultura.jelgava.lv\/en\/wp-json\/wp\/v2\/pages"}],"about":[{"href":"https:\/\/kultura.jelgava.lv\/en\/wp-json\/wp\/v2\/types\/page"}],"author":[{"embeddable":true,"href":"https:\/\/kultura.jelgava.lv\/en\/wp-json\/wp\/v2\/users\/2"}],"replies":[{"embeddable":true,"href":"https:\/\/kultura.jelgava.lv\/en\/wp-json\/wp\/v2\/comments?post=15835"}],"version-history":[{"count":4,"href":"https:\/\/kultura.jelgava.lv\/en\/wp-json\/wp\/v2\/pages\/15835\/revisions"}],"predecessor-version":[{"id":15842,"href":"https:\/\/kultura.jelgava.lv\/en\/wp-json\/wp\/v2\/pages\/15835\/revisions\/15842"}],"wp:attachment":[{"href":"https:\/\/kultura.jelgava.lv\/en\/wp-json\/wp\/v2\/media?parent=15835"}],"curies":[{"name":"wp","href":"https:\/\/api.w.org\/{rel}","templated":true}]}}