{"id":15817,"date":"2025-09-03T09:59:20","date_gmt":"2025-09-03T06:59:20","guid":{"rendered":"https:\/\/kultura.jelgava.lv\/?page_id=15817"},"modified":"2025-09-03T10:03:33","modified_gmt":"2025-09-03T07:03:33","slug":"tautas-deju-ansamblis-jauniba","status":"publish","type":"page","link":"https:\/\/kultura.jelgava.lv\/en\/tautas-deju-ansamblis-jauniba\/","title":{"rendered":"TAUTAS DEJU ANSAMBLIS &#8220;JAUN\u012aBA&#8221;"},"content":{"rendered":"<div data-elementor-type=\"wp-page\" data-elementor-id=\"15817\" class=\"elementor elementor-15817\" data-elementor-post-type=\"page\">\n\t\t\t\t\t\t<section class=\"elementor-section elementor-top-section elementor-element elementor-element-5a7d32c3 elementor-section-full_width elementor-section-height-min-height elementor-section-height-default elementor-section-items-middle\" data-id=\"5a7d32c3\" data-element_type=\"section\" data-e-type=\"section\" data-settings=\"{&quot;background_background&quot;:&quot;classic&quot;}\">\n\t\t\t\t\t\t\t<div class=\"elementor-background-overlay\"><\/div>\n\t\t\t\t\t\t\t<div class=\"elementor-container elementor-column-gap-no\">\n\t\t\t\t\t<div class=\"elementor-column elementor-col-100 elementor-top-column elementor-element elementor-element-1f2b2c8d\" data-id=\"1f2b2c8d\" data-element_type=\"column\" data-e-type=\"column\">\n\t\t\t<div class=\"elementor-widget-wrap elementor-element-populated\">\n\t\t\t\t\t\t<div class=\"elementor-element elementor-element-651e7460 animated-slow elementor-invisible elementor-widget elementor-widget-heading\" data-id=\"651e7460\" data-element_type=\"widget\" data-e-type=\"widget\" data-settings=\"{&quot;_animation&quot;:&quot;fadeIn&quot;,&quot;_animation_delay&quot;:300}\" data-widget_type=\"heading.default\">\n\t\t\t\t<div class=\"elementor-widget-container\">\n\t\t\t\t\t<h2 class=\"elementor-heading-title elementor-size-default\">Tautas deju ansamblis \"JAUN\u012aBA\"<\/h2>\t\t\t\t<\/div>\n\t\t\t\t<\/div>\n\t\t\t\t\t<\/div>\n\t\t<\/div>\n\t\t\t\t\t<\/div>\n\t\t<\/section>\n\t\t\t\t<section class=\"elementor-section elementor-top-section elementor-element elementor-element-83de8c0 elementor-section-boxed elementor-section-height-default elementor-section-height-default\" data-id=\"83de8c0\" data-element_type=\"section\" data-e-type=\"section\" data-settings=\"{&quot;background_background&quot;:&quot;classic&quot;}\">\n\t\t\t\t\t\t\t<div class=\"elementor-background-overlay\"><\/div>\n\t\t\t\t\t\t\t<div class=\"elementor-container elementor-column-gap-no\">\n\t\t\t\t\t<div class=\"elementor-column elementor-col-100 elementor-top-column elementor-element elementor-element-80a1cd4\" data-id=\"80a1cd4\" data-element_type=\"column\" data-e-type=\"column\">\n\t\t\t<div class=\"elementor-widget-wrap elementor-element-populated\">\n\t\t\t\t\t\t<section class=\"elementor-section elementor-inner-section elementor-element elementor-element-bda2d97 elementor-section-full_width elementor-section-height-default elementor-section-height-default\" data-id=\"bda2d97\" data-element_type=\"section\" data-e-type=\"section\">\n\t\t\t\t\t\t<div class=\"elementor-container elementor-column-gap-no\">\n\t\t\t\t\t<div class=\"elementor-column elementor-col-50 elementor-inner-column elementor-element elementor-element-1aaa2a4\" data-id=\"1aaa2a4\" data-element_type=\"column\" data-e-type=\"column\">\n\t\t\t<div class=\"elementor-widget-wrap elementor-element-populated\">\n\t\t\t\t\t\t<div class=\"elementor-element elementor-element-8771f3c elementor-widget elementor-widget-text-editor\" data-id=\"8771f3c\" data-element_type=\"widget\" data-e-type=\"widget\" data-widget_type=\"text-editor.default\">\n\t\t\t\t<div class=\"elementor-widget-container\">\n\t\t\t\t\t\t\t\t\t<div class=\"joined-leader\"><p><strong><span style=\"color: #a79870;\">MANAGER:<\/span> EL\u012aNA GAVRILOVA<\/strong><\/p><\/div><div class=\"joined-phone\"><p><strong><span style=\"color: #a79870;\">PHONE:<\/span> \u00a028309383<\/strong><\/p><\/div><div class=\"joined-lesson\"><strong><span style=\"color: #a79870;\">LESSONS:<\/span> CETURTDIEN\u0100S NO 19:30-22:30, JELGAVAS CENTRA PAMATSKOL\u0100, UZVARAS IELA 10<\/strong><\/div>\t\t\t\t\t\t\t\t<\/div>\n\t\t\t\t<\/div>\n\t\t\t\t\t<\/div>\n\t\t<\/div>\n\t\t\t\t<div class=\"elementor-column elementor-col-50 elementor-inner-column elementor-element elementor-element-713b871\" data-id=\"713b871\" data-element_type=\"column\" data-e-type=\"column\">\n\t\t\t<div class=\"elementor-widget-wrap elementor-element-populated\">\n\t\t\t\t\t\t\t<\/div>\n\t\t<\/div>\n\t\t\t\t\t<\/div>\n\t\t<\/section>\n\t\t\t\t\t<\/div>\n\t\t<\/div>\n\t\t\t\t\t<\/div>\n\t\t<\/section>\n\t\t<div class=\"elementor-element elementor-element-29af69c e-flex e-con-boxed e-con e-parent\" data-id=\"29af69c\" data-element_type=\"container\" data-e-type=\"container\">\n\t\t\t\t\t<div class=\"e-con-inner\">\n\t\t\t\t<div class=\"elementor-element elementor-element-7762a3a elementor-widget elementor-widget-text-editor\" data-id=\"7762a3a\" data-element_type=\"widget\" data-e-type=\"widget\" data-widget_type=\"text-editor.default\">\n\t\t\t\t<div class=\"elementor-widget-container\">\n\t\t\t\t\t\t\t\t\t<p>Tautas deju ansamblis \u201cJaun\u012bba\u201d ir viens no sen\u0101kajiem Jelgavas deju kolekt\u012bviem \u2013 t\u0101 st\u0101sts s\u0101k\u0101s jau 1945. gad\u0101, kad kolekt\u012bvu dibin\u0101ja Fanija Radzi\u0146a. Kop\u0161 t\u0101 laika \u201cJaun\u012bba\u201d ir bijusi vieta, kur satiekas da\u017e\u0101das paaudzes, lai kop\u012bgi koptu un att\u012bst\u012btu latvie\u0161u tautas deju trad\u012bcijas.<\/p><p>\u00a0<\/p><p>Gadu gait\u0101 ansambli vad\u012bju\u0161i vair\u0101ki izcili horeogr\u0101fi \u2013 Vilis Ozols, Modris Vanags, Ludmila Muskare, Arvils Noviks \u2013, bet \u0161obr\u012bd kolekt\u012bva m\u0101ksliniecisk\u0101 vad\u012bt\u0101ja ir El\u012bna Gavrilova, bet repetitors \u2013 Druvis Anus\u0101ns. Vi\u0146u vad\u012bb\u0101 \u201cJaun\u012bba\u201d turpina augt un att\u012bst\u012bties. Kolekt\u012bvs p\u0101rst\u0101v Jelgavu viet\u0113jos, re\u0123ion\u0101los un valsts m\u0113roga pas\u0101kumos, piedal\u0101s Dziesmu un deju sv\u0113tkos, k\u0101 ar\u012b veido patst\u0101v\u012bgus koncertus un programmas. Kolekt\u012bvs darbojas Jelgavas pils\u0113tas pa\u0161vald\u012bbas iest\u0101des \u201cKult\u016bra\u201d pasp\u0101rn\u0113 un cie\u0161i integr\u0113jas viet\u0113j\u0101 kult\u016bras dz\u012bv\u0113.<\/p><p>\u00a0<\/p><p>TDA \u201cJaun\u012bba\u201d ir A grupas kolekt\u012bvs, bet kop\u0161 2025. gada izveidots TDA \u201cJaun\u012bba\u201d vid\u0113j\u0101s paaudzes kolekt\u012bvs (D grupa), kurus vieno ne tikai interese par deju, bet ar\u012b draudz\u012bba, kop\u012bgi m\u0113r\u0137i un v\u0113lme uztur\u0113t augstu m\u0101ksliniecisko kvalit\u0101ti. \u201cJaun\u012bba\u201d ir vair\u0101k nek\u0101 deju kolekt\u012bvs \u2013 t\u0101 ir \u0123imene, kur vienl\u012bdz svar\u012bgas ir gan skatuves gaitas, gan draudz\u012bba un kop\u0101 b\u016b\u0161ana ar\u012b \u0101rpus m\u0113\u0123in\u0101jumiem.<\/p><p>\u00a0<\/p><p>M\u0113s lepojamies ar savu v\u0113sturi, bet v\u0113l vair\u0101k \u2013 ar to, ka \u201cJaun\u012bba\u201d joproj\u0101m ir dz\u012bvs, akt\u012bvs un atv\u0113rts kolekt\u012bvs, kur\u0161 gaida jaunus dal\u012bbniekus un ar degsmi str\u0101d\u0101 pie katra jauna dejas piedz\u012bvojuma.<\/p>\t\t\t\t\t\t\t\t<\/div>\n\t\t\t\t<\/div>\n\t\t\t\t\t<\/div>\n\t\t\t\t<\/div>\n\t\t<div class=\"elementor-element elementor-element-61105ee elementor-hidden-desktop elementor-hidden-tablet elementor-hidden-mobile e-flex e-con-boxed e-con e-parent\" data-id=\"61105ee\" data-element_type=\"container\" data-e-type=\"container\" data-settings=\"{&quot;background_background&quot;:&quot;gradient&quot;,&quot;shape_divider_top&quot;:&quot;mountains&quot;}\">\n\t\t\t\t\t<div class=\"e-con-inner\">\n\t\t\t\t<div class=\"elementor-shape elementor-shape-top\" aria-hidden=\"true\" data-negative=\"false\">\n\t\t\t<svg xmlns=\"http:\/\/www.w3.org\/2000\/svg\" viewbox=\"0 0 1000 100\" preserveaspectratio=\"none\">\n\t<path class=\"elementor-shape-fill\" opacity=\"0.33\" d=\"M473,67.3c-203.9,88.3-263.1-34-320.3,0C66,119.1,0,59.7,0,59.7V0h1000v59.7 c0,0-62.1,26.1-94.9,29.3c-32.8,3.3-62.8-12.3-75.8-22.1C806,49.6,745.3,8.7,694.9,4.7S492.4,59,473,67.3z\"\/>\n\t<path class=\"elementor-shape-fill\" opacity=\"0.66\" d=\"M734,67.3c-45.5,0-77.2-23.2-129.1-39.1c-28.6-8.7-150.3-10.1-254,39.1 s-91.7-34.4-149.2,0C115.7,118.3,0,39.8,0,39.8V0h1000v36.5c0,0-28.2-18.5-92.1-18.5C810.2,18.1,775.7,67.3,734,67.3z\"\/>\n\t<path class=\"elementor-shape-fill\" d=\"M766.1,28.9c-200-57.5-266,65.5-395.1,19.5C242,1.8,242,5.4,184.8,20.6C128,35.8,132.3,44.9,89.9,52.5C28.6,63.7,0,0,0,0 h1000c0,0-9.9,40.9-83.6,48.1S829.6,47,766.1,28.9z\"\/>\n<\/svg>\t\t<\/div>\n\t\t\t\t<div class=\"elementor-element elementor-element-5d6c438 elementor-widget elementor-widget-heading\" data-id=\"5d6c438\" data-element_type=\"widget\" data-e-type=\"widget\" data-widget_type=\"heading.default\">\n\t\t\t\t<div class=\"elementor-widget-container\">\n\t\t\t\t\t<h2 class=\"elementor-heading-title elementor-size-default\">Our managers<\/h2>\t\t\t\t<\/div>\n\t\t\t\t<\/div>\n\t\t\t\t<div class=\"elementor-element elementor-element-6e93e75 elementor-widget elementor-widget-heading\" data-id=\"6e93e75\" data-element_type=\"widget\" data-e-type=\"widget\" data-widget_type=\"heading.default\">\n\t\t\t\t<div class=\"elementor-widget-container\">\n\t\t\t\t\t<h2 class=\"elementor-heading-title elementor-size-default\">El\u012bna Gavrilova<\/h2>\t\t\t\t<\/div>\n\t\t\t\t<\/div>\n\t\t\t\t\t<\/div>\n\t\t\t\t<\/div>\n\t\t\t\t<\/div>","protected":false},"excerpt":{"rendered":"<p>Tautas deju ansamblis &#8220;JAUN\u012aBA&#8221; VAD\u012aT\u0100JA: EL\u012aNA GAVRILOVA T\u0100LRUNIS: \u00a028309383 NODARB\u012aBAS: CETURTDIEN\u0100S NO 19:30-22:30, JELGAVAS CENTRA PAMATSKOL\u0100, UZVARAS IELA 10 Tautas deju ansamblis \u201cJaun\u012bba\u201d ir viens no sen\u0101kajiem Jelgavas deju kolekt\u012bviem \u2013 t\u0101 st\u0101sts s\u0101k\u0101s jau 1945. gad\u0101, kad kolekt\u012bvu dibin\u0101ja Fanija Radzi\u0146a. Kop\u0161 t\u0101 laika \u201cJaun\u012bba\u201d ir bijusi vieta, kur satiekas da\u017e\u0101das paaudzes, lai kop\u012bgi [&hellip;]<\/p>\n","protected":false},"author":2,"featured_media":0,"parent":0,"menu_order":0,"comment_status":"closed","ping_status":"closed","template":"","meta":{"footnotes":""},"class_list":["post-15817","page","type-page","status-publish","hentry"],"_links":{"self":[{"href":"https:\/\/kultura.jelgava.lv\/en\/wp-json\/wp\/v2\/pages\/15817","targetHints":{"allow":["GET"]}}],"collection":[{"href":"https:\/\/kultura.jelgava.lv\/en\/wp-json\/wp\/v2\/pages"}],"about":[{"href":"https:\/\/kultura.jelgava.lv\/en\/wp-json\/wp\/v2\/types\/page"}],"author":[{"embeddable":true,"href":"https:\/\/kultura.jelgava.lv\/en\/wp-json\/wp\/v2\/users\/2"}],"replies":[{"embeddable":true,"href":"https:\/\/kultura.jelgava.lv\/en\/wp-json\/wp\/v2\/comments?post=15817"}],"version-history":[{"count":7,"href":"https:\/\/kultura.jelgava.lv\/en\/wp-json\/wp\/v2\/pages\/15817\/revisions"}],"predecessor-version":[{"id":15825,"href":"https:\/\/kultura.jelgava.lv\/en\/wp-json\/wp\/v2\/pages\/15817\/revisions\/15825"}],"wp:attachment":[{"href":"https:\/\/kultura.jelgava.lv\/en\/wp-json\/wp\/v2\/media?parent=15817"}],"curies":[{"name":"wp","href":"https:\/\/api.w.org\/{rel}","templated":true}]}}