{"id":1404,"date":"2024-03-02T09:37:15","date_gmt":"2024-03-02T07:37:15","guid":{"rendered":"http:\/\/edgars.tma-hosting.de\/?page_id=1404"},"modified":"2026-01-16T11:05:21","modified_gmt":"2026-01-16T09:05:21","slug":"gada-lielakie-pasakumi","status":"publish","type":"page","link":"https:\/\/kultura.jelgava.lv\/en\/gada-lielakie-pasakumi\/","title":{"rendered":"The biggest events of the year"},"content":{"rendered":"<div data-elementor-type=\"wp-page\" data-elementor-id=\"1404\" class=\"elementor elementor-1404\" data-elementor-post-type=\"page\">\n\t\t\t\t\t\t<section class=\"elementor-section elementor-top-section elementor-element elementor-element-304ae8b8 elementor-section-full_width elementor-section-height-min-height elementor-section-height-default elementor-section-items-middle\" data-id=\"304ae8b8\" data-element_type=\"section\" data-e-type=\"section\" data-settings=\"{&quot;background_background&quot;:&quot;classic&quot;}\">\n\t\t\t\t\t\t\t<div class=\"elementor-background-overlay\"><\/div>\n\t\t\t\t\t\t\t<div class=\"elementor-container elementor-column-gap-no\">\n\t\t\t\t\t<div class=\"elementor-column elementor-col-100 elementor-top-column elementor-element elementor-element-495a4f8a\" data-id=\"495a4f8a\" data-element_type=\"column\" data-e-type=\"column\">\n\t\t\t<div class=\"elementor-widget-wrap elementor-element-populated\">\n\t\t\t\t\t\t<div class=\"elementor-element elementor-element-731ce851 animated-slow elementor-invisible elementor-widget elementor-widget-heading\" data-id=\"731ce851\" data-element_type=\"widget\" data-e-type=\"widget\" data-settings=\"{&quot;_animation&quot;:&quot;fadeIn&quot;,&quot;_animation_delay&quot;:300}\" data-widget_type=\"heading.default\">\n\t\t\t\t<div class=\"elementor-widget-container\">\n\t\t\t\t\t<h2 class=\"elementor-heading-title elementor-size-default\">The biggest events of the year<\/h2>\t\t\t\t<\/div>\n\t\t\t\t<\/div>\n\t\t\t\t\t<\/div>\n\t\t<\/div>\n\t\t\t\t\t<\/div>\n\t\t<\/section>\n\t\t<div class=\"elementor-element elementor-element-80ec39f e-flex e-con-boxed e-con e-parent\" data-id=\"80ec39f\" data-element_type=\"container\" data-e-type=\"container\">\n\t\t\t\t\t<div class=\"e-con-inner\">\n\t\t\t\t<div class=\"elementor-element elementor-element-ea233b5 animated-slow elementor-invisible elementor-widget elementor-widget-heading\" data-id=\"ea233b5\" data-element_type=\"widget\" data-e-type=\"widget\" data-settings=\"{&quot;_animation&quot;:&quot;fadeInUp&quot;}\" data-widget_type=\"heading.default\">\n\t\t\t\t<div class=\"elementor-widget-container\">\n\t\t\t\t\t<h3 class=\"elementor-heading-title elementor-size-default\">NOZ\u012aM\u012aG\u0100KIE PL\u0100NOTIE KULT\u016aRAS NOTIKUMI JELGAVAS PILS\u0112T\u0100 2026. GAD\u0100<\/h3>\t\t\t\t<\/div>\n\t\t\t\t<\/div>\n\t\t\t\t\t<\/div>\n\t\t\t\t<\/div>\n\t\t<div class=\"elementor-element elementor-element-b55b3b8 e-flex e-con-boxed e-con e-parent\" data-id=\"b55b3b8\" data-element_type=\"container\" data-e-type=\"container\">\n\t\t\t\t\t<div class=\"e-con-inner\">\n\t\t\t\t<div class=\"elementor-element elementor-element-ff15df2 elementor-widget elementor-widget-text-editor\" data-id=\"ff15df2\" data-element_type=\"widget\" data-e-type=\"widget\" data-widget_type=\"text-editor.default\">\n\t\t\t\t<div class=\"elementor-widget-container\">\n\t\t\t\t\t\t\t\t\t<table width=\"709\"><tbody><tr><td width=\"111\"><p>\u00a0<\/p><\/td><td width=\"116\"><p>Date<\/p><\/td><td width=\"254\"><p>Pas\u0101kums<\/p><\/td><td width=\"228\"><p>Venue<\/p><\/td><\/tr><tr><td width=\"111\"><p>JANV\u0100RIS<\/p><\/td><td width=\"116\"><p>24.01.<\/p><\/td><td width=\"254\"><p>B\u0113rnu un jaunie\u0161u deju kolekt\u012bva \u201cIevi\u0146a\u201d koncerts<\/p><\/td><td width=\"228\"><p>Jelgava House of Culture<\/p><\/td><\/tr><tr><td rowspan=\"2\" width=\"111\"><p>FEBRU\u0100RIS<\/p><\/td><td width=\"116\"><p>07.02. &#8211; 08.02.<\/p><\/td><td width=\"254\"><p>27. Starptautiskais Ledus skulpt\u016bru festiv\u0101ls<\/p><p>T\u0113ma: Il\u016bzijas sp\u0113ks<\/p><\/td><td width=\"228\"><p>Pasta island<\/p><p>Br\u012bvdabas koncertz\u0101le \u201cM\u012btava\u201d<\/p><p>Slidotava<\/p><\/td><\/tr><tr><td width=\"116\"><p>14.02.<\/p><\/td><td width=\"254\"><p>Tautas deju ansamb\u013cu koncerts \u201cM\u0113s m\u012blam dej\u0101\u201d<\/p><\/td><td width=\"228\"><p>Jelgava House of Culture<\/p><\/td><\/tr><tr><td rowspan=\"4\" width=\"111\"><p>APR\u012aLIS<\/p><\/td><td width=\"116\"><p>05.04.<\/p><\/td><td width=\"254\"><p>Easter walk<\/p><\/td><td width=\"228\"><p>Jelgava city<\/p><\/td><\/tr><tr><td width=\"116\"><p>18.04.<\/p><\/td><td width=\"254\"><p>II Jaunie\u0161u Deju sv\u0113tku deju kolekt\u012bvu koprepertu\u0101rap\u0101rbaudes skate un Jelgavas amatierm\u0101kslas deju kolekt\u012bvu koncerts &#8211; skate<\/p><\/td><td width=\"228\"><p>Jelgava House of Culture<\/p><\/td><\/tr><tr><td width=\"116\"><p>25.04.<\/p><\/td><td width=\"254\"><p>Jelgavas valstspils\u0113tas, Jelgavas un Olaines novada koru skate<\/p><\/td><td width=\"228\"><p>Jelgavas Valsts \u0123imn\u0101zija<\/p><\/td><\/tr><tr><td width=\"116\"><p>25.04.<\/p><\/td><td width=\"254\"><p>Deju studijas \u201cIntriga\u201d koncerts<\/p><\/td><td width=\"228\"><p>Jelgava House of Culture<\/p><\/td><\/tr><tr><td rowspan=\"6\" width=\"111\"><p>MAIJS<\/p><\/td><td width=\"116\"><p>04.05.<\/p><\/td><td width=\"254\"><p>Freedom celebration<\/p><\/td><td width=\"228\"><p>Jelgava city<\/p><\/td><\/tr><tr><td width=\"116\"><p>09.05. &#8211; 10.05.<\/p><\/td><td width=\"254\"><p>Latvijas St\u0101du dienas Jelgav\u0101<\/p><\/td><td width=\"228\"><p>Hercoga J\u0113kaba square<\/p><p>Skv\u0113rs aiz Kult\u016bras nama<\/p><\/td><\/tr><tr><td width=\"116\"><p>16.05.<\/p><\/td><td width=\"254\"><p>B\u0113rnu un jaunie\u0161u deju kolekt\u012bva \u201cV\u0113ja zirdzi\u0146\u0161\u201d 34. jubilejas koncerts<\/p><\/td><td width=\"228\"><p>Jelgava House of Culture<\/p><\/td><\/tr><tr><td width=\"116\"><p>17.05.<\/p><\/td><td width=\"254\"><p>B\u0113rnu vok\u0101l\u0101 ansamb\u013ca \u201cRoti\u0146a\u201d 30. gadu jubilejas koncerts<\/p><\/td><td width=\"228\"><p>Jelgava House of Culture<\/p><\/td><\/tr><tr><td width=\"116\"><p>23.05.<\/p><\/td><td width=\"254\"><p>20. Starptautiskais Smil\u0161u skulpt\u016bru festiv\u0101ls<\/p><p>T\u0113ma: Juras laikmeta st\u0101sti<\/p><\/td><td width=\"228\"><p>Pasta island<\/p><p>Br\u012bvdabas koncertz\u0101le \u201cM\u012btava\u201d<\/p><\/td><\/tr><tr><td width=\"116\"><p>29.05. &#8211; 30.05.<\/p><\/td><td width=\"254\"><p>Jelgavai 761<\/p><\/td><td width=\"228\"><p>Jelgava city<\/p><\/td><\/tr><tr><td rowspan=\"3\" width=\"111\"><p>J\u016aNIJS<\/p><\/td><td width=\"116\"><p>06.06.<\/p><\/td><td width=\"254\"><p>B\u0113rnu un jaunie\u0161u deju kolekt\u012bva \u201cIevi\u0146a\u201d sadraudz\u012bbas koncerts<\/p><\/td><td width=\"228\"><p>Uzvaras parks<\/p><\/td><\/tr><tr><td width=\"116\"><p>07.06.<\/p><\/td><td width=\"254\"><p>B\u0113rnu un jaunie\u0161u deju kolekt\u012bva \u201cIevi\u0146a\u201d sezonas nosl\u0113guma koncerts<\/p><\/td><td width=\"228\"><p>Uzvaras parks<\/p><\/td><\/tr><tr><td width=\"116\"><p>21.06.<\/p><\/td><td width=\"254\"><p>Saulgrie\u017eu sagaid\u012b\u0161ana<\/p><p>\u00a0<\/p><\/td><td width=\"228\"><p>Gubernatora sali\u0146a<\/p><p>\u00a0<\/p><\/td><\/tr><tr><td width=\"111\"><p>AUGUSTS<\/p><\/td><td width=\"116\"><p>29.08.<\/p><\/td><td width=\"254\"><p>26. Visp\u0101r\u0113jie Latvijas Piena, maizes un medus sv\u0113tki<\/p><\/td><td width=\"228\"><p>Hercoga J\u0113kaba square<\/p><p>Skv\u0113rs aiz Kult\u016bras nama<\/p><\/td><\/tr><tr><td rowspan=\"2\" width=\"111\"><p>SEPTEMBRIS<\/p><\/td><td width=\"116\"><p>14.09.<\/p><\/td><td width=\"254\"><p>Latvijas pirm\u0101 prezidenta J. \u010cakstes dzim\u0161anas dienas atceres br\u012bdis<\/p><\/td><td width=\"228\"><p>Prezidentu skv\u0113rs<\/p><\/td><\/tr><tr><td width=\"116\"><p>19.09.<\/p><\/td><td width=\"254\"><p>Autumn harvest and plant fair<\/p><\/td><td width=\"228\"><p>Hercoga J\u0113kaba square<\/p><p>Skv\u0113rs aiz Kult\u016bras nama<\/p><\/td><\/tr><tr><td rowspan=\"3\" width=\"111\"><p>NOVEMBRIS<\/p><\/td><td width=\"116\"><p>11.11.<\/p><\/td><td width=\"254\"><p>L\u0101\u010dpl\u0113\u0161u dienas l\u0101pu g\u0101jiens un piemi\u0146as br\u012bdis<\/p><\/td><td width=\"228\"><p>Jelgavas pils\u0113ta, Stacijas parks pie pieminek\u013ca Jelgavas atbr\u012bvot\u0101jiem<\/p><\/td><\/tr><tr><td width=\"116\"><p>18.11.<\/p><\/td><td width=\"254\"><p>Latvijas Republikas proklam\u0113\u0161anas gadadienai velt\u012btie pas\u0101kumi<\/p><\/td><td width=\"228\"><p>Jelgava city<\/p><\/td><\/tr><tr><td width=\"116\"><p>29.11.<\/p><\/td><td width=\"254\"><p>Lighting of the Great Christmas Tree of the city of Jelgava<\/p><p>Adventes ieska\u0146as tirdzi\u0146\u0161<\/p><\/td><td width=\"228\"><p>Hercoga J\u0113kaba square<\/p><\/td><\/tr><tr><td rowspan=\"4\" width=\"111\"><p>DECEMBRIS<\/p><\/td><td width=\"116\"><p>08.12. &#8211; 11.12.<\/p><\/td><td width=\"254\"><p>Ziemassv\u0113tku izr\u0101des b\u0113rniem<\/p><\/td><td width=\"228\"><p>Jelgava House of Culture<\/p><\/td><\/tr><tr><td width=\"116\"><p>18.12.<\/p><\/td><td width=\"254\"><p>B\u0113rnu un jaunie\u0161u deju kolekt\u012bva \u201cV\u0113ja zirdzi\u0146\u0161\u201d deju uzvedums<\/p><\/td><td width=\"228\"><p>Jelgava House of Culture<\/p><\/td><\/tr><tr><td width=\"116\"><p>20.12.<\/p><\/td><td width=\"254\"><p>Jelgavas Bigbenda adventa koncerts<\/p><\/td><td width=\"228\"><p>Jelgava House of Culture<\/p><\/td><\/tr><tr><td width=\"116\"><p>31.12.<\/p><\/td><td width=\"254\"><p>Jaun\u0101 gada sagaid\u012b\u0161ana<\/p><\/td><td width=\"228\"><p>Jelgava city<\/p><\/td><\/tr><\/tbody><\/table>\t\t\t\t\t\t\t\t<\/div>\n\t\t\t\t<\/div>\n\t\t\t\t\t<\/div>\n\t\t\t\t<\/div>\n\t\t\t\t<\/div>","protected":false},"excerpt":{"rendered":"<p>Gada liel\u0101kie pas\u0101kumi NOZ\u012aM\u012aG\u0100KIE PL\u0100NOTIE KULT\u016aRAS NOTIKUMI JELGAVAS PILS\u0112T\u0100 2026. GAD\u0100 \u00a0 Datums Pas\u0101kums Norises vieta JANV\u0100RIS 24.01. B\u0113rnu un jaunie\u0161u deju kolekt\u012bva \u201cIevi\u0146a\u201d koncerts Jelgavas Kult\u016bras nams FEBRU\u0100RIS 07.02. &#8211; 08.02. 27. Starptautiskais Ledus skulpt\u016bru festiv\u0101ls T\u0113ma: Il\u016bzijas sp\u0113ks Pasta sala Br\u012bvdabas koncertz\u0101le \u201cM\u012btava\u201d Slidotava 14.02. Tautas deju ansamb\u013cu koncerts \u201cM\u0113s m\u012blam dej\u0101\u201d Jelgavas [&hellip;]<\/p>\n","protected":false},"author":1,"featured_media":0,"parent":0,"menu_order":0,"comment_status":"closed","ping_status":"closed","template":"","meta":{"footnotes":""},"class_list":["post-1404","page","type-page","status-publish","hentry"],"_links":{"self":[{"href":"https:\/\/kultura.jelgava.lv\/en\/wp-json\/wp\/v2\/pages\/1404","targetHints":{"allow":["GET"]}}],"collection":[{"href":"https:\/\/kultura.jelgava.lv\/en\/wp-json\/wp\/v2\/pages"}],"about":[{"href":"https:\/\/kultura.jelgava.lv\/en\/wp-json\/wp\/v2\/types\/page"}],"author":[{"embeddable":true,"href":"https:\/\/kultura.jelgava.lv\/en\/wp-json\/wp\/v2\/users\/1"}],"replies":[{"embeddable":true,"href":"https:\/\/kultura.jelgava.lv\/en\/wp-json\/wp\/v2\/comments?post=1404"}],"version-history":[{"count":31,"href":"https:\/\/kultura.jelgava.lv\/en\/wp-json\/wp\/v2\/pages\/1404\/revisions"}],"predecessor-version":[{"id":16958,"href":"https:\/\/kultura.jelgava.lv\/en\/wp-json\/wp\/v2\/pages\/1404\/revisions\/16958"}],"wp:attachment":[{"href":"https:\/\/kultura.jelgava.lv\/en\/wp-json\/wp\/v2\/media?parent=1404"}],"curies":[{"name":"wp","href":"https:\/\/api.w.org\/{rel}","templated":true}]}}