{"id":11486,"date":"2024-05-09T09:42:39","date_gmt":"2024-05-09T06:42:39","guid":{"rendered":"https:\/\/kultura.jelgava.lv\/?page_id=11486"},"modified":"2024-05-09T10:19:59","modified_gmt":"2024-05-09T07:19:59","slug":"logo","status":"publish","type":"page","link":"https:\/\/kultura.jelgava.lv\/en\/logo\/","title":{"rendered":"Logo"},"content":{"rendered":"<div data-elementor-type=\"wp-page\" data-elementor-id=\"11486\" class=\"elementor elementor-11486\" data-elementor-post-type=\"page\">\n\t\t\t\t\t\t<section class=\"elementor-section elementor-top-section elementor-element elementor-element-304ae8b8 elementor-section-full_width elementor-section-height-min-height elementor-section-height-default elementor-section-items-middle\" data-id=\"304ae8b8\" data-element_type=\"section\" data-e-type=\"section\" data-settings=\"{&quot;background_background&quot;:&quot;classic&quot;}\">\n\t\t\t\t\t\t\t<div class=\"elementor-background-overlay\"><\/div>\n\t\t\t\t\t\t\t<div class=\"elementor-container elementor-column-gap-no\">\n\t\t\t\t\t<div class=\"elementor-column elementor-col-100 elementor-top-column elementor-element elementor-element-495a4f8a\" data-id=\"495a4f8a\" data-element_type=\"column\" data-e-type=\"column\">\n\t\t\t<div class=\"elementor-widget-wrap elementor-element-populated\">\n\t\t\t\t\t\t<div class=\"elementor-element elementor-element-731ce851 animated-slow elementor-invisible elementor-widget elementor-widget-heading\" data-id=\"731ce851\" data-element_type=\"widget\" data-e-type=\"widget\" data-settings=\"{&quot;_animation&quot;:&quot;fadeIn&quot;,&quot;_animation_delay&quot;:300}\" data-widget_type=\"heading.default\">\n\t\t\t\t<div class=\"elementor-widget-container\">\n\t\t\t\t\t<h2 class=\"elementor-heading-title elementor-size-default\">LOGO<\/h2>\t\t\t\t<\/div>\n\t\t\t\t<\/div>\n\t\t\t\t\t<\/div>\n\t\t<\/div>\n\t\t\t\t\t<\/div>\n\t\t<\/section>\n\t\t<div class=\"elementor-element elementor-element-80ec39f e-flex e-con-boxed e-con e-parent\" data-id=\"80ec39f\" data-element_type=\"container\" data-e-type=\"container\">\n\t\t\t\t\t<div class=\"e-con-inner\">\n\t\t\t\t<div class=\"elementor-element elementor-element-cce792f elementor-widget__width-initial elementor-widget elementor-widget-image\" data-id=\"cce792f\" data-element_type=\"widget\" data-e-type=\"widget\" data-widget_type=\"image.default\">\n\t\t\t\t<div class=\"elementor-widget-container\">\n\t\t\t\t\t\t\t\t\t\t\t\t\t\t\t<img decoding=\"async\" src=\"https:\/\/kultura.jelgava.lv\/wp-content\/uploads\/2024\/05\/Logo_valstpilseta.jpg\" title=\"Logo_valstpilseta\" alt=\"Logo_valstpilseta\" loading=\"lazy\" \/>\t\t\t\t\t\t\t\t\t\t\t\t\t\t\t<\/div>\n\t\t\t\t<\/div>\n\t\t\t\t<div class=\"elementor-element elementor-element-daf3449 elementor-widget elementor-widget-text-editor\" data-id=\"daf3449\" data-element_type=\"widget\" data-e-type=\"widget\" data-widget_type=\"text-editor.default\">\n\t\t\t\t<div class=\"elementor-widget-container\">\n\t\t\t\t\t\t\t\t\t<h4>LEJUPIEL\u0100D\u0112T<\/h4>\t\t\t\t\t\t\t\t<\/div>\n\t\t\t\t<\/div>\n\t\t\t\t\t<\/div>\n\t\t\t\t<\/div>\n\t\t<div class=\"elementor-element elementor-element-9f529f9 e-flex e-con-boxed e-con e-parent\" data-id=\"9f529f9\" data-element_type=\"container\" data-e-type=\"container\">\n\t\t\t\t\t<div class=\"e-con-inner\">\n\t\t\t\t<div class=\"elementor-element elementor-element-4261576 elementor-widget elementor-widget-text-editor\" data-id=\"4261576\" data-element_type=\"widget\" data-e-type=\"widget\" data-widget_type=\"text-editor.default\">\n\t\t\t\t<div class=\"elementor-widget-container\">\n\t\t\t\t\t\t\t\t\t<h5><a href=\"https:\/\/kultura.jelgava.lv\/wp-content\/uploads\/2024\/05\/Logo_valstpilseta.jpg\"><strong>JVPI &#8220;KULT\u016aRA&#8221; logo JPG<\/strong><\/a><\/h5><h5><a href=\"https:\/\/kultura.jelgava.lv\/wp-content\/uploads\/2024\/05\/Logo_valstpilseta.pdf\"><strong>JVPI &#8220;KULT\u016aRA&#8221; logo PDF<\/strong><\/a><\/h5>\t\t\t\t\t\t\t\t<\/div>\n\t\t\t\t<\/div>\n\t\t\t\t<div class=\"elementor-element elementor-element-2ad3e14 elementor-widget elementor-widget-text-editor\" data-id=\"2ad3e14\" data-element_type=\"widget\" data-e-type=\"widget\" data-widget_type=\"text-editor.default\">\n\t\t\t\t<div class=\"elementor-widget-container\">\n\t\t\t\t\t\t\t\t\t<p><em>Iest\u0101des &#8220;Kult\u016bra&#8221; logo lietojams tikai kop\u0101 ar\u00a0<\/em><strong style=\"font-style: inherit;\"><em><a style=\"font-style: inherit; font-weight: inherit;\" href=\"https:\/\/web.archive.org\/web\/20231227165031\/https:\/www.jelgava.lv\/lv\/pilseta\/pilseta\/Simbolika\/jelgavas-pilsetas-logotips\/\">Jelgavas valstspils\u0113tas logo<\/a><\/em><\/strong><em>. Logo at\u013cauts izmantot to iepriek\u0161 (pirms public\u0113\u0161anas) saska\u0146ojot. Maketus ar logo izvietojumu saska\u0146o\u0161anai s\u016bt\u012bt uz <a href=\"mailto:kultura@kultura.jelgava.lv\">kultura@kultura.jelgava.lv<\/a>.<\/em><\/p>\t\t\t\t\t\t\t\t<\/div>\n\t\t\t\t<\/div>\n\t\t\t\t\t<\/div>\n\t\t\t\t<\/div>\n\t\t\t\t<\/div>","protected":false},"excerpt":{"rendered":"<p>LOGO LEJUPIEL\u0100D\u0112T JVPI &#8220;KULT\u016aRA&#8221; logo JPG JVPI &#8220;KULT\u016aRA&#8221; logo PDF Iest\u0101des &#8220;Kult\u016bra&#8221; logo lietojams tikai kop\u0101 ar\u00a0Jelgavas valstspils\u0113tas logo. Logo at\u013cauts izmantot to iepriek\u0161 (pirms public\u0113\u0161anas) saska\u0146ojot. Maketus ar logo izvietojumu saska\u0146o\u0161anai s\u016bt\u012bt uz kultura@kultura.jelgava.lv.<\/p>","protected":false},"author":2,"featured_media":0,"parent":0,"menu_order":0,"comment_status":"closed","ping_status":"closed","template":"","meta":{"footnotes":""},"class_list":["post-11486","page","type-page","status-publish","hentry"],"_links":{"self":[{"href":"https:\/\/kultura.jelgava.lv\/en\/wp-json\/wp\/v2\/pages\/11486","targetHints":{"allow":["GET"]}}],"collection":[{"href":"https:\/\/kultura.jelgava.lv\/en\/wp-json\/wp\/v2\/pages"}],"about":[{"href":"https:\/\/kultura.jelgava.lv\/en\/wp-json\/wp\/v2\/types\/page"}],"author":[{"embeddable":true,"href":"https:\/\/kultura.jelgava.lv\/en\/wp-json\/wp\/v2\/users\/2"}],"replies":[{"embeddable":true,"href":"https:\/\/kultura.jelgava.lv\/en\/wp-json\/wp\/v2\/comments?post=11486"}],"version-history":[{"count":10,"href":"https:\/\/kultura.jelgava.lv\/en\/wp-json\/wp\/v2\/pages\/11486\/revisions"}],"predecessor-version":[{"id":11500,"href":"https:\/\/kultura.jelgava.lv\/en\/wp-json\/wp\/v2\/pages\/11486\/revisions\/11500"}],"wp:attachment":[{"href":"https:\/\/kultura.jelgava.lv\/en\/wp-json\/wp\/v2\/media?parent=11486"}],"curies":[{"name":"wp","href":"https:\/\/api.w.org\/{rel}","templated":true}]}}