{"id":10115,"date":"2024-04-05T08:21:02","date_gmt":"2024-04-05T05:21:02","guid":{"rendered":"http:\/\/edgars.tma-hosting.de\/?page_id=10115"},"modified":"2026-01-09T09:59:31","modified_gmt":"2026-01-09T07:59:31","slug":"pasakumu-rikotajiem","status":"publish","type":"page","link":"https:\/\/kultura.jelgava.lv\/en\/pasakumu-rikotajiem\/","title":{"rendered":"FOR ORGANIZERS OF EVENTS"},"content":{"rendered":"<div data-elementor-type=\"wp-page\" data-elementor-id=\"10115\" class=\"elementor elementor-10115\" data-elementor-post-type=\"page\">\n\t\t\t\t\t\t<section class=\"elementor-section elementor-top-section elementor-element elementor-element-36cf2b4 elementor-section-full_width elementor-section-height-min-height elementor-section-height-default elementor-section-items-middle\" data-id=\"36cf2b4\" data-element_type=\"section\" data-e-type=\"section\" data-settings=\"{&quot;background_background&quot;:&quot;classic&quot;}\">\n\t\t\t\t\t\t\t<div class=\"elementor-background-overlay\"><\/div>\n\t\t\t\t\t\t\t<div class=\"elementor-container elementor-column-gap-no\">\n\t\t\t\t\t<div class=\"elementor-column elementor-col-100 elementor-top-column elementor-element elementor-element-b79a8aa\" data-id=\"b79a8aa\" data-element_type=\"column\" data-e-type=\"column\">\n\t\t\t<div class=\"elementor-widget-wrap elementor-element-populated\">\n\t\t\t\t\t\t<div class=\"elementor-element elementor-element-c258488 animated-slow elementor-invisible elementor-widget elementor-widget-heading\" data-id=\"c258488\" data-element_type=\"widget\" data-e-type=\"widget\" data-settings=\"{&quot;_animation&quot;:&quot;fadeIn&quot;,&quot;_animation_delay&quot;:300}\" data-widget_type=\"heading.default\">\n\t\t\t\t<div class=\"elementor-widget-container\">\n\t\t\t\t\t<h1 class=\"elementor-heading-title elementor-size-default\">FOR ORGANIZERS OF EVENTS<\/h1>\t\t\t\t<\/div>\n\t\t\t\t<\/div>\n\t\t\t\t\t<\/div>\n\t\t<\/div>\n\t\t\t\t\t<\/div>\n\t\t<\/section>\n\t\t<div class=\"elementor-element elementor-element-9f8d33a e-flex e-con-boxed e-con e-parent\" data-id=\"9f8d33a\" data-element_type=\"container\" data-e-type=\"container\" data-settings=\"{&quot;background_background&quot;:&quot;classic&quot;}\">\n\t\t\t\t\t<div class=\"e-con-inner\">\n\t\t\t\t<div class=\"elementor-element elementor-element-1e2842f elementor-nav-menu--dropdown-none elementor-nav-menu__align-center elementor-widget elementor-widget-nav-menu\" data-id=\"1e2842f\" data-element_type=\"widget\" data-e-type=\"widget\" data-settings=\"{&quot;layout&quot;:&quot;horizontal&quot;,&quot;submenu_icon&quot;:{&quot;value&quot;:&quot;&lt;svg aria-hidden=\\&quot;true\\&quot; class=\\&quot;e-font-icon-svg e-fas-caret-down\\&quot; viewBox=\\&quot;0 0 320 512\\&quot; xmlns=\\&quot;http:\\\/\\\/www.w3.org\\\/2000\\\/svg\\&quot;&gt;&lt;path d=\\&quot;M31.3 192h257.3c17.8 0 26.7 21.5 14.1 34.1L174.1 354.8c-7.8 7.8-20.5 7.8-28.3 0L17.2 226.1C4.6 213.5 13.5 192 31.3 192z\\&quot;&gt;&lt;\\\/path&gt;&lt;\\\/svg&gt;&quot;,&quot;library&quot;:&quot;fa-solid&quot;}}\" data-widget_type=\"nav-menu.default\">\n\t\t\t\t<div class=\"elementor-widget-container\">\n\t\t\t\t\t\t\t\t<nav aria-label=\"Menu\" class=\"elementor-nav-menu--main elementor-nav-menu__container elementor-nav-menu--layout-horizontal e--pointer-background e--animation-fade\">\n\t\t\t\t<ul id=\"menu-1-1e2842f\" class=\"elementor-nav-menu\"><li class=\"menu-item menu-item-type-post_type menu-item-object-page menu-item-9725\"><a href=\"https:\/\/kultura.jelgava.lv\/en\/brivdabas-koncertzale-mitava\/\" class=\"elementor-item\">Open-air concert hall M\u012btava<\/a><\/li>\n<li class=\"menu-item menu-item-type-post_type menu-item-object-page menu-item-10148\"><a href=\"https:\/\/kultura.jelgava.lv\/en\/pasakumu-rikotajiem\/\" class=\"elementor-item\">For event organizers<\/a><\/li>\n<\/ul>\t\t\t<\/nav>\n\t\t\t\t\t\t<nav class=\"elementor-nav-menu--dropdown elementor-nav-menu__container\" aria-hidden=\"true\">\n\t\t\t\t<ul id=\"menu-2-1e2842f\" class=\"elementor-nav-menu\"><li class=\"menu-item menu-item-type-post_type menu-item-object-page menu-item-9725\"><a href=\"https:\/\/kultura.jelgava.lv\/en\/brivdabas-koncertzale-mitava\/\" class=\"elementor-item\" tabindex=\"-1\">Open-air concert hall M\u012btava<\/a><\/li>\n<li class=\"menu-item menu-item-type-post_type menu-item-object-page menu-item-10148\"><a href=\"https:\/\/kultura.jelgava.lv\/en\/pasakumu-rikotajiem\/\" class=\"elementor-item\" tabindex=\"-1\">For event organizers<\/a><\/li>\n<\/ul>\t\t\t<\/nav>\n\t\t\t\t\t\t<\/div>\n\t\t\t\t<\/div>\n\t\t\t\t\t<\/div>\n\t\t\t\t<\/div>\n\t\t<div class=\"elementor-element elementor-element-2fda9e3 e-flex e-con-boxed e-con e-parent\" data-id=\"2fda9e3\" data-element_type=\"container\" data-e-type=\"container\">\n\t\t\t\t\t<div class=\"e-con-inner\">\n\t\t<div class=\"elementor-element elementor-element-9e2b388 e-con-full e-flex e-con e-child\" data-id=\"9e2b388\" data-element_type=\"container\" data-e-type=\"container\">\n\t\t\t\t<div class=\"elementor-element elementor-element-823d066 elementor-widget elementor-widget-heading\" data-id=\"823d066\" data-element_type=\"widget\" data-e-type=\"widget\" data-widget_type=\"heading.default\">\n\t\t\t\t<div class=\"elementor-widget-container\">\n\t\t\t\t\t<h3 class=\"elementor-heading-title elementor-size-default\">WE INVITE FOR COOPERATION<\/h3>\t\t\t\t<\/div>\n\t\t\t\t<\/div>\n\t\t\t\t<div class=\"elementor-element elementor-element-cac237a elementor-widget elementor-widget-text-editor\" data-id=\"cac237a\" data-element_type=\"widget\" data-e-type=\"widget\" data-widget_type=\"text-editor.default\">\n\t\t\t\t<div class=\"elementor-widget-container\">\n\t\t\t\t\t\t\t\t\t<p><strong>Br\u012bvdabas koncertz\u0101le \u201cM\u012btava\u201d 2024. gad\u0101 atz\u012bm\u0113 savu 5. jubileju un aicina uz sadarb\u012bbu producentus, m\u016bzi\u0137us un kult\u016bras nozares profesion\u0101\u013cus, lai kop\u012bgi rad\u012btu sv\u0113tkus Jelgavai, Zemgalei un Latvijai!<\/strong><\/p><ul><li class=\"x_MsoNormal\">A unique venue, between two rivers<\/li><li class=\"x_MsoNormal\">Jumta konstrukcij\u0101s ir izmantotas lielizm\u0113ra liekti l\u012bm\u0113tas koksnes konstrukcijas. T\u0101dos apm\u0113ros tas ir vien\u012bgais \u0161\u0101da veida jumts Baltij\u0101, un \u0161\u0101d\u0101 risin\u0101jum\u0101 un izpild\u012bjum\u0101 \u2013 ar\u012b vien\u012bgais pasaul\u0113<\/li><li class=\"x_MsoNormal\">690 amphitheater-type seats with the possibility of placing 579 additional chairs<\/li><li class=\"x_MsoNormal\">Heated make-up rooms with showers<\/li><li class=\"x_MsoNormal\">Parking lot with 100 spaces<\/li><li class=\"x_MsoNormal\">Rental of additional podiums and stage cloth<\/li><\/ul><p><strong>\u00a0<\/strong><\/p><p><strong>WANT TO HOLD AN EVENT?<\/strong><\/p><ul><li>Familiarize yourself with the services we offer and apply for an event\u00a0<strong><a tabindex=\"-1\" href=\"\/en\/nomniekiem\/\">HERE<\/a><\/strong><\/li><\/ul>\t\t\t\t\t\t\t\t<\/div>\n\t\t\t\t<\/div>\n\t\t\t\t<\/div>\n\t\t<div class=\"elementor-element elementor-element-a21bcdd e-con-full e-flex e-con e-child\" data-id=\"a21bcdd\" data-element_type=\"container\" data-e-type=\"container\">\n\t\t\t\t<div class=\"elementor-element elementor-element-b026a7b elementor-widget elementor-widget-image\" data-id=\"b026a7b\" data-element_type=\"widget\" data-e-type=\"widget\" data-widget_type=\"image.default\">\n\t\t\t\t<div class=\"elementor-widget-container\">\n\t\t\t\t\t\t\t\t\t\t\t\t\t\t\t<img fetchpriority=\"high\" decoding=\"async\" width=\"787\" height=\"511\" src=\"https:\/\/kultura.jelgava.lv\/wp-content\/uploads\/2024\/04\/BKM_sala.jpg\" class=\"attachment-large size-large wp-image-10130\" alt=\"\" srcset=\"https:\/\/kultura.jelgava.lv\/wp-content\/uploads\/2024\/04\/BKM_sala.jpg 787w, https:\/\/kultura.jelgava.lv\/wp-content\/uploads\/2024\/04\/BKM_sala-300x195.jpg 300w, https:\/\/kultura.jelgava.lv\/wp-content\/uploads\/2024\/04\/BKM_sala-768x499.jpg 768w, https:\/\/kultura.jelgava.lv\/wp-content\/uploads\/2024\/04\/BKM_sala-18x12.jpg 18w\" sizes=\"(max-width: 787px) 100vw, 787px\" \/>\t\t\t\t\t\t\t\t\t\t\t\t\t\t\t<\/div>\n\t\t\t\t<\/div>\n\t\t\t\t<\/div>\n\t\t\t\t\t<\/div>\n\t\t\t\t<\/div>\n\t\t<div class=\"elementor-element elementor-element-b217cbd e-flex e-con-boxed e-con e-parent\" data-id=\"b217cbd\" data-element_type=\"container\" data-e-type=\"container\">\n\t\t\t\t\t<div class=\"e-con-inner\">\n\t\t\t\t<div class=\"elementor-element elementor-element-a099ad9 elementor-widget-divider--view-line elementor-widget elementor-widget-divider\" data-id=\"a099ad9\" data-element_type=\"widget\" data-e-type=\"widget\" data-widget_type=\"divider.default\">\n\t\t\t\t<div class=\"elementor-widget-container\">\n\t\t\t\t\t\t\t<div class=\"elementor-divider\">\n\t\t\t<span class=\"elementor-divider-separator\">\n\t\t\t\t\t\t<\/span>\n\t\t<\/div>\n\t\t\t\t\t\t<\/div>\n\t\t\t\t<\/div>\n\t\t\t\t\t<\/div>\n\t\t\t\t<\/div>\n\t\t<div class=\"elementor-element elementor-element-01fe3d8 e-flex e-con-boxed e-con e-parent\" data-id=\"01fe3d8\" data-element_type=\"container\" data-e-type=\"container\">\n\t\t\t\t\t<div class=\"e-con-inner\">\n\t\t\t\t<div class=\"elementor-element elementor-element-b85e968 elementor-widget elementor-widget-text-editor\" data-id=\"b85e968\" data-element_type=\"widget\" data-e-type=\"widget\" data-widget_type=\"text-editor.default\">\n\t\t\t\t<div class=\"elementor-widget-container\">\n\t\t\t\t\t\t\t\t\t<h3 class=\"text-align-right\"><a tabindex=\"-1\" href=\"\/en\/kontakti\/\"><strong>CONTACTS<\/strong><\/a><\/h3><p class=\"text-align-right\"><strong>Laura Bukovska<\/strong><\/p><p class=\"text-align-right\">T\u0101lr. +371 63005421<\/p><p class=\"text-align-right\"><a href=\"mailto:laura.bukovska@kultura.jelgava.lv\">laura.bukovska@kultura.jelgava.lv<\/a><\/p>\t\t\t\t\t\t\t\t<\/div>\n\t\t\t\t<\/div>\n\t\t\t\t\t<\/div>\n\t\t\t\t<\/div>\n\t\t<div class=\"elementor-element elementor-element-531b455 e-flex e-con-boxed e-con e-parent\" data-id=\"531b455\" data-element_type=\"container\" data-e-type=\"container\">\n\t\t\t\t\t<div class=\"e-con-inner\">\n\t\t\t\t<div class=\"elementor-element elementor-element-b4f4377 elementor-widget__width-inherit elementor-widget elementor-widget-text-editor\" data-id=\"b4f4377\" data-element_type=\"widget\" data-e-type=\"widget\" data-widget_type=\"text-editor.default\">\n\t\t\t\t<div class=\"elementor-widget-container\">\n\t\t\t\t\t\t\t\t\t<p class=\"text-align-center\"><strong>MEETING IN THE OUTDOOR CONCERT HALL \"M\u012aTAVA\"<\/strong><\/p><p class=\"text-align-center\">FOLLOW THE NEWS ON FACEBOOK<\/p><p class=\"text-align-center\"><strong><a tabindex=\"-1\" href=\"https:\/\/www.facebook.com\/BrivdabaskoncertzaleMitava\/?modal=admin_todo_tour\">@BR\u012aVDABAS KONCERTZ\u0100LE M\u012aTAVA<\/a><\/strong><\/p>\t\t\t\t\t\t\t\t<\/div>\n\t\t\t\t<\/div>\n\t\t\t\t\t<\/div>\n\t\t\t\t<\/div>\n\t\t<div class=\"elementor-element elementor-element-df06fd7 e-flex e-con-boxed e-con e-parent\" data-id=\"df06fd7\" data-element_type=\"container\" data-e-type=\"container\">\n\t\t\t\t\t<div class=\"e-con-inner\">\n\t\t\t\t<div class=\"elementor-element elementor-element-fad181b elementor-widget-divider--view-line elementor-widget elementor-widget-divider\" data-id=\"fad181b\" data-element_type=\"widget\" data-e-type=\"widget\" data-widget_type=\"divider.default\">\n\t\t\t\t<div class=\"elementor-widget-container\">\n\t\t\t\t\t\t\t<div class=\"elementor-divider\">\n\t\t\t<span class=\"elementor-divider-separator\">\n\t\t\t\t\t\t<\/span>\n\t\t<\/div>\n\t\t\t\t\t\t<\/div>\n\t\t\t\t<\/div>\n\t\t\t\t\t<\/div>\n\t\t\t\t<\/div>\n\t\t<div class=\"elementor-element elementor-element-57932db e-flex e-con-boxed e-con e-parent\" data-id=\"57932db\" data-element_type=\"container\" data-e-type=\"container\">\n\t\t\t\t\t<div class=\"e-con-inner\">\n\t\t\t\t\t<\/div>\n\t\t\t\t<\/div>\n\t\t\t\t<\/div>","protected":false},"excerpt":{"rendered":"<p>PAS\u0100KUMU R\u012aKOT\u0100JIEM AICIN\u0100M UZ SADARB\u012aBU Br\u012bvdabas koncertz\u0101le \u201cM\u012btava\u201d 2024. gad\u0101 atz\u012bm\u0113 savu 5. jubileju un aicina uz sadarb\u012bbu producentus, m\u016bzi\u0137us un kult\u016bras nozares profesion\u0101\u013cus, lai kop\u012bgi rad\u012btu sv\u0113tkus Jelgavai, Zemgalei un Latvijai! Unik\u0101la pas\u0101kumu norises vieta, starp div\u0101m up\u0113m Jumta konstrukcij\u0101s ir izmantotas lielizm\u0113ra liekti l\u012bm\u0113tas koksnes konstrukcijas. T\u0101dos apm\u0113ros tas ir vien\u012bgais \u0161\u0101da veida [&hellip;]<\/p>\n","protected":false},"author":1,"featured_media":11076,"parent":0,"menu_order":0,"comment_status":"closed","ping_status":"closed","template":"","meta":{"footnotes":""},"class_list":["post-10115","page","type-page","status-publish","has-post-thumbnail","hentry"],"_links":{"self":[{"href":"https:\/\/kultura.jelgava.lv\/en\/wp-json\/wp\/v2\/pages\/10115","targetHints":{"allow":["GET"]}}],"collection":[{"href":"https:\/\/kultura.jelgava.lv\/en\/wp-json\/wp\/v2\/pages"}],"about":[{"href":"https:\/\/kultura.jelgava.lv\/en\/wp-json\/wp\/v2\/types\/page"}],"author":[{"embeddable":true,"href":"https:\/\/kultura.jelgava.lv\/en\/wp-json\/wp\/v2\/users\/1"}],"replies":[{"embeddable":true,"href":"https:\/\/kultura.jelgava.lv\/en\/wp-json\/wp\/v2\/comments?post=10115"}],"version-history":[{"count":31,"href":"https:\/\/kultura.jelgava.lv\/en\/wp-json\/wp\/v2\/pages\/10115\/revisions"}],"predecessor-version":[{"id":16811,"href":"https:\/\/kultura.jelgava.lv\/en\/wp-json\/wp\/v2\/pages\/10115\/revisions\/16811"}],"wp:featuredmedia":[{"embeddable":true,"href":"https:\/\/kultura.jelgava.lv\/en\/wp-json\/wp\/v2\/media\/11076"}],"wp:attachment":[{"href":"https:\/\/kultura.jelgava.lv\/en\/wp-json\/wp\/v2\/media?parent=10115"}],"curies":[{"name":"wp","href":"https:\/\/api.w.org\/{rel}","templated":true}]}}