{"id":10076,"date":"2024-04-05T07:56:50","date_gmt":"2024-04-05T04:56:50","guid":{"rendered":"http:\/\/edgars.tma-hosting.de\/?page_id=10076"},"modified":"2026-03-31T16:35:42","modified_gmt":"2026-03-31T13:35:42","slug":"par-iestadi","status":"publish","type":"page","link":"https:\/\/kultura.jelgava.lv\/en\/par-iestadi\/","title":{"rendered":"About the institution"},"content":{"rendered":"<div data-elementor-type=\"wp-page\" data-elementor-id=\"10076\" class=\"elementor elementor-10076\" data-elementor-post-type=\"page\">\n\t\t\t\t\t\t<section class=\"elementor-section elementor-top-section elementor-element elementor-element-ae280c7 elementor-section-full_width elementor-section-height-min-height elementor-section-height-default elementor-section-items-middle\" data-id=\"ae280c7\" data-element_type=\"section\" data-e-type=\"section\" data-settings=\"{&quot;background_background&quot;:&quot;classic&quot;}\">\n\t\t\t\t\t\t\t<div class=\"elementor-background-overlay\"><\/div>\n\t\t\t\t\t\t\t<div class=\"elementor-container elementor-column-gap-no\">\n\t\t\t\t\t<div class=\"elementor-column elementor-col-100 elementor-top-column elementor-element elementor-element-d14bfa0\" data-id=\"d14bfa0\" data-element_type=\"column\" data-e-type=\"column\">\n\t\t\t<div class=\"elementor-widget-wrap elementor-element-populated\">\n\t\t\t\t\t\t<div class=\"elementor-element elementor-element-bc782b8 animated-slow elementor-invisible elementor-widget elementor-widget-heading\" data-id=\"bc782b8\" data-element_type=\"widget\" data-e-type=\"widget\" data-settings=\"{&quot;_animation&quot;:&quot;fadeIn&quot;,&quot;_animation_delay&quot;:300}\" data-widget_type=\"heading.default\">\n\t\t\t\t<div class=\"elementor-widget-container\">\n\t\t\t\t\t<h1 class=\"elementor-heading-title elementor-size-default\">ABOUT THE INSTITUTION<\/h1>\t\t\t\t<\/div>\n\t\t\t\t<\/div>\n\t\t\t\t\t<\/div>\n\t\t<\/div>\n\t\t\t\t\t<\/div>\n\t\t<\/section>\n\t\t<div class=\"elementor-element elementor-element-f1fbb86 e-flex e-con-boxed e-con e-parent\" data-id=\"f1fbb86\" data-element_type=\"container\" data-e-type=\"container\">\n\t\t\t\t\t<div class=\"e-con-inner\">\n\t\t<div class=\"elementor-element elementor-element-bf9e2b0 e-con-full e-flex e-con e-child\" data-id=\"bf9e2b0\" data-element_type=\"container\" data-e-type=\"container\">\n\t\t\t\t<div class=\"elementor-element elementor-element-6f4fc64 elementor-widget elementor-widget-heading\" data-id=\"6f4fc64\" data-element_type=\"widget\" data-e-type=\"widget\" data-widget_type=\"heading.default\">\n\t\t\t\t<div class=\"elementor-widget-container\">\n\t\t\t\t\t<h3 class=\"elementor-heading-title elementor-size-default\">WE<\/h3>\t\t\t\t<\/div>\n\t\t\t\t<\/div>\n\t\t\t\t<div class=\"elementor-element elementor-element-47a4ec6 elementor-widget-divider--view-line elementor-widget elementor-widget-divider\" data-id=\"47a4ec6\" data-element_type=\"widget\" data-e-type=\"widget\" data-widget_type=\"divider.default\">\n\t\t\t\t<div class=\"elementor-widget-container\">\n\t\t\t\t\t\t\t<div class=\"elementor-divider\">\n\t\t\t<span class=\"elementor-divider-separator\">\n\t\t\t\t\t\t<\/span>\n\t\t<\/div>\n\t\t\t\t\t\t<\/div>\n\t\t\t\t<\/div>\n\t\t\t\t<div class=\"elementor-element elementor-element-d76bb00 elementor-widget elementor-widget-text-editor\" data-id=\"d76bb00\" data-element_type=\"widget\" data-e-type=\"widget\" data-widget_type=\"text-editor.default\">\n\t\t\t\t<div class=\"elementor-widget-container\">\n\t\t\t\t\t\t\t\t\t<p class=\"text-align-justify\"><strong>\"Jelgava state city municipal institution \"Kult\u016bra\" is the largest organizer of cultural life in the city of Jelgava, responsible for the city's culture and recreation, providing at least twenty large-scale events per month. We have become the strongest event organizer in the whole of Zemgale.<\/strong><\/p><p class=\"text-align-justify\">The \"Kult\u016bra\" institution was founded in January 2002, reorganizing and combining the Culture Center of the Jelgava City Council, two cultural houses of the city and an open-air stage. By increasing not only qualitative indicators, but also by covering ever larger geographical horizons and attracting visitors of all different generations. We are determined to take care of cultural and recreational life in our city in the future as well, so that every event is like a great and interesting adventure. An exciting event! An adventure to remember! An event to relax in! A celebration to be proud of! The institution \"Kult\u016bra\" is open to new ideas and proposals, because for us it is a labor of love!<\/p>\t\t\t\t\t\t\t\t<\/div>\n\t\t\t\t<\/div>\n\t\t\t\t<\/div>\n\t\t<div class=\"elementor-element elementor-element-5499c1d e-con-full e-flex e-con e-child\" data-id=\"5499c1d\" data-element_type=\"container\" data-e-type=\"container\">\n\t\t\t\t<div class=\"elementor-element elementor-element-8151580 elementor-widget elementor-widget-image\" data-id=\"8151580\" data-element_type=\"widget\" data-e-type=\"widget\" data-widget_type=\"image.default\">\n\t\t\t\t<div class=\"elementor-widget-container\">\n\t\t\t\t\t\t\t\t\t\t\t\t\t\t\t<img fetchpriority=\"high\" decoding=\"async\" width=\"350\" height=\"350\" src=\"https:\/\/kultura.jelgava.lv\/wp-content\/uploads\/2024\/04\/mintauts_buskevics.jpg\" class=\"attachment-large size-large wp-image-10083\" alt=\"\" srcset=\"https:\/\/kultura.jelgava.lv\/wp-content\/uploads\/2024\/04\/mintauts_buskevics.jpg 350w, https:\/\/kultura.jelgava.lv\/wp-content\/uploads\/2024\/04\/mintauts_buskevics-300x300.jpg 300w, https:\/\/kultura.jelgava.lv\/wp-content\/uploads\/2024\/04\/mintauts_buskevics-150x150.jpg 150w, https:\/\/kultura.jelgava.lv\/wp-content\/uploads\/2024\/04\/mintauts_buskevics-12x12.jpg 12w\" sizes=\"(max-width: 350px) 100vw, 350px\" \/>\t\t\t\t\t\t\t\t\t\t\t\t\t\t\t<\/div>\n\t\t\t\t<\/div>\n\t\t\t\t<\/div>\n\t\t\t\t\t<\/div>\n\t\t\t\t<\/div>\n\t\t<div class=\"elementor-element elementor-element-acda327 e-flex e-con-boxed e-con e-parent\" data-id=\"acda327\" data-element_type=\"container\" data-e-type=\"container\">\n\t\t\t\t\t<div class=\"e-con-inner\">\n\t\t\t\t<div class=\"elementor-element elementor-element-c9cea08 elementor-widget elementor-widget-text-editor\" data-id=\"c9cea08\" data-element_type=\"widget\" data-e-type=\"widget\" data-widget_type=\"text-editor.default\">\n\t\t\t\t<div class=\"elementor-widget-container\">\n\t\t\t\t\t\t\t\t\t<p>The most important events organized by JVPI \"Kult\u016bra\" include the International Ice Sculpture Festival, the International Sand Sculpture Festival, the General Latvian Milk, Honey and Bread Festival, Milk Parcel Boat Regatta, Plant Days and Jelgava City Festival. For many years, the Jelgava House of Culture has been cooperating with the largest professional theaters in Latvia, whose guest performances are regularly offered for the evaluation of Jelgava residents. Concerts with well-known musicians in Latvia are also organized.<\/p>\t\t\t\t\t\t\t\t<\/div>\n\t\t\t\t<\/div>\n\t\t\t\t\t<\/div>\n\t\t\t\t<\/div>\n\t\t<div class=\"elementor-element elementor-element-928eb40 e-flex e-con-boxed e-con e-parent\" data-id=\"928eb40\" data-element_type=\"container\" data-e-type=\"container\">\n\t\t\t\t\t<div class=\"e-con-inner\">\n\t\t\t\t<div class=\"elementor-element elementor-element-c6a56fd elementor-widget elementor-widget-shortcode\" data-id=\"c6a56fd\" data-element_type=\"widget\" data-e-type=\"widget\" data-widget_type=\"shortcode.default\">\n\t\t\t\t<div class=\"elementor-widget-container\">\n\t\t\t\t\t\t\t<div class=\"elementor-shortcode\"> <div class=\"brlbs-cmpnt-container brlbs-cmpnt-content-blocker brlbs-cmpnt-with-individual-styles\" data-borlabs-cookie-content-blocker-id=\"youtube-content-blocker\" data-borlabs-cookie-content=\"PGlmcmFtZSB0aXRsZT0iSmVsZ2F2YXMgbGllbMSBa28ga3VsdMWrcmFzIG5vdGlrdW11IGdhZGEgYXRza2F0cyAoMjAyMykgfCBKVlBJICZxdW90O0t1bHTFq3JhJnF1b3Q7IiB3aWR0aD0iODAwIiBoZWlnaHQ9IjQ1MCIgc3JjPSJodHRwczovL3d3dy55b3V0dWJlLmNvbS9lbWJlZC9GQVJ4M2dvMEl0ST9mZWF0dXJlPW9lbWJlZCIgZnJhbWVib3JkZXI9IjAiIGFsbG93PSJhY2NlbGVyb21ldGVyOyBhdXRvcGxheTsgY2xpcGJvYXJkLXdyaXRlOyBlbmNyeXB0ZWQtbWVkaWE7IGd5cm9zY29wZTsgcGljdHVyZS1pbi1waWN0dXJlOyB3ZWItc2hhcmUiIHJlZmVycmVycG9saWN5PSJzdHJpY3Qtb3JpZ2luLXdoZW4tY3Jvc3Mtb3JpZ2luIiBhbGxvd2Z1bGxzY3JlZW4+PC9pZnJhbWU+\"><div class=\"brlbs-cmpnt-cb-preset-c brlbs-cmpnt-cb-youtube\"> <div class=\"brlbs-cmpnt-cb-thumbnail\" style=\"background-image: url('https:\/\/kultura.jelgava.lv\/wp-content\/uploads\/borlabs-cookie\/1\/brlbs-cb-youtube-main.png')\"><\/div> <div class=\"brlbs-cmpnt-cb-main\"> <div class=\"brlbs-cmpnt-cb-play-button\"><\/div> <div class=\"brlbs-cmpnt-cb-content\"> <p class=\"brlbs-cmpnt-cb-description\">You are currently viewing a placeholder content from <strong>Youtube<\/strong>. To access the actual content, click the button below. Please note that doing so will share data with third-party providers.<\/p> <a class=\"brlbs-cmpnt-cb-provider-toggle\" href=\"#\" data-borlabs-cookie-show-provider-information role=\"button\">More Information<\/a> <\/div> <div class=\"brlbs-cmpnt-cb-buttons\"> <a class=\"brlbs-cmpnt-cb-btn\" href=\"#\" data-borlabs-cookie-unblock role=\"button\">Unblock content<\/a> <a class=\"brlbs-cmpnt-cb-btn\" href=\"#\" data-borlabs-cookie-accept-service role=\"button\" style=\"display: inherit\">Accept required service and unblock content<\/a> <\/div> <\/div> <\/div><\/div><\/div>\n\t\t\t\t\t\t<\/div>\n\t\t\t\t<\/div>\n\t\t\t\t\t<\/div>\n\t\t\t\t<\/div>\n\t\t<div class=\"elementor-element elementor-element-e529306 e-flex e-con-boxed e-con e-parent\" data-id=\"e529306\" data-element_type=\"container\" data-e-type=\"container\">\n\t\t\t\t\t<div class=\"e-con-inner\">\n\t\t\t\t<div class=\"elementor-element elementor-element-ecdb57c elementor-widget elementor-widget-heading\" data-id=\"ecdb57c\" data-element_type=\"widget\" data-e-type=\"widget\" data-widget_type=\"heading.default\">\n\t\t\t\t<div class=\"elementor-widget-container\">\n\t\t\t\t\t<h3 class=\"elementor-heading-title elementor-size-default\">VISION AND MAIN TASKS <\/h3>\t\t\t\t<\/div>\n\t\t\t\t<\/div>\n\t\t\t\t<div class=\"elementor-element elementor-element-0d557cd elementor-widget-divider--view-line elementor-widget elementor-widget-divider\" data-id=\"0d557cd\" data-element_type=\"widget\" data-e-type=\"widget\" data-widget_type=\"divider.default\">\n\t\t\t\t<div class=\"elementor-widget-container\">\n\t\t\t\t\t\t\t<div class=\"elementor-divider\">\n\t\t\t<span class=\"elementor-divider-separator\">\n\t\t\t\t\t\t<\/span>\n\t\t<\/div>\n\t\t\t\t\t\t<\/div>\n\t\t\t\t<\/div>\n\t\t\t\t\t<\/div>\n\t\t\t\t<\/div>\n\t\t<div class=\"elementor-element elementor-element-a6966fb e-flex e-con-boxed e-con e-parent\" data-id=\"a6966fb\" data-element_type=\"container\" data-e-type=\"container\">\n\t\t\t\t\t<div class=\"e-con-inner\">\n\t\t\t\t<div class=\"elementor-element elementor-element-2a89616 elementor-blockquote--skin-quotation elementor-widget elementor-widget-blockquote\" data-id=\"2a89616\" data-element_type=\"widget\" data-e-type=\"widget\" data-widget_type=\"blockquote.default\">\n\t\t\t\t<div class=\"elementor-widget-container\">\n\t\t\t\t\t\t\t<blockquote class=\"elementor-blockquote\">\n\t\t\t<p class=\"elementor-blockquote__content\">\n\t\t\t\tJelgava - a city where everyone has access to a wide variety of cultural events, where residents of Jelgava and guests of the city are offered a wide and high-quality range of municipal cultural events and events.\t\t\t<\/p>\n\t\t\t\t\t<\/blockquote>\n\t\t\t\t\t\t<\/div>\n\t\t\t\t<\/div>\n\t\t\t\t\t<\/div>\n\t\t\t\t<\/div>\n\t\t<div class=\"elementor-element elementor-element-8a54acf e-flex e-con-boxed e-con e-parent\" data-id=\"8a54acf\" data-element_type=\"container\" data-e-type=\"container\">\n\t\t\t\t\t<div class=\"e-con-inner\">\n\t\t\t\t<div class=\"elementor-element elementor-element-fb499d1 elementor-widget elementor-widget-text-editor\" data-id=\"fb499d1\" data-element_type=\"widget\" data-e-type=\"widget\" data-widget_type=\"text-editor.default\">\n\t\t\t\t<div class=\"elementor-widget-container\">\n\t\t\t\t\t\t\t\t\t<p class=\"text-align-justify\"><strong>Therefore, our responsibilities include:<\/strong><\/p><ul><li>Planning, organizing and coordinating cultural life in the city of Jelgava;<\/li><li>development and implementation of Jelgava city's cultural policy;<\/li><li>Identifying, preserving and promoting the development of intangible cultural heritage;<\/li><li>Organize entertainment, cultural and art projects of local, national and international importance;<\/li><li>To coordinate the organizational work and the support provided by the municipality to artistic collectives and two professional collectives - \"Jelgava bigbends\" and \"Jelgavas Kameror\u0137estris\";<\/li><li>Maintenance and preservation of cultural infrastructure;<\/li><li>To carry out other tasks assigned to the Institution by the decisions of the Jelgava City Council<\/li><\/ul>\t\t\t\t\t\t\t\t<\/div>\n\t\t\t\t<\/div>\n\t\t\t\t<div class=\"elementor-element elementor-element-61e47e3 elementor-widget elementor-widget-heading\" data-id=\"61e47e3\" data-element_type=\"widget\" data-e-type=\"widget\" data-widget_type=\"heading.default\">\n\t\t\t\t<div class=\"elementor-widget-container\">\n\t\t\t\t\t<h3 class=\"elementor-heading-title elementor-size-default\"><a href=\"https:\/\/kultura.jelgava.lv\/wp-content\/uploads\/2024\/07\/JVPI_KULTURA_struktura.pdf\" target=\"_blank\">STRUCTURE OF THE AUTHORITY<\/a><\/h3>\t\t\t\t<\/div>\n\t\t\t\t<\/div>\n\t\t\t\t<div class=\"elementor-element elementor-element-a980bdc elementor-widget elementor-widget-text-editor\" data-id=\"a980bdc\" data-element_type=\"widget\" data-e-type=\"widget\" data-widget_type=\"text-editor.default\">\n\t\t\t\t<div class=\"elementor-widget-container\">\n\t\t\t\t\t\t\t\t\t<p><a href=\"https:\/\/kultura.jelgava.lv\/wp-content\/uploads\/2026\/03\/Copy-of-Kultura_Algas_03.pdf\"><strong>Inform\u0101cija par amatperso<\/strong><strong>nu m\u0113ne\u0161algas apm\u0113ru<\/strong><\/a><\/p>\t\t\t\t\t\t\t\t<\/div>\n\t\t\t\t<\/div>\n\t\t\t\t\t<\/div>\n\t\t\t\t<\/div>\n\t\t<div class=\"elementor-element elementor-element-ee7230b e-flex e-con-boxed e-con e-parent\" data-id=\"ee7230b\" data-element_type=\"container\" data-e-type=\"container\">\n\t\t\t\t\t<div class=\"e-con-inner\">\n\t\t\t\t<div class=\"elementor-element elementor-element-e21ae35 elementor-widget elementor-widget-heading\" data-id=\"e21ae35\" data-element_type=\"widget\" data-e-type=\"widget\" data-widget_type=\"heading.default\">\n\t\t\t\t<div class=\"elementor-widget-container\">\n\t\t\t\t\t<h3 class=\"elementor-heading-title elementor-size-default\">HISTORY<\/h3>\t\t\t\t<\/div>\n\t\t\t\t<\/div>\n\t\t\t\t<div class=\"elementor-element elementor-element-8f00162 elementor-widget-divider--view-line elementor-widget elementor-widget-divider\" data-id=\"8f00162\" data-element_type=\"widget\" data-e-type=\"widget\" data-widget_type=\"divider.default\">\n\t\t\t\t<div class=\"elementor-widget-container\">\n\t\t\t\t\t\t\t<div class=\"elementor-divider\">\n\t\t\t<span class=\"elementor-divider-separator\">\n\t\t\t\t\t\t<\/span>\n\t\t<\/div>\n\t\t\t\t\t\t<\/div>\n\t\t\t\t<\/div>\n\t\t\t\t\t<\/div>\n\t\t\t\t<\/div>\n\t\t<div class=\"elementor-element elementor-element-ba0c0be e-flex e-con-boxed e-con e-parent\" data-id=\"ba0c0be\" data-element_type=\"container\" data-e-type=\"container\">\n\t\t\t\t\t<div class=\"e-con-inner\">\n\t\t<div class=\"elementor-element elementor-element-17e87d6 e-con-full e-flex e-con e-child\" data-id=\"17e87d6\" data-element_type=\"container\" data-e-type=\"container\">\n\t\t\t\t<div class=\"elementor-element elementor-element-8b853f6 elementor-widget elementor-widget-text-editor\" data-id=\"8b853f6\" data-element_type=\"widget\" data-e-type=\"widget\" data-widget_type=\"text-editor.default\">\n\t\t\t\t<div class=\"elementor-widget-container\">\n\t\t\t\t\t\t\t\t\t<p class=\"text-align-justify\">The former and first House of Culture was located on Filozofu street, later it changed its location closer to the city center - in the sports house Daugava, until in 1963 the Jelgava House of Culture opened its doors to visitors for the first time.<\/p><p class=\"text-align-justify\">Until the opening of the Culture House, Jelgava Latvian Society was responsible for the cultural field. During these years, the Jelgava House of Culture has \"grown\" both in terms of visitors and also in its visual image, because from 2003 the interior and the facade of the building were renovated. JPPI \"Kult\u016bra\" was established in 2002 by combining the cultural center of the Jelgava city council, the Jelgava Culture House and the \"Rota\" cultural house.<\/p><p class=\"text-align-justify\">The Jelgava House of Culture has four halls - the Large Audience Hall with 670 seats, the Dance Hall, the Small Hall and the Conference Hall, where events of various scales are held. Rehearsals are also held in the cultural house, and various exhibitions are regularly held in the lobbies. Today, 31 amateur art groups and 2 professional collectives have found a home here.<\/p>\t\t\t\t\t\t\t\t<\/div>\n\t\t\t\t<\/div>\n\t\t\t\t<\/div>\n\t\t<div class=\"elementor-element elementor-element-ebd1e29 e-con-full e-flex e-con e-child\" data-id=\"ebd1e29\" data-element_type=\"container\" data-e-type=\"container\">\n\t\t\t\t<div class=\"elementor-element elementor-element-57e9fa6 elementor-widget elementor-widget-image\" data-id=\"57e9fa6\" data-element_type=\"widget\" data-e-type=\"widget\" data-widget_type=\"image.default\">\n\t\t\t\t<div class=\"elementor-widget-container\">\n\t\t\t\t\t\t\t\t\t\t\t\t\t\t\t<img decoding=\"async\" width=\"482\" height=\"320\" src=\"https:\/\/kultura.jelgava.lv\/wp-content\/uploads\/2024\/04\/VecaisKn2.jpg\" class=\"attachment-large size-large wp-image-10096\" alt=\"\" srcset=\"https:\/\/kultura.jelgava.lv\/wp-content\/uploads\/2024\/04\/VecaisKn2.jpg 482w, https:\/\/kultura.jelgava.lv\/wp-content\/uploads\/2024\/04\/VecaisKn2-300x199.jpg 300w, https:\/\/kultura.jelgava.lv\/wp-content\/uploads\/2024\/04\/VecaisKn2-18x12.jpg 18w\" sizes=\"(max-width: 482px) 100vw, 482px\" \/>\t\t\t\t\t\t\t\t\t\t\t\t\t\t\t<\/div>\n\t\t\t\t<\/div>\n\t\t\t\t<\/div>\n\t\t\t\t\t<\/div>\n\t\t\t\t<\/div>\n\t\t<div class=\"elementor-element elementor-element-331e004 e-flex e-con-boxed e-con e-parent\" data-id=\"331e004\" data-element_type=\"container\" data-e-type=\"container\">\n\t\t\t\t\t<div class=\"e-con-inner\">\n\t\t\t\t\t<\/div>\n\t\t\t\t<\/div>\n\t\t\t\t<\/div>","protected":false},"excerpt":{"rendered":"<p>PAR IEST\u0100DI M\u0112S \u201cJelgavas valstspils\u0113tas pa\u0161vald\u012bbas iest\u0101de \u201cKult\u016bra\u201d ir liel\u0101kais kult\u016bras dz\u012bves organizators Jelgavas pils\u0113t\u0101, kas atbild\u012bga par pils\u0113tas kult\u016bru un atp\u016btu, nodro\u0161inot vismaz divdesmit pla\u0161a m\u0113roga pas\u0101kumus m\u0113nes\u012b. M\u0113s esam k\u013cuvu\u0161i par stipr\u0101ko pas\u0101kumu organizatoru vis\u0101 Zemgal\u0113. Iest\u0101de &#8220;Kult\u016bra&#8221; ir dibin\u0101ta 2002. gada janv\u0101r\u012b, reorganiz\u0113jot un apvienojot Jelgavas domes Kult\u016bras centru, divus pils\u0113tas kult\u016bras [&hellip;]<\/p>\n","protected":false},"author":1,"featured_media":0,"parent":0,"menu_order":0,"comment_status":"closed","ping_status":"closed","template":"","meta":{"footnotes":""},"class_list":["post-10076","page","type-page","status-publish","hentry"],"_links":{"self":[{"href":"https:\/\/kultura.jelgava.lv\/en\/wp-json\/wp\/v2\/pages\/10076","targetHints":{"allow":["GET"]}}],"collection":[{"href":"https:\/\/kultura.jelgava.lv\/en\/wp-json\/wp\/v2\/pages"}],"about":[{"href":"https:\/\/kultura.jelgava.lv\/en\/wp-json\/wp\/v2\/types\/page"}],"author":[{"embeddable":true,"href":"https:\/\/kultura.jelgava.lv\/en\/wp-json\/wp\/v2\/users\/1"}],"replies":[{"embeddable":true,"href":"https:\/\/kultura.jelgava.lv\/en\/wp-json\/wp\/v2\/comments?post=10076"}],"version-history":[{"count":100,"href":"https:\/\/kultura.jelgava.lv\/en\/wp-json\/wp\/v2\/pages\/10076\/revisions"}],"predecessor-version":[{"id":18047,"href":"https:\/\/kultura.jelgava.lv\/en\/wp-json\/wp\/v2\/pages\/10076\/revisions\/18047"}],"wp:attachment":[{"href":"https:\/\/kultura.jelgava.lv\/en\/wp-json\/wp\/v2\/media?parent=10076"}],"curies":[{"name":"wp","href":"https:\/\/api.w.org\/{rel}","templated":true}]}}